{"id":70,"date":"2022-01-29T18:06:01","date_gmt":"2022-01-29T21:06:01","guid":{"rendered":"https:\/\/www2.faac.unesp.br\/oedh-nedh\/?page_id=70"},"modified":"2025-10-27T12:02:34","modified_gmt":"2025-10-27T15:02:34","slug":"eventos","status":"publish","type":"page","link":"https:\/\/www2.faac.unesp.br\/oedh-nedh\/?page_id=70","title":{"rendered":"Cursos"},"content":{"rendered":"\t\t<div data-elementor-type=\"wp-page\" data-elementor-id=\"70\" class=\"elementor elementor-70\">\n\t\t\t\t\t\t<section class=\"elementor-section elementor-top-section elementor-element elementor-element-a7a78ce elementor-section-boxed elementor-section-height-default elementor-section-height-default\" data-id=\"a7a78ce\" data-element_type=\"section\">\n\t\t\t\t\t\t<div class=\"elementor-container elementor-column-gap-default\">\n\t\t\t\t\t<div class=\"elementor-column elementor-col-100 elementor-top-column elementor-element elementor-element-6c1fc4e\" data-id=\"6c1fc4e\" data-element_type=\"column\">\n\t\t\t<div class=\"elementor-widget-wrap elementor-element-populated\">\n\t\t\t\t\t\t<div class=\"elementor-element elementor-element-c5cf698 elementor-invisible elementor-widget elementor-widget-heading\" data-id=\"c5cf698\" data-element_type=\"widget\" data-settings=\"{&quot;_animation&quot;:&quot;fadeInDown&quot;,&quot;_animation_mobile&quot;:&quot;fadeInDown&quot;}\" data-widget_type=\"heading.default\">\n\t\t\t\t<div class=\"elementor-widget-container\">\n\t\t\t<style>\/*! elementor - v3.21.0 - 26-05-2024 *\/\n.elementor-heading-title{padding:0;margin:0;line-height:1}.elementor-widget-heading .elementor-heading-title[class*=elementor-size-]>a{color:inherit;font-size:inherit;line-height:inherit}.elementor-widget-heading .elementor-heading-title.elementor-size-small{font-size:15px}.elementor-widget-heading .elementor-heading-title.elementor-size-medium{font-size:19px}.elementor-widget-heading .elementor-heading-title.elementor-size-large{font-size:29px}.elementor-widget-heading .elementor-heading-title.elementor-size-xl{font-size:39px}.elementor-widget-heading .elementor-heading-title.elementor-size-xxl{font-size:59px}<\/style><h2 class=\"elementor-heading-title elementor-size-medium\">Cursos <\/h2>\t\t<\/div>\n\t\t\t\t<\/div>\n\t\t\t\t\t<\/div>\n\t\t<\/div>\n\t\t\t\t\t<\/div>\n\t\t<\/section>\n\t\t\t\t<section class=\"elementor-section elementor-top-section elementor-element elementor-element-bae4ff1 elementor-section-height-min-height elementor-section-stretched elementor-section-boxed elementor-section-height-default elementor-section-items-middle\" data-id=\"bae4ff1\" data-element_type=\"section\" data-settings=\"{&quot;stretch_section&quot;:&quot;section-stretched&quot;}\">\n\t\t\t\t\t\t<div class=\"elementor-container elementor-column-gap-default\">\n\t\t\t\t\t<div class=\"elementor-column elementor-col-100 elementor-top-column elementor-element elementor-element-d01f945\" data-id=\"d01f945\" data-element_type=\"column\">\n\t\t\t<div class=\"elementor-widget-wrap elementor-element-populated\">\n\t\t\t\t\t\t<div class=\"elementor-element elementor-element-e442df2 elementor-widget__width-initial elementor-widget elementor-widget-text-editor\" data-id=\"e442df2\" data-element_type=\"widget\" data-widget_type=\"text-editor.default\">\n\t\t\t\t<div class=\"elementor-widget-container\">\n\t\t\t<style>\/*! elementor - v3.21.0 - 26-05-2024 *\/\n.elementor-widget-text-editor.elementor-drop-cap-view-stacked .elementor-drop-cap{background-color:#69727d;color:#fff}.elementor-widget-text-editor.elementor-drop-cap-view-framed .elementor-drop-cap{color:#69727d;border:3px solid;background-color:transparent}.elementor-widget-text-editor:not(.elementor-drop-cap-view-default) .elementor-drop-cap{margin-top:8px}.elementor-widget-text-editor:not(.elementor-drop-cap-view-default) .elementor-drop-cap-letter{width:1em;height:1em}.elementor-widget-text-editor .elementor-drop-cap{float:left;text-align:center;line-height:1;font-size:50px}.elementor-widget-text-editor .elementor-drop-cap-letter{display:inline-block}<\/style>\t\t\t\t<p>Educa\u00e7\u00e3o em Direitos Humanos: primeiras li\u00e7\u00f5es (com certificado) <a href=\"https:\/\/gestaocursos.bauru.sp.gov.br\/SAML\/Login.aspx\"><span style=\"color: #ff0000;\">&gt;&gt;<\/span><\/a><br \/>Educa\u00e7\u00e3o em Direitos Humanos: primeiras li\u00e7\u00f5es (apenas conte\u00fado) <a href=\"https:\/\/www2.faac.unesp.br\/oedh-nedh\/?page_id=638\"><span style=\"color: #ff0000;\">&gt;&gt;<\/span><\/a><\/p><p>Curso de Introdu\u00e7\u00e3o aos Direitos Humanos ( 9 v\u00eddeo-aulas ) <a href=\"https:\/\/www.youtube.com\/watch?v=nJfxqr7PxkI&amp;list=PLlhOOEv3S0pUL9EEw4P3mBP2m4v7nb0iF&amp;index=5\"><span style=\"color: #ff0000;\">&gt;&gt;<\/span><\/a><\/p>\t\t\t\t\t\t<\/div>\n\t\t\t\t<\/div>\n\t\t\t\t<div class=\"elementor-element elementor-element-918c2d7 elementor-widget__width-initial elementor-widget elementor-widget-text-editor\" data-id=\"918c2d7\" data-element_type=\"widget\" data-widget_type=\"text-editor.default\">\n\t\t\t\t<div class=\"elementor-widget-container\">\n\t\t\t\t\t\t\t<p>Curso de Introdu\u00e7\u00e3o aos Direitos Humanos ( e-book ) <a href=\"https:\/\/www2.unesp.br\/portal#!\/observatorio_ses\/publicacoes\/e-book\/\"><span style=\"color: #ff0000;\">&gt;&gt;<\/span><\/a><\/p>\t\t\t\t\t\t<\/div>\n\t\t\t\t<\/div>\n\t\t\t\t<div class=\"elementor-element elementor-element-b03c178 elementor-widget__width-initial elementor-widget elementor-widget-text-editor\" data-id=\"b03c178\" data-element_type=\"widget\" data-widget_type=\"text-editor.default\">\n\t\t\t\t<div class=\"elementor-widget-container\">\n\t\t\t\t\t\t\t<p>Educa\u00e7\u00e3o em Direitos Humanos e democracia na escola <a href=\"https:\/\/drive.google.com\/file\/d\/1_WSqvhaS4MgTLpnbyeOdROlPAQJIyELU\/view?usp=sharing\"><span style=\"color: #ff0000;\">&gt;&gt;<\/span><\/a><\/p>\t\t\t\t\t\t<\/div>\n\t\t\t\t<\/div>\n\t\t\t\t\t<\/div>\n\t\t<\/div>\n\t\t\t\t\t<\/div>\n\t\t<\/section>\n\t\t\t\t<\/div>\n\t\t","protected":false},"excerpt":{"rendered":"<p>Cursos Educa\u00e7\u00e3o em Direitos Humanos: primeiras li\u00e7\u00f5es (com certificado) &gt;&gt;Educa\u00e7\u00e3o em Direitos Humanos: primeiras li\u00e7\u00f5es (apenas conte\u00fado) &gt;&gt; Curso de Introdu\u00e7\u00e3o aos Direitos Humanos ( 9 v\u00eddeo-aulas ) &gt;&gt; Curso de Introdu\u00e7\u00e3o aos Direitos Humanos ( e-book ) &gt;&gt; Educa\u00e7\u00e3o &hellip; <a href=\"https:\/\/www2.faac.unesp.br\/oedh-nedh\/?page_id=70\">Continue lendo <span class=\"meta-nav\">&rarr;<\/span><\/a><\/p>\n","protected":false},"author":2,"featured_media":0,"parent":0,"menu_order":0,"comment_status":"closed","ping_status":"closed","template":"","meta":{"footnotes":""},"_links":{"self":[{"href":"https:\/\/www2.faac.unesp.br\/oedh-nedh\/index.php?rest_route=\/wp\/v2\/pages\/70"}],"collection":[{"href":"https:\/\/www2.faac.unesp.br\/oedh-nedh\/index.php?rest_route=\/wp\/v2\/pages"}],"about":[{"href":"https:\/\/www2.faac.unesp.br\/oedh-nedh\/index.php?rest_route=\/wp\/v2\/types\/page"}],"author":[{"embeddable":true,"href":"https:\/\/www2.faac.unesp.br\/oedh-nedh\/index.php?rest_route=\/wp\/v2\/users\/2"}],"replies":[{"embeddable":true,"href":"https:\/\/www2.faac.unesp.br\/oedh-nedh\/index.php?rest_route=%2Fwp%2Fv2%2Fcomments&post=70"}],"version-history":[{"count":113,"href":"https:\/\/www2.faac.unesp.br\/oedh-nedh\/index.php?rest_route=\/wp\/v2\/pages\/70\/revisions"}],"predecessor-version":[{"id":3047,"href":"https:\/\/www2.faac.unesp.br\/oedh-nedh\/index.php?rest_route=\/wp\/v2\/pages\/70\/revisions\/3047"}],"wp:attachment":[{"href":"https:\/\/www2.faac.unesp.br\/oedh-nedh\/index.php?rest_route=%2Fwp%2Fv2%2Fmedia&parent=70"}],"curies":[{"name":"wp","href":"https:\/\/api.w.org\/{rel}","templated":true}]}}