{"id":689,"date":"2022-08-28T19:40:12","date_gmt":"2022-08-28T22:40:12","guid":{"rendered":"https:\/\/www2.faac.unesp.br\/oedh-nedh\/?page_id=689"},"modified":"2025-10-28T19:03:32","modified_gmt":"2025-10-28T22:03:32","slug":"licao-5-fundamental-ii-e-ensino-medio","status":"publish","type":"page","link":"https:\/\/www2.faac.unesp.br\/oedh-nedh\/?page_id=689","title":{"rendered":"EDH primeiras li\u00e7\u00f5es &#8211; Refer\u00eancias e links de EDH"},"content":{"rendered":"\t\t<div data-elementor-type=\"wp-page\" data-elementor-id=\"689\" class=\"elementor elementor-689\">\n\t\t\t\t\t\t<section class=\"elementor-section elementor-top-section elementor-element elementor-element-aa8bc44 elementor-section-stretched elementor-section-boxed elementor-section-height-default elementor-section-height-default\" data-id=\"aa8bc44\" data-element_type=\"section\" data-settings=\"{&quot;stretch_section&quot;:&quot;section-stretched&quot;}\">\n\t\t\t\t\t\t<div class=\"elementor-container elementor-column-gap-default\">\n\t\t\t\t\t<div class=\"elementor-column elementor-col-100 elementor-top-column elementor-element elementor-element-fa48283\" data-id=\"fa48283\" data-element_type=\"column\">\n\t\t\t<div class=\"elementor-widget-wrap elementor-element-populated\">\n\t\t\t\t\t\t<div class=\"elementor-element elementor-element-82af0b4 elementor-widget elementor-widget-text-editor\" data-id=\"82af0b4\" data-element_type=\"widget\" data-widget_type=\"text-editor.default\">\n\t\t\t\t<div class=\"elementor-widget-container\">\n\t\t\t<style>\/*! elementor - v3.21.0 - 26-05-2024 *\/\n.elementor-widget-text-editor.elementor-drop-cap-view-stacked .elementor-drop-cap{background-color:#69727d;color:#fff}.elementor-widget-text-editor.elementor-drop-cap-view-framed .elementor-drop-cap{color:#69727d;border:3px solid;background-color:transparent}.elementor-widget-text-editor:not(.elementor-drop-cap-view-default) .elementor-drop-cap{margin-top:8px}.elementor-widget-text-editor:not(.elementor-drop-cap-view-default) .elementor-drop-cap-letter{width:1em;height:1em}.elementor-widget-text-editor .elementor-drop-cap{float:left;text-align:center;line-height:1;font-size:50px}.elementor-widget-text-editor .elementor-drop-cap-letter{display:inline-block}<\/style>\t\t\t\t<p style=\"text-align: center;\"><span style=\"color: #657ae4;\"><strong>EDUCA\u00c7\u00c3O EM DIREITOS HUMANOS: primeiras li\u00e7\u00f5es<\/strong><\/span><\/p>\t\t\t\t\t\t<\/div>\n\t\t\t\t<\/div>\n\t\t\t\t<div class=\"elementor-element elementor-element-e4deb88 elementor-invisible elementor-widget elementor-widget-heading\" data-id=\"e4deb88\" data-element_type=\"widget\" data-settings=\"{&quot;_animation&quot;:&quot;fadeInDown&quot;,&quot;_animation_mobile&quot;:&quot;fadeInDown&quot;}\" data-widget_type=\"heading.default\">\n\t\t\t\t<div class=\"elementor-widget-container\">\n\t\t\t<style>\/*! elementor - v3.21.0 - 26-05-2024 *\/\n.elementor-heading-title{padding:0;margin:0;line-height:1}.elementor-widget-heading .elementor-heading-title[class*=elementor-size-]>a{color:inherit;font-size:inherit;line-height:inherit}.elementor-widget-heading .elementor-heading-title.elementor-size-small{font-size:15px}.elementor-widget-heading .elementor-heading-title.elementor-size-medium{font-size:19px}.elementor-widget-heading .elementor-heading-title.elementor-size-large{font-size:29px}.elementor-widget-heading .elementor-heading-title.elementor-size-xl{font-size:39px}.elementor-widget-heading .elementor-heading-title.elementor-size-xxl{font-size:59px}<\/style><h2 class=\"elementor-heading-title elementor-size-small\">Refer\u00eancias <\/h2>\t\t<\/div>\n\t\t\t\t<\/div>\n\t\t\t\t<div class=\"elementor-element elementor-element-a04e091 elementor-invisible elementor-widget elementor-widget-text-editor\" data-id=\"a04e091\" data-element_type=\"widget\" data-settings=\"{&quot;_animation&quot;:&quot;fadeIn&quot;}\" data-widget_type=\"text-editor.default\">\n\t\t\t\t<div class=\"elementor-widget-container\">\n\t\t\t\t\t\t\t<p style=\"margin-bottom: 0cm; line-height: normal; background-image: initial; background-position: initial; background-size: initial; background-repeat: initial; background-attachment: initial; background-origin: initial; background-clip: initial;\"><strong><span style=\"font-size: 12.0pt; font-family: 'Arial',sans-serif; mso-fareast-font-family: 'Times New Roman'; color: #222222; mso-fareast-language: PT-BR;\"><br \/><\/span><\/strong><span style=\"font-size: 12.0pt; font-family: 'Arial',sans-serif; mso-fareast-font-family: 'Times New Roman'; color: #222222; mso-fareast-language: PT-BR;\">BENEVIDES, Maria Vict\u00f3ria. <\/span><span style=\"font-size: 12.0pt; font-family: 'Arial',sans-serif; mso-fareast-font-family: 'Times New Roman'; color: #222222; mso-fareast-language: PT-BR;\"><strong>Educa\u00e7\u00e3o em Direitos Humanos<\/strong>: de que se trata? 2000. Dispon\u00edvel em: <\/span><span style=\"font-size: 12pt; font-family: Arial, sans-serif;\"><span style=\"color: #3366ff;\"><a style=\"color: #3366ff;\" href=\"https:\/\/educacao.vladimirherzog.org\/wp-content\/uploads\/2022\/02\/Benevides-MV-2000-Educac%CC%A7a%CC%83o-em-DH-de-que-se-trata.pdf\" target=\"_blank\" rel=\"noopener\">https:\/\/educacao.vladimirherzog.org\/wp-content\/uploads\/2022\/02\/Benevides-MV-2000-Educac%CC%A7a%CC%83o-em-DH-de-que-se-trata.pdf<\/a>.<\/span>\u00a0<\/span><span style=\"font-size: 12.0pt; font-family: 'Arial',sans-serif; mso-fareast-font-family: 'Times New Roman'; color: #222222; mso-fareast-language: PT-BR;\">Acesso em: 29 mai. 2025.<\/span><\/p><p style=\"margin-bottom: 0cm; line-height: normal; background-image: initial; background-position: initial; background-size: initial; background-repeat: initial; background-attachment: initial; background-origin: initial; background-clip: initial;\"><span style=\"font-size: 12.0pt; font-family: 'Arial',sans-serif; mso-fareast-font-family: 'Times New Roman'; color: #222222; mso-fareast-language: PT-BR;\">\u00a0<\/span><\/p><p style=\"margin-bottom: 7.95pt; line-height: 14.65pt;\"><span style=\"font-family: Arial, sans-serif;\"><span style=\"color: #222222;\">BRAND\u00c3O, A. <\/span><strong>Os Direitos Humanos<\/strong><span style=\"color: #222222;\">: antologia de textos hist\u00f3ricos. S\u00e3o Paulo: Landy, 2001.<br \/><\/span><\/span><span style=\"font-family: Arial, sans-serif; letter-spacing: -0.7px;\"><span style=\"color: #222222;\"><br \/><\/span><span style=\"font-size: 12pt;\">BOFF, Leonardo. <\/span><\/span><strong>Saber cuidar<\/strong><span style=\"font-family: Arial, sans-serif; font-size: 12pt; letter-spacing: -0.7px;\">: \u00e9tica do humano &#8211; compaix\u00e3o pela terra. 11. ed. Petr\u00f3polis: Vozes, 2004.<br \/><\/span><span style=\"font-family: Arial, sans-serif; font-size: 12pt; letter-spacing: -0.7px;\"><br \/><span style=\"color: #222222;\">CANDAU, Vera Maria Ferr\u00e3o. Direito \u00e0 educa\u00e7\u00e3o, diversidade e educa\u00e7\u00e3o em direitos humanos.\u00a0<\/span><\/span><strong>Educa\u00e7\u00e3o &amp; Sociedade<\/strong><span style=\"color: #222222; font-family: Arial, sans-serif; font-size: 12pt; letter-spacing: -0.7px;\">, Campinas-SP, v. 33, p. 715-726, 2012.<br \/><\/span><span style=\"color: #222222; font-family: Arial, sans-serif; font-size: 12pt; letter-spacing: -0.7px;\"><br \/>CARDOSO, Clodoaldo Meneguello. <strong>Fundamentos para uma educa\u00e7\u00e3o na diversidade.<\/strong>\u00a0<\/span><i style=\"color: #222222; font-family: Arial, sans-serif; font-size: 12pt; font-weight: inherit; letter-spacing: -0.7px;\">In<\/i><span style=\"color: #222222; font-family: Arial, sans-serif; font-size: 12pt; letter-spacing: -0.7px;\">: <\/span>Acervo digital da Unesp<span style=\"color: #222222; font-family: Arial, sans-serif; font-size: 12pt; letter-spacing: -0.7px;\">, 2014. Dispon\u00edvel em:\u00a0 <\/span><span style=\"font-size: 12pt; font-family: Arial, sans-serif; background-image: initial; background-position: initial; background-size: initial; background-repeat: initial; background-attachment: initial; background-origin: initial; background-clip: initial;\"><span style=\"color: #3366ff;\"><a style=\"color: #3366ff;\" href=\"https:\/\/acervodigital.unesp.br\/bitstream\/unesp\/155243\/3\/unesp-nead_reei1_ee_d01_s02_texto01.pdf\">https:\/\/acervodigital.unesp.br\/bitstream\/unesp\/155243\/3\/unesp-nead_reei1_ee_d01_s02_texto01.pdf<\/a>.<\/span> <\/span><span style=\"font-size: 12pt; font-family: Arial, sans-serif; color: #222222; background-image: initial; background-position: initial; background-size: initial; background-repeat: initial; background-attachment: initial; background-origin: initial; background-clip: initial;\">Acesso em: 28 mai. 2025.<\/span><\/p><p style=\"margin-bottom: 0cm; line-height: normal; background-image: initial; background-position: initial; background-size: initial; background-repeat: initial; background-attachment: initial; background-origin: initial; background-clip: initial;\"><span style=\"font-size: 12pt; font-family: Arial, sans-serif; color: #222222; padding: 0cm; border: 1pt none windowtext;\">\u00a0<\/span><\/p><p style=\"margin-bottom: 0cm; line-height: normal; background-image: initial; background-position: initial; background-size: initial; background-repeat: initial; background-attachment: initial; background-origin: initial; background-clip: initial;\"><span style=\"font-size: 12pt; font-family: Arial, sans-serif; color: #222222; background-image: initial; background-position: initial; background-size: initial; background-repeat: initial; background-attachment: initial; background-origin: initial; background-clip: initial;\">CARRARA, S\u00e9rgio <i>et al<\/i>. <strong>Educa\u00e7\u00e3o, diferen\u00e7a, diversidade e desigualdade<\/strong>.\u00a0<i>S<\/i>ecretaria Especial de Pol\u00edticas para as Mulheres (SPM\/PR) Secretaria Especial de Pol\u00edticas de Igualdade Racial (SEPPIR\/PR) Minist\u00e9rio da Educa\u00e7\u00e3o (MEC), p. 13, 2009.<\/span><\/p><p><span style=\"font-size: 12.0pt; font-family: 'Arial',sans-serif; mso-fareast-font-family: 'Times New Roman'; color: #222222; mso-fareast-language: PT-BR;\">CASTRO, Maria da Paz <i>et al<\/i>.\u00a0 <strong>Diversidade e discrimina\u00e7\u00e3o<\/strong>. 3. ed., S\u00e3o Paulo, SP: Vlado Educa\u00e7\u00e3o, 2019.<\/span><\/p><p><span style=\"font-family: 'Arial',sans-serif; color: #222222;\">COMPARATO, F. K. <strong>A afirma\u00e7\u00e3o hist\u00f3rica dos direitos humanos<\/strong><i>.<\/i> S\u00e3o Paulo: Saraiva, 2001.<br \/><\/span><span style=\"color: #222222; font-family: Arial, sans-serif; letter-spacing: -0.7px;\"><br \/><span style=\"font-size: 12pt;\">FREIRE, Paulo. <\/span><\/span><strong>Pedagogia da Indigna\u00e7\u00e3o<\/strong><span style=\"color: #222222; font-family: Arial, sans-serif; letter-spacing: -0.7px;\"><span style=\"font-size: 12pt;\">: cartas pedag\u00f3gicas e outros escritos. S\u00e3o Paulo: Editora UNESP, 2000.<\/span><span style=\"font-size: 16px;\"><br \/><\/span><\/span><span style=\"color: #222222; font-family: Arial, sans-serif; letter-spacing: -0.7px;\"><span style=\"font-size: 16px;\"><br \/><\/span>GALLARDO, H. <\/span><strong>Teoria Cr\u00edtica<\/strong><span style=\"color: #222222; font-family: Arial, sans-serif; letter-spacing: -0.7px;\">: matriz e possibilidade de direitos humanos. S\u00e3o Paulo: Editora Unesp, 2014.<br \/><\/span><span style=\"color: #222222; font-family: Arial, sans-serif; letter-spacing: -0.7px;\"><br \/><span style=\"font-size: 12pt;\">MENDON\u00c7A, E. F. Educa\u00e7\u00e3o em direitos humanos: diversidade, pol\u00edticas e desafios.\u00a0<\/span><\/span><strong>Retratos da Escola<\/strong><span style=\"color: #222222; font-family: Arial, sans-serif; font-size: 12pt; letter-spacing: -0.7px;\">,\u00a0<\/span><i style=\"color: #222222; font-family: Arial, sans-serif; font-size: 12pt; font-weight: inherit; letter-spacing: -0.7px;\">7<\/i><span style=\"font-family: Arial, sans-serif; font-size: 12pt; letter-spacing: -0.7px;\"><span style=\"color: #222222;\">(13), p. 255-263, 2013.<br \/><\/span><\/span><span style=\"letter-spacing: -0.7px; font-family: Arial, sans-serif; font-size: 12pt;\"><span style=\"color: #222222;\"><br \/><\/span>MORIN, Edgar; KERN, Anne-Brigitte. <\/span><strong>Terra-P\u00e1tria<\/strong><span style=\"letter-spacing: -0.7px; font-family: Arial, sans-serif; font-size: 12pt;\"><strong>.<\/strong> Trad.: Paulo Azevedo Neves da Silva. Porto Alegre: Sulina, 2003.<br \/><\/span><span style=\"letter-spacing: -0.7px; font-family: Arial, sans-serif; font-size: 12pt;\"><br \/>TOGNETTA, L. R. P.; ASSIS, O. Z.<\/span><span style=\"letter-spacing: -0.7px; font-family: Arial, sans-serif; font-size: 12pt;\">\u00a0 <\/span><span style=\"letter-spacing: -0.7px; font-family: Arial, sans-serif; font-size: 12pt;\">M. de. A constru\u00e7\u00e3o da solidariedade na escola: as virtudes, a raz\u00e3o e a afetividade. <\/span><strong>Educa\u00e7\u00e3o e Pesquisa<\/strong><span style=\"letter-spacing: -0.7px; font-family: Arial, sans-serif;\"><span style=\"font-size: 12pt;\"><strong>,<\/strong> S\u00e3o Paulo, v. 32, n.1, p. 49-66, jan.\/abr. 2006. Dispon\u00edvel em: <span style=\"color: #3366ff;\"><a style=\"color: #3366ff;\" href=\"https:\/\/www.scielo.br\/j\/ep\/a\/8dnsH5F6w43DDrLv5RvtPNC\/?format=pdf&amp;lang=pt.\">https:\/\/www.scielo.br\/j\/ep\/a\/8dnsH5F6w43DDrLv5RvtPNC\/?format=pdf&amp;lang=pt.<\/a><\/span> Acesso em: 3 jun. 2025.<\/span><span style=\"font-size: 16px;\"><br \/><\/span><\/span><span style=\"font-family: Arial, sans-serif; letter-spacing: -0.7px;\"><span style=\"font-size: 16px;\"><br \/><\/span><span style=\"color: #222222;\">TRINDADE, J. D. L. <\/span><\/span><strong>Hist\u00f3ria social dos direitos humanos<\/strong><span style=\"color: #222222; font-family: Arial, sans-serif; font-size: 15px; letter-spacing: -0.7px;\">. S\u00e3o Paulo: Peir\u00f3polis, 2002.<\/span><\/p><p style=\"text-align: center;\">*\u00a0 *\u00a0 *<span style=\"color: #222222; font-family: Arial, sans-serif; font-size: 15px; letter-spacing: -0.7px;\">\u00a0<\/span><\/p>\t\t\t\t\t\t<\/div>\n\t\t\t\t<\/div>\n\t\t\t\t<div class=\"elementor-element elementor-element-9958b72 elementor-invisible elementor-widget elementor-widget-heading\" data-id=\"9958b72\" data-element_type=\"widget\" data-settings=\"{&quot;_animation&quot;:&quot;fadeInDown&quot;,&quot;_animation_mobile&quot;:&quot;fadeInDown&quot;}\" data-widget_type=\"heading.default\">\n\t\t\t\t<div class=\"elementor-widget-container\">\n\t\t\t<h2 class=\"elementor-heading-title elementor-size-small\">Links sites de Educa\u00e7\u00e3o em Direitos Humanos<\/h2>\t\t<\/div>\n\t\t\t\t<\/div>\n\t\t\t\t<div class=\"elementor-element elementor-element-a6bcd99 elementor-invisible elementor-widget elementor-widget-text-editor\" data-id=\"a6bcd99\" data-element_type=\"widget\" data-settings=\"{&quot;_animation&quot;:&quot;fadeIn&quot;}\" data-widget_type=\"text-editor.default\">\n\t\t\t\t<div class=\"elementor-widget-container\">\n\t\t\t\t\t\t\t<p>Observat\u00f3rio de Educa\u00e7\u00e3o em Direitos Humanos<br \/><span style=\"color: #3366ff;\"><a style=\"color: #3366ff;\" href=\"https:\/\/www2.unesp.br\/portal#!\/observatorio_ses\">https:\/\/www2.unesp.br\/portal#!\/observatorio_ses<\/a><\/span><\/p><p style=\"margin-bottom: 7.95pt; line-height: 14.65pt;\"><span style=\"letter-spacing: -0.7px; font-family: Arial, sans-serif;\"><span style=\"font-size: 16px;\"><span style=\"color: #000000;\">Cultivando os Direitos Humanos na Educa\u00e7\u00e3o B\u00e1sica<\/span><br \/><span style=\"color: #3366ff;\"><a style=\"color: #3366ff;\" href=\"https:\/\/www2.faac.unesp.br\/oedh-nedh\/\">https:\/\/www2.faac.unesp.br\/oedh-nedh\/<\/a><\/span><\/span><\/span><\/p><p><span style=\"color: #3366ff;\"><br \/><span style=\"color: #000000;\">Rede Brasileira de Educa\u00e7\u00e3o em Direitos Humanos<\/span><br \/><a style=\"color: #3366ff;\" href=\"https:\/\/www.rebedh.com.br\/\">https:\/\/www.rebedh.com.br\/<\/a><br \/><\/span><\/p><p style=\"margin-bottom: 7.95pt; line-height: 14.65pt;\"><span style=\"color: #3366ff;\"><span style=\"color: #000000;\">Observat\u00f3rio de Educa\u00e7\u00e3o em Direitos Humanos em foco<\/span><br \/><a style=\"color: #3366ff;\" href=\"https:\/\/observatorioedhemfoco.com.br\/observatorio\/\">https:\/\/observatorioedhemfoco.com.br\/observatorio\/<\/a><\/span><br \/><span style=\"color: #3366ff;\"><br \/><\/span><\/p><p><span style=\"color: #000000;\">Instituto Vladimir Herzog (Respeitar \u00e9 preciso)<\/span><br \/><span style=\"color: #3366ff;\"><a style=\"color: #3366ff;\" href=\"https:\/\/respeitarepreciso.org.br\/\">https:\/\/respeitarepreciso.org.br\/<\/a><\/span><\/p>\t\t\t\t\t\t<\/div>\n\t\t\t\t<\/div>\n\t\t\t\t<div class=\"elementor-element elementor-element-46d070e elementor-invisible elementor-widget elementor-widget-text-editor\" data-id=\"46d070e\" data-element_type=\"widget\" data-settings=\"{&quot;_animation&quot;:&quot;fadeIn&quot;}\" data-widget_type=\"text-editor.default\">\n\t\t\t\t<div class=\"elementor-widget-container\">\n\t\t\t\t\t\t\t<p style=\"margin-bottom: 0.0001pt; line-height: normal; text-align: right;\"><strong>&gt;&gt;&gt;\u00a0<span style=\"color: #910101;\"><a style=\"color: #910101;\" href=\"https:\/\/www2.faac.unesp.br\/oedh-nedh\/?page_id=638\">Voltar<\/a><\/span><\/strong><\/p>\t\t\t\t\t\t<\/div>\n\t\t\t\t<\/div>\n\t\t\t\t\t<\/div>\n\t\t<\/div>\n\t\t\t\t\t<\/div>\n\t\t<\/section>\n\t\t\t\t<\/div>\n\t\t","protected":false},"excerpt":{"rendered":"<p>EDUCA\u00c7\u00c3O EM DIREITOS HUMANOS: primeiras li\u00e7\u00f5es Refer\u00eancias BENEVIDES, Maria Vict\u00f3ria. Educa\u00e7\u00e3o em Direitos Humanos: de que se trata? 2000. Dispon\u00edvel em: https:\/\/educacao.vladimirherzog.org\/wp-content\/uploads\/2022\/02\/Benevides-MV-2000-Educac%CC%A7a%CC%83o-em-DH-de-que-se-trata.pdf.\u00a0Acesso em: 29 mai. 2025. \u00a0 BRAND\u00c3O, A. Os Direitos Humanos: antologia de textos hist\u00f3ricos. S\u00e3o Paulo: Landy, 2001. &hellip; <a href=\"https:\/\/www2.faac.unesp.br\/oedh-nedh\/?page_id=689\">Continue lendo <span class=\"meta-nav\">&rarr;<\/span><\/a><\/p>\n","protected":false},"author":2,"featured_media":0,"parent":0,"menu_order":0,"comment_status":"closed","ping_status":"closed","template":"","meta":{"footnotes":""},"_links":{"self":[{"href":"https:\/\/www2.faac.unesp.br\/oedh-nedh\/index.php?rest_route=\/wp\/v2\/pages\/689"}],"collection":[{"href":"https:\/\/www2.faac.unesp.br\/oedh-nedh\/index.php?rest_route=\/wp\/v2\/pages"}],"about":[{"href":"https:\/\/www2.faac.unesp.br\/oedh-nedh\/index.php?rest_route=\/wp\/v2\/types\/page"}],"author":[{"embeddable":true,"href":"https:\/\/www2.faac.unesp.br\/oedh-nedh\/index.php?rest_route=\/wp\/v2\/users\/2"}],"replies":[{"embeddable":true,"href":"https:\/\/www2.faac.unesp.br\/oedh-nedh\/index.php?rest_route=%2Fwp%2Fv2%2Fcomments&post=689"}],"version-history":[{"count":69,"href":"https:\/\/www2.faac.unesp.br\/oedh-nedh\/index.php?rest_route=\/wp\/v2\/pages\/689\/revisions"}],"predecessor-version":[{"id":3077,"href":"https:\/\/www2.faac.unesp.br\/oedh-nedh\/index.php?rest_route=\/wp\/v2\/pages\/689\/revisions\/3077"}],"wp:attachment":[{"href":"https:\/\/www2.faac.unesp.br\/oedh-nedh\/index.php?rest_route=%2Fwp%2Fv2%2Fmedia&parent=689"}],"curies":[{"name":"wp","href":"https:\/\/api.w.org\/{rel}","templated":true}]}}