{"id":61,"date":"2022-01-29T18:04:06","date_gmt":"2022-01-29T21:04:06","guid":{"rendered":"https:\/\/www2.faac.unesp.br\/oedh-nedh\/?page_id=61"},"modified":"2025-07-29T18:11:21","modified_gmt":"2025-07-29T21:11:21","slug":"nos","status":"publish","type":"page","link":"https:\/\/www2.faac.unesp.br\/oedh-nedh\/?page_id=61","title":{"rendered":"N\u00f3s"},"content":{"rendered":"\t\t<div data-elementor-type=\"wp-page\" data-elementor-id=\"61\" class=\"elementor elementor-61\">\n\t\t\t\t\t\t<section class=\"elementor-section elementor-top-section elementor-element elementor-element-2542839 elementor-section-height-min-height elementor-section-stretched elementor-section-boxed elementor-section-height-default elementor-section-items-middle\" data-id=\"2542839\" data-element_type=\"section\" data-settings=\"{&quot;stretch_section&quot;:&quot;section-stretched&quot;}\">\n\t\t\t\t\t\t<div class=\"elementor-container elementor-column-gap-default\">\n\t\t\t\t\t<div class=\"elementor-column elementor-col-100 elementor-top-column elementor-element elementor-element-7e3e0c3\" data-id=\"7e3e0c3\" data-element_type=\"column\">\n\t\t\t<div class=\"elementor-widget-wrap elementor-element-populated\">\n\t\t\t\t\t\t<div class=\"elementor-element elementor-element-c022d1c elementor-invisible elementor-widget elementor-widget-heading\" data-id=\"c022d1c\" data-element_type=\"widget\" data-settings=\"{&quot;_animation&quot;:&quot;fadeInDown&quot;,&quot;_animation_mobile&quot;:&quot;fadeInDown&quot;}\" data-widget_type=\"heading.default\">\n\t\t\t\t<div class=\"elementor-widget-container\">\n\t\t\t<style>\/*! elementor - v3.21.0 - 26-05-2024 *\/\n.elementor-heading-title{padding:0;margin:0;line-height:1}.elementor-widget-heading .elementor-heading-title[class*=elementor-size-]>a{color:inherit;font-size:inherit;line-height:inherit}.elementor-widget-heading .elementor-heading-title.elementor-size-small{font-size:15px}.elementor-widget-heading .elementor-heading-title.elementor-size-medium{font-size:19px}.elementor-widget-heading .elementor-heading-title.elementor-size-large{font-size:29px}.elementor-widget-heading .elementor-heading-title.elementor-size-xl{font-size:39px}.elementor-widget-heading .elementor-heading-title.elementor-size-xxl{font-size:59px}<\/style><h2 class=\"elementor-heading-title elementor-size-medium\"><a href=\"https:\/\/www2.bauru.sp.gov.br\/arquivos\/sist_diariooficial\/2010\/05\/do_20100518_1812.pdf\">Composi\u00e7\u00e3o do NEDH em 2025<\/a><\/h2>\t\t<\/div>\n\t\t\t\t<\/div>\n\t\t\t\t<div class=\"elementor-element elementor-element-2214f2a elementor-invisible elementor-widget elementor-widget-text-editor\" data-id=\"2214f2a\" data-element_type=\"widget\" data-settings=\"{&quot;_animation&quot;:&quot;fadeIn&quot;}\" data-widget_type=\"text-editor.default\">\n\t\t\t\t<div class=\"elementor-widget-container\">\n\t\t\t<style>\/*! elementor - v3.21.0 - 26-05-2024 *\/\n.elementor-widget-text-editor.elementor-drop-cap-view-stacked .elementor-drop-cap{background-color:#69727d;color:#fff}.elementor-widget-text-editor.elementor-drop-cap-view-framed .elementor-drop-cap{color:#69727d;border:3px solid;background-color:transparent}.elementor-widget-text-editor:not(.elementor-drop-cap-view-default) .elementor-drop-cap{margin-top:8px}.elementor-widget-text-editor:not(.elementor-drop-cap-view-default) .elementor-drop-cap-letter{width:1em;height:1em}.elementor-widget-text-editor .elementor-drop-cap{float:left;text-align:center;line-height:1;font-size:50px}.elementor-widget-text-editor .elementor-drop-cap-letter{display:inline-block}<\/style>\t\t\t\t<p><strong>COMPOSI\u00c7\u00c3O ATUAL DO NEDH &#8211; 2025 <br \/><\/strong>I \u2013 Docentes da Universidade Estadual Paulista \u2013 Unesp:<br \/>\u00a0 \u00a0 \u00a0 &#8211; Clodoaldo Meneguello Cardoso \u00a0(coordenador)<br \/>\u00a0 \u00a0 \u00a0 &#8211; Ari Fernando Maia<br \/>II \u2013 Representante da Secretaria Municipal da Educa\u00e7\u00e3o:<br \/>\u00a0 \u00a0 \u00a0 \u00a0&#8211; Raquel\u00a0<br \/>III \u2013 Diretores e professores membros do NEDH<br \/>\u00a0 \u00a0 \u00a0 &#8211; Amarildo Gomes Pereira<br \/>\u00a0 \u00a0 \u00a0 &#8211; Gilberto de Oliveira<br \/>\u00a0 \u00a0 \u00a0 &#8211; Griselda Luiza Purini<br \/>\u00a0 \u00a0 \u00a0 &#8211; Renata Maria Landi\u00a0<\/p><p>OUTROS DIRETORES E PROFESSORES QUE J\u00c1 ATUARAM NO NEDH<br \/>&#8211; Geralda Viana de Castro Coelho<br \/>&#8211; Jesu\u00edna Santos Carrilho\u00a0Lucon<br \/>&#8211; Vanessa Marinho Cunha Pescarollo<br \/><span style=\"font-family: Roboto, sans-serif; font-size: 15px; font-style: normal; font-weight: 400; letter-spacing: normal; word-spacing: 0px;\">&#8211; M\u00e1rcia Barravieira N\u00f3brega<br \/><\/span><span style=\"font-family: Roboto, sans-serif; font-style: normal; font-weight: 400;\"><span style=\"font-size: 15px; letter-spacing: normal; word-spacing: 0px;\">&#8211; Alexssandra Jabur Lot Rodrigues<br \/><\/span><\/span><span style=\"font-size: 16px; letter-spacing: -0.7px;\">&#8211; Adriana Yara D. Canal Minozzi<br \/><\/span><span style=\"font-family: Roboto, sans-serif; font-size: 16px; font-style: normal; font-weight: 400; letter-spacing: -0.7px;\">&#8211; Luciana Shiti Pinheiro<br \/><\/span><span style=\"font-family: Roboto, sans-serif; font-size: 16px; font-style: normal; font-weight: 400; letter-spacing: -0.7px;\">&#8211; Luciana Navarro Fernandes Santinelli<br \/>&#8211; Solange Castro<br \/>&#8211; Maria Aparecida Vianna Rossetto<\/span><\/p><p><strong><br \/><\/strong><strong>\u00a0 \u00a0 \u00a0 \u00a0 \u00a0 \u00a0 \u00a0 \u00a0 \u00a0 \u00a0 \u00a0 \u00a0 \u00a0 \u00a0 \u00a0 \u00a0 \u00a0 \u00a0 \u00a0 \u00a0 \u00a0 \u00a0 \u00a0 \u00a0 \u00a0 \u00a0 \u00a0 \u00a0 *\u00a0 \u00a0 *\u00a0 \u00a0 *<\/strong><\/p>\t\t\t\t\t\t<\/div>\n\t\t\t\t<\/div>\n\t\t\t\t\t<\/div>\n\t\t<\/div>\n\t\t\t\t\t<\/div>\n\t\t<\/section>\n\t\t\t\t<\/div>\n\t\t","protected":false},"excerpt":{"rendered":"<p>Composi\u00e7\u00e3o do NEDH em 2025 COMPOSI\u00c7\u00c3O ATUAL DO NEDH &#8211; 2025 I \u2013 Docentes da Universidade Estadual Paulista \u2013 Unesp:\u00a0 \u00a0 \u00a0 &#8211; Clodoaldo Meneguello Cardoso \u00a0(coordenador)\u00a0 \u00a0 \u00a0 &#8211; Ari Fernando MaiaII \u2013 Representante da Secretaria Municipal da Educa\u00e7\u00e3o:\u00a0 &hellip; <a href=\"https:\/\/www2.faac.unesp.br\/oedh-nedh\/?page_id=61\">Continue lendo <span class=\"meta-nav\">&rarr;<\/span><\/a><\/p>\n","protected":false},"author":2,"featured_media":0,"parent":0,"menu_order":0,"comment_status":"closed","ping_status":"closed","template":"","meta":{"footnotes":""},"_links":{"self":[{"href":"https:\/\/www2.faac.unesp.br\/oedh-nedh\/index.php?rest_route=\/wp\/v2\/pages\/61"}],"collection":[{"href":"https:\/\/www2.faac.unesp.br\/oedh-nedh\/index.php?rest_route=\/wp\/v2\/pages"}],"about":[{"href":"https:\/\/www2.faac.unesp.br\/oedh-nedh\/index.php?rest_route=\/wp\/v2\/types\/page"}],"author":[{"embeddable":true,"href":"https:\/\/www2.faac.unesp.br\/oedh-nedh\/index.php?rest_route=\/wp\/v2\/users\/2"}],"replies":[{"embeddable":true,"href":"https:\/\/www2.faac.unesp.br\/oedh-nedh\/index.php?rest_route=%2Fwp%2Fv2%2Fcomments&post=61"}],"version-history":[{"count":94,"href":"https:\/\/www2.faac.unesp.br\/oedh-nedh\/index.php?rest_route=\/wp\/v2\/pages\/61\/revisions"}],"predecessor-version":[{"id":2732,"href":"https:\/\/www2.faac.unesp.br\/oedh-nedh\/index.php?rest_route=\/wp\/v2\/pages\/61\/revisions\/2732"}],"wp:attachment":[{"href":"https:\/\/www2.faac.unesp.br\/oedh-nedh\/index.php?rest_route=%2Fwp%2Fv2%2Fmedia&parent=61"}],"curies":[{"name":"wp","href":"https:\/\/api.w.org\/{rel}","templated":true}]}}