{"id":280,"date":"2022-02-10T21:38:27","date_gmt":"2022-02-11T00:38:27","guid":{"rendered":"https:\/\/www2.faac.unesp.br\/oedh-nedh\/?page_id=280"},"modified":"2025-06-24T15:58:51","modified_gmt":"2025-06-24T18:58:51","slug":"textos","status":"publish","type":"page","link":"https:\/\/www2.faac.unesp.br\/oedh-nedh\/?page_id=280","title":{"rendered":"Textos"},"content":{"rendered":"\t\t<div data-elementor-type=\"wp-page\" data-elementor-id=\"280\" class=\"elementor elementor-280\">\n\t\t\t\t\t\t<section class=\"elementor-section elementor-top-section elementor-element elementor-element-b1806d3 elementor-section-height-min-height elementor-section-stretched elementor-section-boxed elementor-section-height-default elementor-section-items-middle\" data-id=\"b1806d3\" data-element_type=\"section\" data-settings=\"{&quot;stretch_section&quot;:&quot;section-stretched&quot;}\">\n\t\t\t\t\t\t<div class=\"elementor-container elementor-column-gap-default\">\n\t\t\t\t\t<div class=\"elementor-column elementor-col-100 elementor-top-column elementor-element elementor-element-998f7f5\" data-id=\"998f7f5\" data-element_type=\"column\">\n\t\t\t<div class=\"elementor-widget-wrap elementor-element-populated\">\n\t\t\t\t\t\t<div class=\"elementor-element elementor-element-8ca9f38 elementor-invisible elementor-widget elementor-widget-heading\" data-id=\"8ca9f38\" data-element_type=\"widget\" data-settings=\"{&quot;_animation&quot;:&quot;fadeInDown&quot;,&quot;_animation_mobile&quot;:&quot;fadeInDown&quot;}\" data-widget_type=\"heading.default\">\n\t\t\t\t<div class=\"elementor-widget-container\">\n\t\t\t<style>\/*! elementor - v3.21.0 - 26-05-2024 *\/\n.elementor-heading-title{padding:0;margin:0;line-height:1}.elementor-widget-heading .elementor-heading-title[class*=elementor-size-]>a{color:inherit;font-size:inherit;line-height:inherit}.elementor-widget-heading .elementor-heading-title.elementor-size-small{font-size:15px}.elementor-widget-heading .elementor-heading-title.elementor-size-medium{font-size:19px}.elementor-widget-heading .elementor-heading-title.elementor-size-large{font-size:29px}.elementor-widget-heading .elementor-heading-title.elementor-size-xl{font-size:39px}.elementor-widget-heading .elementor-heading-title.elementor-size-xxl{font-size:59px}<\/style><h2 class=\"elementor-heading-title elementor-size-medium\">Textos<\/h2>\t\t<\/div>\n\t\t\t\t<\/div>\n\t\t\t\t<div class=\"elementor-element elementor-element-20a84cc elementor-widget__width-initial elementor-invisible elementor-widget elementor-widget-text-editor\" data-id=\"20a84cc\" data-element_type=\"widget\" data-settings=\"{&quot;_animation&quot;:&quot;fadeIn&quot;}\" data-widget_type=\"text-editor.default\">\n\t\t\t\t<div class=\"elementor-widget-container\">\n\t\t\t<style>\/*! elementor - v3.21.0 - 26-05-2024 *\/\n.elementor-widget-text-editor.elementor-drop-cap-view-stacked .elementor-drop-cap{background-color:#69727d;color:#fff}.elementor-widget-text-editor.elementor-drop-cap-view-framed .elementor-drop-cap{color:#69727d;border:3px solid;background-color:transparent}.elementor-widget-text-editor:not(.elementor-drop-cap-view-default) .elementor-drop-cap{margin-top:8px}.elementor-widget-text-editor:not(.elementor-drop-cap-view-default) .elementor-drop-cap-letter{width:1em;height:1em}.elementor-widget-text-editor .elementor-drop-cap{float:left;text-align:center;line-height:1;font-size:50px}.elementor-widget-text-editor .elementor-drop-cap-letter{display:inline-block}<\/style>\t\t\t\t<ul><li style=\"text-align: left;\"><a href=\"http:\/\/www.hottopos.com\/convenit6\/victoria.htm#_ftn2\">Educa\u00e7\u00e3o em Direitos Humanos: de que se trata? &#8211; Maria Victoria Benevides<\/a><\/li><li style=\"text-align: left;\"><a href=\"http:\/\/www.dhnet.org.br\/educar\/redeedh\/bib\/benevid.htm\">Educa\u00e7\u00e3o, democracia e direitos humanos &#8211; Maria Victoria Benevides<\/a><\/li><li style=\"text-align: left;\"><a href=\"https:\/\/www.scielo.br\/j\/es\/a\/phjDZW7SVBf3FnfNL4mJywL\/?lang=pt\">Direito \u00e0 educa\u00e7\u00e3o, diversidade e educa\u00e7\u00e3o em direitos humanos &#8211; Vera Maria Candau<\/a><\/li><li style=\"text-align: left;\"><a href=\"http:\/\/www.dhnet.org.br\/dados\/livros\/edh\/br\/fundamentos\/23_cap_3_artigo_01.pdf\">Educa\u00e7\u00e3o em Direitos Humanos: desafios atuais \u2013 Vera Maria Candau<\/a><\/li><li style=\"text-align: left;\"><a href=\"http:\/\/www.scielo.org.co\/scielo.php?script=sci_arttext&amp;pid=S1657-92672008000300007&amp;lang=pt\">Educa\u00e7\u00e3o em Direitos Humanos: reflex\u00f5es sobre o poder, a viol\u00eancia e a autoridade na escola \u2013 Fl\u00e1via Schilling<\/a><\/li><li style=\"text-align: left;\"><a href=\"https:\/\/sites.bauru.sp.gov.br\/pme\/arquivos\/website_pme\/arquivos\/13.pdf\">Educa\u00e7\u00e3o em Direitos Humanos no Plano Municipal de Educa\u00e7\u00e3o de Bauru \u2013 Clodoaldo M. Cardoso (p. 178)<\/a><\/li><\/ul>\t\t\t\t\t\t<\/div>\n\t\t\t\t<\/div>\n\t\t\t\t<div class=\"elementor-element elementor-element-33f2c6c elementor-widget elementor-widget-heading\" data-id=\"33f2c6c\" data-element_type=\"widget\" data-widget_type=\"heading.default\">\n\t\t\t\t<div class=\"elementor-widget-container\">\n\t\t\t<h2 class=\"elementor-heading-title elementor-size-default\"><span style=\"font-family: Helvetica, sans-serif; font-size: 20px; font-weight: 600;\">    Mais textos em:<\/span><\/h2>\t\t<\/div>\n\t\t\t\t<\/div>\n\t\t\t\t<div class=\"elementor-element elementor-element-d945499 elementor-invisible elementor-widget elementor-widget-text-editor\" data-id=\"d945499\" data-element_type=\"widget\" data-settings=\"{&quot;_animation&quot;:&quot;fadeIn&quot;}\" data-widget_type=\"text-editor.default\">\n\t\t\t\t<div class=\"elementor-widget-container\">\n\t\t\t\t\t\t\t<blockquote><p><span style=\"color: #000000;\"><strong><span style=\"color: #ff0000;\">&gt;<\/span><\/strong><a style=\"color: #000000;\" href=\"https:\/\/www2.unesp.br\/portal#!\/observatorio_ses\/biblioteca\/papers-edh\/\"> https:\/\/www2.unesp.br\/portal#!\/observatorio_ses\/biblioteca\/papers-edh\/<\/a><\/span><br \/><strong><span style=\"color: #ff0000;\">&gt;<\/span><\/strong> <span style=\"color: #000000;\"><a style=\"color: #000000;\" href=\"https:\/\/www2.unesp.br\/portal#!\/observatorio_ses\/biblioteca\/artigos-edh\/\">https:\/\/www2.unesp.br\/portal#!\/observatorio_ses\/biblioteca\/artigos-edh\/<\/a><\/span><br \/><strong><span style=\"color: #ff0000;\">&gt;<\/span><\/strong> <span style=\"color: #000000;\"><a style=\"color: #000000;\" href=\"http:\/\/observatorioedhemfoco.com.br\/observatorio\/category\/biblioteca\/online\/\">http:\/\/observatorioedhemfoco.com.br\/observatorio\/category\/biblioteca\/online\/<\/a><\/span><\/p><p>\u00a0<\/p><\/blockquote>\t\t\t\t\t\t<\/div>\n\t\t\t\t<\/div>\n\t\t\t\t\t<\/div>\n\t\t<\/div>\n\t\t\t\t\t<\/div>\n\t\t<\/section>\n\t\t\t\t<\/div>\n\t\t","protected":false},"excerpt":{"rendered":"<p>Textos Educa\u00e7\u00e3o em Direitos Humanos: de que se trata? &#8211; Maria Victoria Benevides Educa\u00e7\u00e3o, democracia e direitos humanos &#8211; Maria Victoria Benevides Direito \u00e0 educa\u00e7\u00e3o, diversidade e educa\u00e7\u00e3o em direitos humanos &#8211; Vera Maria Candau Educa\u00e7\u00e3o em Direitos Humanos: desafios &hellip; <a href=\"https:\/\/www2.faac.unesp.br\/oedh-nedh\/?page_id=280\">Continue lendo <span class=\"meta-nav\">&rarr;<\/span><\/a><\/p>\n","protected":false},"author":2,"featured_media":0,"parent":0,"menu_order":0,"comment_status":"closed","ping_status":"closed","template":"","meta":{"footnotes":""},"_links":{"self":[{"href":"https:\/\/www2.faac.unesp.br\/oedh-nedh\/index.php?rest_route=\/wp\/v2\/pages\/280"}],"collection":[{"href":"https:\/\/www2.faac.unesp.br\/oedh-nedh\/index.php?rest_route=\/wp\/v2\/pages"}],"about":[{"href":"https:\/\/www2.faac.unesp.br\/oedh-nedh\/index.php?rest_route=\/wp\/v2\/types\/page"}],"author":[{"embeddable":true,"href":"https:\/\/www2.faac.unesp.br\/oedh-nedh\/index.php?rest_route=\/wp\/v2\/users\/2"}],"replies":[{"embeddable":true,"href":"https:\/\/www2.faac.unesp.br\/oedh-nedh\/index.php?rest_route=%2Fwp%2Fv2%2Fcomments&post=280"}],"version-history":[{"count":70,"href":"https:\/\/www2.faac.unesp.br\/oedh-nedh\/index.php?rest_route=\/wp\/v2\/pages\/280\/revisions"}],"predecessor-version":[{"id":1769,"href":"https:\/\/www2.faac.unesp.br\/oedh-nedh\/index.php?rest_route=\/wp\/v2\/pages\/280\/revisions\/1769"}],"wp:attachment":[{"href":"https:\/\/www2.faac.unesp.br\/oedh-nedh\/index.php?rest_route=%2Fwp%2Fv2%2Fmedia&parent=280"}],"curies":[{"name":"wp","href":"https:\/\/api.w.org\/{rel}","templated":true}]}}