{"id":2785,"date":"2025-07-30T17:50:08","date_gmt":"2025-07-30T20:50:08","guid":{"rendered":"https:\/\/www2.faac.unesp.br\/oedh-nedh\/?page_id=2785"},"modified":"2025-07-30T19:41:13","modified_gmt":"2025-07-30T22:41:13","slug":"pratica-pedagogica-3-educacao-infantil","status":"publish","type":"page","link":"https:\/\/www2.faac.unesp.br\/oedh-nedh\/?page_id=2785","title":{"rendered":"Pr\u00e1tica pedag\u00f3gica 3 &#8211; Educa\u00e7\u00e3o Infantil"},"content":{"rendered":"\t\t<div data-elementor-type=\"wp-page\" data-elementor-id=\"2785\" class=\"elementor elementor-2785\">\n\t\t\t\t\t\t<section class=\"elementor-section elementor-top-section elementor-element elementor-element-1d1913d elementor-section-boxed elementor-section-height-default elementor-section-height-default\" data-id=\"1d1913d\" data-element_type=\"section\">\n\t\t\t\t\t\t<div class=\"elementor-container elementor-column-gap-default\">\n\t\t\t\t\t<div class=\"elementor-column elementor-col-100 elementor-top-column elementor-element elementor-element-5f806fd\" data-id=\"5f806fd\" data-element_type=\"column\">\n\t\t\t<div class=\"elementor-widget-wrap elementor-element-populated\">\n\t\t\t\t\t\t<div class=\"elementor-element elementor-element-fd11bbd elementor-invisible elementor-widget elementor-widget-heading\" data-id=\"fd11bbd\" data-element_type=\"widget\" data-settings=\"{&quot;_animation&quot;:&quot;fadeInDown&quot;,&quot;_animation_mobile&quot;:&quot;fadeInDown&quot;}\" data-widget_type=\"heading.default\">\n\t\t\t\t<div class=\"elementor-widget-container\">\n\t\t\t<style>\/*! elementor - v3.21.0 - 26-05-2024 *\/\n.elementor-heading-title{padding:0;margin:0;line-height:1}.elementor-widget-heading .elementor-heading-title[class*=elementor-size-]>a{color:inherit;font-size:inherit;line-height:inherit}.elementor-widget-heading .elementor-heading-title.elementor-size-small{font-size:15px}.elementor-widget-heading .elementor-heading-title.elementor-size-medium{font-size:19px}.elementor-widget-heading .elementor-heading-title.elementor-size-large{font-size:29px}.elementor-widget-heading .elementor-heading-title.elementor-size-xl{font-size:39px}.elementor-widget-heading .elementor-heading-title.elementor-size-xxl{font-size:59px}<\/style><h1 class=\"elementor-heading-title elementor-size-small\">Educa\u00e7\u00e3o Infantil  <\/h1>\t\t<\/div>\n\t\t\t\t<\/div>\n\t\t\t\t<div class=\"elementor-element elementor-element-0a5eb78 elementor-invisible elementor-widget elementor-widget-heading\" data-id=\"0a5eb78\" data-element_type=\"widget\" data-settings=\"{&quot;_animation&quot;:&quot;fadeInDown&quot;}\" data-widget_type=\"heading.default\">\n\t\t\t\t<div class=\"elementor-widget-container\">\n\t\t\t<h2 class=\"elementor-heading-title elementor-size-large\">Pr\u00e1tica pedag\u00f3gica 3<\/h2>\t\t<\/div>\n\t\t\t\t<\/div>\n\t\t\t\t\t<\/div>\n\t\t<\/div>\n\t\t\t\t\t<\/div>\n\t\t<\/section>\n\t\t\t\t<section class=\"elementor-section elementor-top-section elementor-element elementor-element-f5a90d4 elementor-section-boxed elementor-section-height-default elementor-section-height-default\" data-id=\"f5a90d4\" data-element_type=\"section\">\n\t\t\t\t\t\t<div class=\"elementor-container elementor-column-gap-default\">\n\t\t\t\t\t<div class=\"elementor-column elementor-col-100 elementor-top-column elementor-element elementor-element-7b1f312\" data-id=\"7b1f312\" data-element_type=\"column\">\n\t\t\t<div class=\"elementor-widget-wrap elementor-element-populated\">\n\t\t\t\t\t\t<div class=\"elementor-element elementor-element-1c80e02 elementor-invisible elementor-widget elementor-widget-text-editor\" data-id=\"1c80e02\" data-element_type=\"widget\" data-settings=\"{&quot;_animation&quot;:&quot;fadeIn&quot;}\" data-widget_type=\"text-editor.default\">\n\t\t\t\t<div class=\"elementor-widget-container\">\n\t\t\t<style>\/*! elementor - v3.21.0 - 26-05-2024 *\/\n.elementor-widget-text-editor.elementor-drop-cap-view-stacked .elementor-drop-cap{background-color:#69727d;color:#fff}.elementor-widget-text-editor.elementor-drop-cap-view-framed .elementor-drop-cap{color:#69727d;border:3px solid;background-color:transparent}.elementor-widget-text-editor:not(.elementor-drop-cap-view-default) .elementor-drop-cap{margin-top:8px}.elementor-widget-text-editor:not(.elementor-drop-cap-view-default) .elementor-drop-cap-letter{width:1em;height:1em}.elementor-widget-text-editor .elementor-drop-cap{float:left;text-align:center;line-height:1;font-size:50px}.elementor-widget-text-editor .elementor-drop-cap-letter{display:inline-block}<\/style>\t\t\t\t<p><strong><span style=\"color: #993300;\">Projeto:<\/span> CULTIVANDO OS DIREITOS HUMANOS NA EDUCA\u00c7\u00c3O B\u00c1SICA<br \/><\/strong><span style=\"color: #993300;\"><strong>Atividade:<\/strong> <\/span>Trabalhando as diferen\u00e7as dos alunos<br \/><span style=\"color: #993300;\"><strong>Institui\u00e7\u00e3o<\/strong>:<\/span> EMEI M\u00e1rcia de Almeida Bighetti \/ Bauru-SP<br \/><span style=\"color: #993300;\"><strong>Diretora:<\/strong><\/span> Renata Maria Landi<br \/><span style=\"color: #993300;\"><strong>Professora<\/strong>:<\/span> Luciana Chiti Pinheiro<br \/><span style=\"color: #993300;\"><strong>Dura\u00e7\u00e3o da atividade:<\/strong><\/span> 2 horas<br \/><span style=\"color: #993300;\"><strong>Participantes:<\/strong> <\/span>Grupo I \u2013 crian\u00e7as da Educa\u00e7\u00e3o Infantil<br \/><span style=\"color: #993300;\"><strong>Conte\u00fado: <\/strong><\/span>Conviv\u00eancia na diversidade<br \/><strong><span style=\"color: #993300;\">Objetivos:<\/span><br \/><\/strong>&#8211; Perceber a sua imagem de forma positiva<br \/>&#8211; Perceber as diferen\u00e7as com os demais alunos<br \/>&#8211; Desenvolver uma percep\u00e7\u00e3o das diferen\u00e7as e o sentimento de conviv\u00eancia solid\u00e1ria<br \/><span style=\"color: #993300;\"><strong>Metodologia:<br \/><\/strong><\/span>&#8211; Com um espelho cada aluno apreciou sua imagem, dizendo como sou lindo!<br \/>&#8211; Sentados em roda no ch\u00e3o com as figuras no centro de meninas, meninos, velhinhos, \u00edndios, crian\u00e7as com necessidades especiais, os alunos procuraram figuras que parecessem com sua imagem. <br \/>&#8211; Ap\u00f3s todos terem escolhido, a professora foi perguntando se era bonito ou feio a figura, para ele e para o grupo.\u00a0 &#8211; Depois sentaram em dupla e ambos acariciaram rostinho do amigo, para perceber as caracter\u00edsticas faciais do colega. Termina com um forte abra\u00e7o.<br \/>&#8211; Com folhas de sulfite e giz de cera eles se desenharam o rosto de seu par.<br \/>&#8211; Finalmente conversaram sobre as diferen\u00e7as entre eles: cor da pele, cabelo, formato do nariz, dos olhos, sempre valorizando as diferentes belezas.<br \/><strong><span style=\"color: #993300;\">Recursos:<\/span><br \/><\/strong>&#8211; Figuras de diferentes rostos de pessoas;<br \/>&#8211; Espelho;<br \/>&#8211; Sulfite;<br \/>&#8211; Giz de cera.<br \/><strong><span style=\"color: #993300;\">Avalia\u00e7\u00e3o:<\/span><br \/><\/strong>Houve participa\u00e7\u00e3o de todos, adoraram falar no espelho que eram lindos. Apesar de serem t\u00e3o pequenos escolheram corretamente as figuras, n\u00e3o sabiam justificar oralmente o por qu\u00ea, mas pude perceber se achavam aquela figura bonita ou n\u00e3o. Um garotinho negro pegou uma figura que realmente correspondia a suas caracter\u00edsticas e quando perguntado se era bonito respondeu que n\u00e3o. Um outro pegou o vov\u00f4, achei que ele n\u00e3o havia entendido, mas depois compreendi pois ele mora com seu av\u00f4, e o tem como refer\u00eancia. Quando acariciaram o rostinho do amigo houve uma real afetividade e entrega onde as diferen\u00e7as era apenas um detalhe.<br \/><strong><span style=\"color: #993300;\">Refer\u00eancias\u00a0<\/span><br \/><\/strong>Biblioteca online do <a href=\"https:\/\/www2.unesp.br\/portal#!\/observatorio_ses\">Observat\u00f3rio de Educa\u00e7\u00e3o em Direitos Humanos \/ Unesp<\/a><\/p><p><strong><br \/><\/strong><strong>\u00a0 \u00a0 \u00a0 \u00a0 \u00a0 \u00a0 \u00a0 \u00a0 \u00a0 \u00a0 \u00a0 \u00a0 \u00a0 \u00a0 \u00a0 \u00a0 \u00a0 \u00a0 \u00a0 \u00a0 \u00a0 \u00a0 \u00a0 \u00a0 \u00a0 \u00a0 \u00a0 \u00a0 *\u00a0 \u00a0 *\u00a0 \u00a0 *<\/strong><\/p>\t\t\t\t\t\t<\/div>\n\t\t\t\t<\/div>\n\t\t\t\t\t<\/div>\n\t\t<\/div>\n\t\t\t\t\t<\/div>\n\t\t<\/section>\n\t\t\t\t<\/div>\n\t\t","protected":false},"excerpt":{"rendered":"<p>Educa\u00e7\u00e3o Infantil Pr\u00e1tica pedag\u00f3gica 3 Projeto: CULTIVANDO OS DIREITOS HUMANOS NA EDUCA\u00c7\u00c3O B\u00c1SICAAtividade: Trabalhando as diferen\u00e7as dos alunosInstitui\u00e7\u00e3o: EMEI M\u00e1rcia de Almeida Bighetti \/ Bauru-SPDiretora: Renata Maria LandiProfessora: Luciana Chiti PinheiroDura\u00e7\u00e3o da atividade: 2 horasParticipantes: Grupo I \u2013 crian\u00e7as da &hellip; <a href=\"https:\/\/www2.faac.unesp.br\/oedh-nedh\/?page_id=2785\">Continue lendo <span class=\"meta-nav\">&rarr;<\/span><\/a><\/p>\n","protected":false},"author":2,"featured_media":0,"parent":0,"menu_order":0,"comment_status":"closed","ping_status":"closed","template":"","meta":{"footnotes":""},"_links":{"self":[{"href":"https:\/\/www2.faac.unesp.br\/oedh-nedh\/index.php?rest_route=\/wp\/v2\/pages\/2785"}],"collection":[{"href":"https:\/\/www2.faac.unesp.br\/oedh-nedh\/index.php?rest_route=\/wp\/v2\/pages"}],"about":[{"href":"https:\/\/www2.faac.unesp.br\/oedh-nedh\/index.php?rest_route=\/wp\/v2\/types\/page"}],"author":[{"embeddable":true,"href":"https:\/\/www2.faac.unesp.br\/oedh-nedh\/index.php?rest_route=\/wp\/v2\/users\/2"}],"replies":[{"embeddable":true,"href":"https:\/\/www2.faac.unesp.br\/oedh-nedh\/index.php?rest_route=%2Fwp%2Fv2%2Fcomments&post=2785"}],"version-history":[{"count":13,"href":"https:\/\/www2.faac.unesp.br\/oedh-nedh\/index.php?rest_route=\/wp\/v2\/pages\/2785\/revisions"}],"predecessor-version":[{"id":2828,"href":"https:\/\/www2.faac.unesp.br\/oedh-nedh\/index.php?rest_route=\/wp\/v2\/pages\/2785\/revisions\/2828"}],"wp:attachment":[{"href":"https:\/\/www2.faac.unesp.br\/oedh-nedh\/index.php?rest_route=%2Fwp%2Fv2%2Fmedia&parent=2785"}],"curies":[{"name":"wp","href":"https:\/\/api.w.org\/{rel}","templated":true}]}}