{"id":2784,"date":"2025-07-30T17:50:49","date_gmt":"2025-07-30T20:50:49","guid":{"rendered":"https:\/\/www2.faac.unesp.br\/oedh-nedh\/?page_id=2784"},"modified":"2025-07-30T19:41:58","modified_gmt":"2025-07-30T22:41:58","slug":"pratica-pedagogica-4-educacao-infantil","status":"publish","type":"page","link":"https:\/\/www2.faac.unesp.br\/oedh-nedh\/?page_id=2784","title":{"rendered":"Pr\u00e1tica pedag\u00f3gica 4 &#8211; Educa\u00e7\u00e3o Infantil"},"content":{"rendered":"\t\t<div data-elementor-type=\"wp-page\" data-elementor-id=\"2784\" class=\"elementor elementor-2784\">\n\t\t\t\t\t\t<section class=\"elementor-section elementor-top-section elementor-element elementor-element-1d1913d elementor-section-boxed elementor-section-height-default elementor-section-height-default\" data-id=\"1d1913d\" data-element_type=\"section\">\n\t\t\t\t\t\t<div class=\"elementor-container elementor-column-gap-default\">\n\t\t\t\t\t<div class=\"elementor-column elementor-col-100 elementor-top-column elementor-element elementor-element-5f806fd\" data-id=\"5f806fd\" data-element_type=\"column\">\n\t\t\t<div class=\"elementor-widget-wrap elementor-element-populated\">\n\t\t\t\t\t\t<div class=\"elementor-element elementor-element-fd11bbd elementor-invisible elementor-widget elementor-widget-heading\" data-id=\"fd11bbd\" data-element_type=\"widget\" data-settings=\"{&quot;_animation&quot;:&quot;fadeInDown&quot;,&quot;_animation_mobile&quot;:&quot;fadeInDown&quot;}\" data-widget_type=\"heading.default\">\n\t\t\t\t<div class=\"elementor-widget-container\">\n\t\t\t<style>\/*! elementor - v3.21.0 - 26-05-2024 *\/\n.elementor-heading-title{padding:0;margin:0;line-height:1}.elementor-widget-heading .elementor-heading-title[class*=elementor-size-]>a{color:inherit;font-size:inherit;line-height:inherit}.elementor-widget-heading .elementor-heading-title.elementor-size-small{font-size:15px}.elementor-widget-heading .elementor-heading-title.elementor-size-medium{font-size:19px}.elementor-widget-heading .elementor-heading-title.elementor-size-large{font-size:29px}.elementor-widget-heading .elementor-heading-title.elementor-size-xl{font-size:39px}.elementor-widget-heading .elementor-heading-title.elementor-size-xxl{font-size:59px}<\/style><h1 class=\"elementor-heading-title elementor-size-small\">Educa\u00e7\u00e3o Infantil  <\/h1>\t\t<\/div>\n\t\t\t\t<\/div>\n\t\t\t\t<div class=\"elementor-element elementor-element-0a5eb78 elementor-invisible elementor-widget elementor-widget-heading\" data-id=\"0a5eb78\" data-element_type=\"widget\" data-settings=\"{&quot;_animation&quot;:&quot;fadeInDown&quot;}\" data-widget_type=\"heading.default\">\n\t\t\t\t<div class=\"elementor-widget-container\">\n\t\t\t<h2 class=\"elementor-heading-title elementor-size-large\">Pr\u00e1tica pedag\u00f3gica 4<\/h2>\t\t<\/div>\n\t\t\t\t<\/div>\n\t\t\t\t\t<\/div>\n\t\t<\/div>\n\t\t\t\t\t<\/div>\n\t\t<\/section>\n\t\t\t\t<section class=\"elementor-section elementor-top-section elementor-element elementor-element-f5a90d4 elementor-section-boxed elementor-section-height-default elementor-section-height-default\" data-id=\"f5a90d4\" data-element_type=\"section\">\n\t\t\t\t\t\t<div class=\"elementor-container elementor-column-gap-default\">\n\t\t\t\t\t<div class=\"elementor-column elementor-col-100 elementor-top-column elementor-element elementor-element-7b1f312\" data-id=\"7b1f312\" data-element_type=\"column\">\n\t\t\t<div class=\"elementor-widget-wrap elementor-element-populated\">\n\t\t\t\t\t\t<div class=\"elementor-element elementor-element-1c80e02 elementor-invisible elementor-widget elementor-widget-text-editor\" data-id=\"1c80e02\" data-element_type=\"widget\" data-settings=\"{&quot;_animation&quot;:&quot;fadeIn&quot;}\" data-widget_type=\"text-editor.default\">\n\t\t\t\t<div class=\"elementor-widget-container\">\n\t\t\t<style>\/*! elementor - v3.21.0 - 26-05-2024 *\/\n.elementor-widget-text-editor.elementor-drop-cap-view-stacked .elementor-drop-cap{background-color:#69727d;color:#fff}.elementor-widget-text-editor.elementor-drop-cap-view-framed .elementor-drop-cap{color:#69727d;border:3px solid;background-color:transparent}.elementor-widget-text-editor:not(.elementor-drop-cap-view-default) .elementor-drop-cap{margin-top:8px}.elementor-widget-text-editor:not(.elementor-drop-cap-view-default) .elementor-drop-cap-letter{width:1em;height:1em}.elementor-widget-text-editor .elementor-drop-cap{float:left;text-align:center;line-height:1;font-size:50px}.elementor-widget-text-editor .elementor-drop-cap-letter{display:inline-block}<\/style>\t\t\t\t<p><strong><span style=\"color: #993300;\">Projeto:<\/span> CULTIVANDO OS DIREITOS HUMANOS NA EDUCA\u00c7\u00c3O B\u00c1SICA<br \/><\/strong><span style=\"color: #993300;\"><strong>Atividade:<\/strong> <\/span>Todo mundo \u00e9 igual, todo mundo \u00e9 diferente<br \/><span style=\"color: #993300;\"><strong>Institui\u00e7\u00e3o<\/strong>:<\/span> EMEI \u201cMarcia de Almeida Bighetti \/ Bauru<br \/><span style=\"color: #993300;\"><strong>Diretora:<\/strong><\/span> Renata Maria Landi<br \/><span style=\"color: #993300;\"><strong>Professoras<\/strong>:<\/span> Fernanda Aparecida de Souza Corr\u00eaa \/ Ana Paula Rondina Venturini<br \/><span style=\"color: #993300;\"><strong>Dura\u00e7\u00e3o da Atividade: <\/strong><\/span>8 horas<br \/><span style=\"color: #993300;\"><strong>Conte\u00fados<\/strong>:<\/span> Conviv\u00eancia na diversidade e solidariedade<br \/><strong><span style=\"color: #993300;\">Objetivos:<\/span><br \/><\/strong>&#8211; Sensibilizar as crian\u00e7as sobre as quest\u00f5es das pessoas com defici\u00eancia, atrav\u00e9s de atividades l\u00fadicas, art\u00edsticas e informativas.<br \/>&#8211; Desenvolver a solidariedade e a inclus\u00e3o.<br \/><strong><span style=\"color: #993300;\">Metodologia:<\/span><br \/><\/strong>O trabalho de sensibiliza\u00e7\u00e3o e de experi\u00eancias em rela\u00e7\u00e3o \u00e0s pessoas com necessidades especiais dar-se atrav\u00e9s da realiza\u00e7\u00e3o de atividades elaboradas, havendo assim v\u00e1rias propostas:<br \/>1. Leitura do Livro: \u201cO Campe\u00e3o\u201d (Carmen Lucia Campos).<br \/>&#8211; Roda da conversa sobre o assunto das dificuldades do personagem envolvido e dos demais personagem.<br \/>2 &#8211; Realizar uma corrida como aconteceu na hist\u00f3ria, fazendo com que todos os alunos corram com os p\u00e9s e m\u00e3os virados para dentro.<br \/>3. Em duplas, um de frente com o outro, reconhecer a igualdade e a diferen\u00e7a entre as crian\u00e7as.<br \/>4. Propor uma gin\u00e1stica em que os alunos far\u00e3o v\u00e1rios movimentos de flex\u00e3o com o corpo. Discutir que muitos conseguem abrir totalmente as pernas (por exemplo a Maria J\u00falia) e outros n\u00e3o e que isso \u00e9 natural.<br \/>5. Formar duplas e um fecha os olhos e se deixa ser guiado pelo o outro, que deve estar com os olhos abertos, depois o papel se inverte. O aluno-guia ir\u00e1 ajudar o outro aluno com os olhos vendados a cumprir tarefas ditadas pelo professor, como por exemplo: levar o aluno at\u00e9 determinada crian\u00e7a, at\u00e9 determinado local, etc.<br \/>6. Leitura do Livro: O Patinho Feio.<br \/>&#8211; Roda da conversa sobre o assunto: Foi legal os patinhos e outros animais rirem do patinho feio? Voc\u00eas gostariam que rissem assim de voc\u00eas? Vamos olhar uns para os outros&#8230; Somos iguais ou diferentes? Voc\u00eas s\u00e3o parecidos com quem? A mam\u00e3e ou o papai? Por que o patinho feio n\u00e3o poderia conviver com os outros animais? O patinho feio era parecido com sua m\u00e3e e pai, ou seja, n\u00e3o era um pato e sim um cisne&#8230;<br \/>&#8211; Colar figuras em papel colante para serem colocadas na cabe\u00e7a de modo que apare\u00e7am figuras as quais dever\u00e3o ser seguidas pelos colegas que a observarem. Exemplo: beijo, aperto de m\u00e3o, abra\u00e7o, patinho feio, etc., sendo que apenas um elemento, dever\u00e1 ficar com a figura do patinho feio. Esse ser\u00e1 o \u00fanico que n\u00e3o ser\u00e1 procurado, ser\u00e1 o patinho feio. No final, essa pessoa dever\u00e1 contar como se sentiu, sendo discriminada e deixada de lado.<br \/>7. Ver o <strong><a href=\"https:\/\/www.youtube.com\/watch?v=Ztqaa-NWYQ8\">v\u00eddeo<\/a><\/strong> &#8220;Conscientiza\u00e7\u00e3o e inclus\u00e3o&#8221; e conversar sobre a necessidade de as crian\u00e7as com necessidades especiais nas atividades da escola.<br \/>8. Ler para a classe e conversar sobre o livro: &#8220;Na minha escola, todo mundo \u00e9 igual&#8221;, de Rossana Ramos, Editora Cortez.<br \/><strong><span style=\"color: #993300;\">Recursos:<\/span><br \/><\/strong>&#8211; Livros citados;<br \/>&#8211; Venda para os olhos;<br \/>&#8211; Sulfite;<br \/>&#8211; Caneta hidrocor.<br \/><strong><span style=\"color: #993300;\">Avalia\u00e7\u00e3o:<\/span><br \/><\/strong>A avalia\u00e7\u00e3o ser\u00e1 atrav\u00e9s do desenvolvimento de todas as atividades, participa\u00e7\u00e3o e interesse pela proposta, assim como pelas atitudes demonstradas em sala.<br \/><span style=\"color: #993300;\"><strong>Refer\u00eancias<\/strong><\/span><br \/><strong><a href=\"https:\/\/portal.mec.gov.br\/seb\/arquivos\/pdf\/rcnei_vol1.pdf\">&#8211; Referencial Curricular Nacional para a Educa\u00e7\u00e3o Infantil<\/a><br \/><\/strong>Livros:\u00a0 <br \/>&#8211; O campe\u00e3o (Carmen L\u00facia Campos<br \/>&#8211; Patinho feio<br \/>&#8211; Na minha escola todo mundo \u00e9 igual \u2013 Rossana Ramos, Editora Cortez<br \/>&#8211; V\u00eddeo: <strong><a href=\"https:\/\/www.youtube.com\/watch?v=UleHGh7yOX8&amp;t=10s\">O Patinho Feio<\/a>\u00a0<\/strong><strong>\u00a0<br \/>\u00a0 \u00a0 \u00a0 \u00a0 \u00a0 \u00a0 \u00a0 \u00a0 \u00a0 \u00a0 \u00a0 \u00a0 \u00a0 \u00a0 \u00a0 \u00a0 \u00a0 \u00a0 \u00a0 \u00a0 \u00a0 \u00a0 \u00a0 \u00a0 \u00a0 \u00a0 \u00a0 *\u00a0 \u00a0 *\u00a0 \u00a0 *<\/strong><\/p>\t\t\t\t\t\t<\/div>\n\t\t\t\t<\/div>\n\t\t\t\t\t<\/div>\n\t\t<\/div>\n\t\t\t\t\t<\/div>\n\t\t<\/section>\n\t\t\t\t<\/div>\n\t\t","protected":false},"excerpt":{"rendered":"<p>Educa\u00e7\u00e3o Infantil Pr\u00e1tica pedag\u00f3gica 4 Projeto: CULTIVANDO OS DIREITOS HUMANOS NA EDUCA\u00c7\u00c3O B\u00c1SICAAtividade: Todo mundo \u00e9 igual, todo mundo \u00e9 diferenteInstitui\u00e7\u00e3o: EMEI \u201cMarcia de Almeida Bighetti \/ BauruDiretora: Renata Maria LandiProfessoras: Fernanda Aparecida de Souza Corr\u00eaa \/ Ana Paula Rondina &hellip; <a href=\"https:\/\/www2.faac.unesp.br\/oedh-nedh\/?page_id=2784\">Continue lendo <span class=\"meta-nav\">&rarr;<\/span><\/a><\/p>\n","protected":false},"author":2,"featured_media":0,"parent":0,"menu_order":0,"comment_status":"closed","ping_status":"closed","template":"","meta":{"footnotes":""},"_links":{"self":[{"href":"https:\/\/www2.faac.unesp.br\/oedh-nedh\/index.php?rest_route=\/wp\/v2\/pages\/2784"}],"collection":[{"href":"https:\/\/www2.faac.unesp.br\/oedh-nedh\/index.php?rest_route=\/wp\/v2\/pages"}],"about":[{"href":"https:\/\/www2.faac.unesp.br\/oedh-nedh\/index.php?rest_route=\/wp\/v2\/types\/page"}],"author":[{"embeddable":true,"href":"https:\/\/www2.faac.unesp.br\/oedh-nedh\/index.php?rest_route=\/wp\/v2\/users\/2"}],"replies":[{"embeddable":true,"href":"https:\/\/www2.faac.unesp.br\/oedh-nedh\/index.php?rest_route=%2Fwp%2Fv2%2Fcomments&post=2784"}],"version-history":[{"count":13,"href":"https:\/\/www2.faac.unesp.br\/oedh-nedh\/index.php?rest_route=\/wp\/v2\/pages\/2784\/revisions"}],"predecessor-version":[{"id":2831,"href":"https:\/\/www2.faac.unesp.br\/oedh-nedh\/index.php?rest_route=\/wp\/v2\/pages\/2784\/revisions\/2831"}],"wp:attachment":[{"href":"https:\/\/www2.faac.unesp.br\/oedh-nedh\/index.php?rest_route=%2Fwp%2Fv2%2Fmedia&parent=2784"}],"curies":[{"name":"wp","href":"https:\/\/api.w.org\/{rel}","templated":true}]}}