{"id":2764,"date":"2025-07-29T18:53:55","date_gmt":"2025-07-29T21:53:55","guid":{"rendered":"https:\/\/www2.faac.unesp.br\/oedh-nedh\/?page_id=2764"},"modified":"2025-07-30T19:40:32","modified_gmt":"2025-07-30T22:40:32","slug":"pratica-pedagogica-1-educacao-infantil-copy","status":"publish","type":"page","link":"https:\/\/www2.faac.unesp.br\/oedh-nedh\/?page_id=2764","title":{"rendered":"Pr\u00e1tica pedag\u00f3gica 2 &#8211; Educa\u00e7\u00e3o Infantil"},"content":{"rendered":"\t\t<div data-elementor-type=\"wp-page\" data-elementor-id=\"2764\" class=\"elementor elementor-2764\">\n\t\t\t\t\t\t<section class=\"elementor-section elementor-top-section elementor-element elementor-element-1d1913d elementor-section-boxed elementor-section-height-default elementor-section-height-default\" data-id=\"1d1913d\" data-element_type=\"section\">\n\t\t\t\t\t\t<div class=\"elementor-container elementor-column-gap-default\">\n\t\t\t\t\t<div class=\"elementor-column elementor-col-100 elementor-top-column elementor-element elementor-element-5f806fd\" data-id=\"5f806fd\" data-element_type=\"column\">\n\t\t\t<div class=\"elementor-widget-wrap elementor-element-populated\">\n\t\t\t\t\t\t<div class=\"elementor-element elementor-element-fd11bbd elementor-invisible elementor-widget elementor-widget-heading\" data-id=\"fd11bbd\" data-element_type=\"widget\" data-settings=\"{&quot;_animation&quot;:&quot;fadeInDown&quot;,&quot;_animation_mobile&quot;:&quot;fadeInDown&quot;}\" data-widget_type=\"heading.default\">\n\t\t\t\t<div class=\"elementor-widget-container\">\n\t\t\t<style>\/*! elementor - v3.21.0 - 26-05-2024 *\/\n.elementor-heading-title{padding:0;margin:0;line-height:1}.elementor-widget-heading .elementor-heading-title[class*=elementor-size-]>a{color:inherit;font-size:inherit;line-height:inherit}.elementor-widget-heading .elementor-heading-title.elementor-size-small{font-size:15px}.elementor-widget-heading .elementor-heading-title.elementor-size-medium{font-size:19px}.elementor-widget-heading .elementor-heading-title.elementor-size-large{font-size:29px}.elementor-widget-heading .elementor-heading-title.elementor-size-xl{font-size:39px}.elementor-widget-heading .elementor-heading-title.elementor-size-xxl{font-size:59px}<\/style><h1 class=\"elementor-heading-title elementor-size-small\">Educa\u00e7\u00e3o Infantil  <\/h1>\t\t<\/div>\n\t\t\t\t<\/div>\n\t\t\t\t<div class=\"elementor-element elementor-element-0a5eb78 elementor-invisible elementor-widget elementor-widget-heading\" data-id=\"0a5eb78\" data-element_type=\"widget\" data-settings=\"{&quot;_animation&quot;:&quot;fadeInDown&quot;}\" data-widget_type=\"heading.default\">\n\t\t\t\t<div class=\"elementor-widget-container\">\n\t\t\t<h2 class=\"elementor-heading-title elementor-size-large\">Pr\u00e1tica pedag\u00f3gica 2<\/h2>\t\t<\/div>\n\t\t\t\t<\/div>\n\t\t\t\t\t<\/div>\n\t\t<\/div>\n\t\t\t\t\t<\/div>\n\t\t<\/section>\n\t\t\t\t<section class=\"elementor-section elementor-top-section elementor-element elementor-element-f5a90d4 elementor-section-boxed elementor-section-height-default elementor-section-height-default\" data-id=\"f5a90d4\" data-element_type=\"section\">\n\t\t\t\t\t\t<div class=\"elementor-container elementor-column-gap-default\">\n\t\t\t\t\t<div class=\"elementor-column elementor-col-100 elementor-top-column elementor-element elementor-element-7b1f312\" data-id=\"7b1f312\" data-element_type=\"column\">\n\t\t\t<div class=\"elementor-widget-wrap elementor-element-populated\">\n\t\t\t\t\t\t<div class=\"elementor-element elementor-element-1c80e02 elementor-invisible elementor-widget elementor-widget-text-editor\" data-id=\"1c80e02\" data-element_type=\"widget\" data-settings=\"{&quot;_animation&quot;:&quot;fadeIn&quot;}\" data-widget_type=\"text-editor.default\">\n\t\t\t\t<div class=\"elementor-widget-container\">\n\t\t\t<style>\/*! elementor - v3.21.0 - 26-05-2024 *\/\n.elementor-widget-text-editor.elementor-drop-cap-view-stacked .elementor-drop-cap{background-color:#69727d;color:#fff}.elementor-widget-text-editor.elementor-drop-cap-view-framed .elementor-drop-cap{color:#69727d;border:3px solid;background-color:transparent}.elementor-widget-text-editor:not(.elementor-drop-cap-view-default) .elementor-drop-cap{margin-top:8px}.elementor-widget-text-editor:not(.elementor-drop-cap-view-default) .elementor-drop-cap-letter{width:1em;height:1em}.elementor-widget-text-editor .elementor-drop-cap{float:left;text-align:center;line-height:1;font-size:50px}.elementor-widget-text-editor .elementor-drop-cap-letter{display:inline-block}<\/style>\t\t\t\t<p><strong><span style=\"color: #993300;\">Projeto:<\/span> CULTIVANDO OS DIREITOS HUMANOS NA EDUCA\u00c7\u00c3O B\u00c1SICA<br \/><\/strong><span style=\"color: #993300;\"><strong>Atividade:<\/strong><\/span> Conhecer e saborear a diversidade dos legumes servidos na merenda.<br \/><span style=\"color: #993300;\"><strong>Institui\u00e7\u00e3o<\/strong>:<\/span> EMEI M\u00e1rcia de Almeida Bighetti &#8211; Bauru-SP<br \/><span style=\"color: #993300;\"><strong>Diretora:<\/strong><\/span> Renata Maria Landi<br \/><strong><span style=\"color: #993300;\">Coordenadoras da atividade:<\/span><br \/><\/strong>&#8211; <strong>Professora:<\/strong> Luciana Chiti Pinheiro<br \/><span style=\"color: #000000;\"><strong>&#8211; Merendeira:<\/strong> <\/span>Vilma Rodrigues dos Santos<br \/><span style=\"color: #800000;\"><strong>Dura\u00e7\u00e3o da Atividade:<\/strong><\/span> 2 horas em cada grupo<br \/><span style=\"color: #800000;\"><strong>Participantes:<\/strong><\/span> V\u00e1rios grupos de crian\u00e7as da Educa\u00e7\u00e3o infantil<br \/><span style=\"color: #800000;\"><strong>Conte\u00fados<\/strong>:<\/span> Percep\u00e7\u00e3o da diversidade de cores, formas e sabores\u00a0 <strong><span style=\"color: #800000;\">Objetivo geral:<\/span><br \/><\/strong>&#8211; Evitar a forma\u00e7\u00e3o de preconceitos alimentares<br \/><strong><span style=\"color: #800000;\">Objetivos Espec\u00edficos:<\/span><br \/><\/strong><strong>&#8211;<\/strong> Apresentar aos alunos do Grupo I os legumes servidos na merenda, para aprecia\u00e7\u00e3o dos diferentes sabores, cores e formas.<br \/>&#8211; Classificar oralmente os diferentes legumes<br \/>&#8211; Perceber as diferen\u00e7as quanto ao tamanho, formas e cores<br \/>&#8211; Experiment\u00e1-los para conhecer os sabores<br \/><strong><span style=\"color: #800000;\">Metodologia:<\/span><br \/><\/strong>A merendeira descascou e ralou a cenoura e a beterraba, cortou tomates em pequenos peda\u00e7os, colocando-os em travessas. Em outra travessa havia os legumes sem serem descascados, acrescidos de batata e chuchu. Com os alunos sentados em volta de uma mesa os legumes foram apresentados com perguntas feita pela professora como: Quem conhece tal legume? Qual o nome? A mam\u00e3e faz para comer? Puderam pegar tatear e cheirar. A merendeira falou sobre a import\u00e2ncia dos legumes e depois os serviu em pequenos copos e colheres descart\u00e1veis com um legume de cada vez, para que pudessem conhecer o gosto. Quando todos experimentaram ent\u00e3o os servimos livremente de acordo suas vontades.<br \/><strong><span style=\"color: #800000;\">Recursos:<\/span><br \/><\/strong>&#8211; Legumes pr\u00f3prios da merenda;<br \/>&#8211; Travessas;<br \/>&#8211; Ralador;<br \/>&#8211; Colheres e copos descart\u00e1veis.<br \/><strong><span style=\"color: #800000;\">Avalia\u00e7\u00e3o:<\/span><br \/><\/strong>Houve participa\u00e7\u00e3o de todos os alunos. Apenas duas crian\u00e7as se negaram a experimentar, por\u00e9m participaram oralmente, pegando e cheirando os legumes. Pudemos conhecer um pouco dos h\u00e1bitos trazidos de casa que devido as facilidades n\u00e3o oferecem tais alimentos, trocando as principais refei\u00e7\u00f5es por leite, danone e salgadinhos, visto que com quase 3 anos poucos conheciam tais legumes. Entendemos que o conhecimento \u00e9 a melhor forma de aceita\u00e7\u00e3o das diferen\u00e7as.<br \/><strong><span style=\"color: #800000;\">Refer\u00eancias:<\/span><br \/><\/strong>Biblioteca online do <a href=\"https:\/\/www2.unesp.br\/portal#!\/observatorio_ses\">Observat\u00f3rio de Educa\u00e7\u00e3o em Direitos Humanos \/ Unesp<\/a><\/p><p><strong><br \/><\/strong><strong>\u00a0 \u00a0 \u00a0 \u00a0 \u00a0 \u00a0 \u00a0 \u00a0 \u00a0 \u00a0 \u00a0 \u00a0 \u00a0 \u00a0 \u00a0 \u00a0 \u00a0 \u00a0 \u00a0 \u00a0 \u00a0 \u00a0 \u00a0 \u00a0 \u00a0 \u00a0 \u00a0 \u00a0 *\u00a0 \u00a0 *\u00a0 \u00a0 *<\/strong><\/p>\t\t\t\t\t\t<\/div>\n\t\t\t\t<\/div>\n\t\t\t\t\t<\/div>\n\t\t<\/div>\n\t\t\t\t\t<\/div>\n\t\t<\/section>\n\t\t\t\t<\/div>\n\t\t","protected":false},"excerpt":{"rendered":"<p>Educa\u00e7\u00e3o Infantil Pr\u00e1tica pedag\u00f3gica 2 Projeto: CULTIVANDO OS DIREITOS HUMANOS NA EDUCA\u00c7\u00c3O B\u00c1SICAAtividade: Conhecer e saborear a diversidade dos legumes servidos na merenda.Institui\u00e7\u00e3o: EMEI M\u00e1rcia de Almeida Bighetti &#8211; Bauru-SPDiretora: Renata Maria LandiCoordenadoras da atividade:&#8211; Professora: Luciana Chiti Pinheiro&#8211; Merendeira: &hellip; <a href=\"https:\/\/www2.faac.unesp.br\/oedh-nedh\/?page_id=2764\">Continue lendo <span class=\"meta-nav\">&rarr;<\/span><\/a><\/p>\n","protected":false},"author":2,"featured_media":0,"parent":0,"menu_order":0,"comment_status":"closed","ping_status":"closed","template":"","meta":{"footnotes":""},"_links":{"self":[{"href":"https:\/\/www2.faac.unesp.br\/oedh-nedh\/index.php?rest_route=\/wp\/v2\/pages\/2764"}],"collection":[{"href":"https:\/\/www2.faac.unesp.br\/oedh-nedh\/index.php?rest_route=\/wp\/v2\/pages"}],"about":[{"href":"https:\/\/www2.faac.unesp.br\/oedh-nedh\/index.php?rest_route=\/wp\/v2\/types\/page"}],"author":[{"embeddable":true,"href":"https:\/\/www2.faac.unesp.br\/oedh-nedh\/index.php?rest_route=\/wp\/v2\/users\/2"}],"replies":[{"embeddable":true,"href":"https:\/\/www2.faac.unesp.br\/oedh-nedh\/index.php?rest_route=%2Fwp%2Fv2%2Fcomments&post=2764"}],"version-history":[{"count":16,"href":"https:\/\/www2.faac.unesp.br\/oedh-nedh\/index.php?rest_route=\/wp\/v2\/pages\/2764\/revisions"}],"predecessor-version":[{"id":2825,"href":"https:\/\/www2.faac.unesp.br\/oedh-nedh\/index.php?rest_route=\/wp\/v2\/pages\/2764\/revisions\/2825"}],"wp:attachment":[{"href":"https:\/\/www2.faac.unesp.br\/oedh-nedh\/index.php?rest_route=%2Fwp%2Fv2%2Fmedia&parent=2764"}],"curies":[{"name":"wp","href":"https:\/\/api.w.org\/{rel}","templated":true}]}}