{"id":223,"date":"2022-02-10T09:32:38","date_gmt":"2022-02-10T12:32:38","guid":{"rendered":"https:\/\/www2.faac.unesp.br\/oedh-nedh\/?page_id=223"},"modified":"2025-08-09T23:16:43","modified_gmt":"2025-08-10T02:16:43","slug":"educacao-infantil","status":"publish","type":"page","link":"https:\/\/www2.faac.unesp.br\/oedh-nedh\/?page_id=223","title":{"rendered":"Pr\u00e1ticas pedag\u00f3gicas &#8211; Educa\u00e7\u00e3o Infantil"},"content":{"rendered":"\t\t<div data-elementor-type=\"wp-page\" data-elementor-id=\"223\" class=\"elementor elementor-223\">\n\t\t\t\t\t\t<section class=\"elementor-section elementor-top-section elementor-element elementor-element-a71bf4f elementor-section-height-min-height elementor-section-stretched elementor-section-boxed elementor-section-height-default elementor-section-items-middle\" data-id=\"a71bf4f\" data-element_type=\"section\" data-settings=\"{&quot;stretch_section&quot;:&quot;section-stretched&quot;}\">\n\t\t\t\t\t\t<div class=\"elementor-container elementor-column-gap-default\">\n\t\t\t\t\t<div class=\"elementor-column elementor-col-100 elementor-top-column elementor-element elementor-element-93bcf38\" data-id=\"93bcf38\" data-element_type=\"column\">\n\t\t\t<div class=\"elementor-widget-wrap elementor-element-populated\">\n\t\t\t\t\t\t<div class=\"elementor-element elementor-element-94edbec elementor-invisible elementor-widget elementor-widget-heading\" data-id=\"94edbec\" data-element_type=\"widget\" data-settings=\"{&quot;_animation&quot;:&quot;fadeInDown&quot;}\" data-widget_type=\"heading.default\">\n\t\t\t\t<div class=\"elementor-widget-container\">\n\t\t\t<style>\/*! elementor - v3.21.0 - 26-05-2024 *\/\n.elementor-heading-title{padding:0;margin:0;line-height:1}.elementor-widget-heading .elementor-heading-title[class*=elementor-size-]>a{color:inherit;font-size:inherit;line-height:inherit}.elementor-widget-heading .elementor-heading-title.elementor-size-small{font-size:15px}.elementor-widget-heading .elementor-heading-title.elementor-size-medium{font-size:19px}.elementor-widget-heading .elementor-heading-title.elementor-size-large{font-size:29px}.elementor-widget-heading .elementor-heading-title.elementor-size-xl{font-size:39px}.elementor-widget-heading .elementor-heading-title.elementor-size-xxl{font-size:59px}<\/style><h2 class=\"elementor-heading-title elementor-size-large\">Pr\u00e1ticas pedag\u00f3gicas<\/h2>\t\t<\/div>\n\t\t\t\t<\/div>\n\t\t\t\t<div class=\"elementor-element elementor-element-facb9fb elementor-invisible elementor-widget elementor-widget-heading\" data-id=\"facb9fb\" data-element_type=\"widget\" data-settings=\"{&quot;_animation&quot;:&quot;fadeInDown&quot;,&quot;_animation_mobile&quot;:&quot;fadeInDown&quot;}\" data-widget_type=\"heading.default\">\n\t\t\t\t<div class=\"elementor-widget-container\">\n\t\t\t<h1 class=\"elementor-heading-title elementor-size-small\">Educa\u00e7\u00e3o Infantil   [em constru\u00e7\u00e3o]<\/h1>\t\t<\/div>\n\t\t\t\t<\/div>\n\t\t\t\t<div class=\"elementor-element elementor-element-ce7b7d5 elementor-invisible elementor-widget elementor-widget-text-editor\" data-id=\"ce7b7d5\" data-element_type=\"widget\" data-settings=\"{&quot;_animation&quot;:&quot;fadeIn&quot;}\" data-widget_type=\"text-editor.default\">\n\t\t\t\t<div class=\"elementor-widget-container\">\n\t\t\t<style>\/*! elementor - v3.21.0 - 26-05-2024 *\/\n.elementor-widget-text-editor.elementor-drop-cap-view-stacked .elementor-drop-cap{background-color:#69727d;color:#fff}.elementor-widget-text-editor.elementor-drop-cap-view-framed .elementor-drop-cap{color:#69727d;border:3px solid;background-color:transparent}.elementor-widget-text-editor:not(.elementor-drop-cap-view-default) .elementor-drop-cap{margin-top:8px}.elementor-widget-text-editor:not(.elementor-drop-cap-view-default) .elementor-drop-cap-letter{width:1em;height:1em}.elementor-widget-text-editor .elementor-drop-cap{float:left;text-align:center;line-height:1;font-size:50px}.elementor-widget-text-editor .elementor-drop-cap-letter{display:inline-block}<\/style>\t\t\t\t<p>1. A constru\u00e7\u00e3o do sujeito em crian\u00e7as de 4 e 5 anos <span style=\"color: #ff0000;\"><a style=\"color: #ff0000;\" href=\"https:\/\/www2.faac.unesp.br\/oedh-nedh\/?page_id=11\"><strong>&gt;&gt;<\/strong><\/a><\/span><br>2. Conhecer e saborear a diversidade dos legumes servidos na merenda <span style=\"color: #ff0000;\"><a style=\"color: #ff0000;\" href=\"https:\/\/www2.faac.unesp.br\/oedh-nedh\/?page_id=2764\">&gt;&gt;<\/a><\/span><br>3. Trabalhando as diferen\u00e7as dos alunos<span style=\"color: #ff0000;\"><a style=\"color: #ff0000;\" href=\"https:\/\/www2.faac.unesp.br\/oedh-nedh\/?page_id=2785\"> &gt;&gt;<\/a><\/span><br>4. Todo mundo \u00e9 igual, todo mundo \u00e9 diferente <span style=\"color: #ff0000;\"><a style=\"color: #ff0000;\" href=\"https:\/\/www2.faac.unesp.br\/oedh-nedh\/?page_id=2784\">&gt;&gt;<\/a><\/span><br>5. \u201cHerdeiros do Futuro\u201d (valores socioambientais) <span style=\"color: #ff0000;\">&gt;&gt;<\/span><br>6. Coisas de Crian\u00e7as&#8230; crian\u00e7as n\u00e3o \u00e9 objeto &gt;&gt;<br>7. O outro que n\u00e3o sou eu&#8230; &gt;&gt;<br>8. Refletindo sobre g\u00eanero &gt;&gt;<\/p><p><br><\/p><p><br><\/p>\t\t\t\t\t\t<\/div>\n\t\t\t\t<\/div>\n\t\t\t\t\t<\/div>\n\t\t<\/div>\n\t\t\t\t\t<\/div>\n\t\t<\/section>\n\t\t\t\t<\/div>\n\t\t","protected":false},"excerpt":{"rendered":"<p>Pr\u00e1ticas pedag\u00f3gicas Educa\u00e7\u00e3o Infantil [em constru\u00e7\u00e3o] 1. A constru\u00e7\u00e3o do sujeito em crian\u00e7as de 4 e 5 anos &gt;&gt;2. Conhecer e saborear a diversidade dos legumes servidos na merenda &gt;&gt;3. Trabalhando as diferen\u00e7as dos alunos &gt;&gt;4. Todo mundo \u00e9 igual, &hellip; <a href=\"https:\/\/www2.faac.unesp.br\/oedh-nedh\/?page_id=223\">Continue lendo <span class=\"meta-nav\">&rarr;<\/span><\/a><\/p>\n","protected":false},"author":2,"featured_media":0,"parent":67,"menu_order":0,"comment_status":"closed","ping_status":"closed","template":"","meta":{"footnotes":""},"_links":{"self":[{"href":"https:\/\/www2.faac.unesp.br\/oedh-nedh\/index.php?rest_route=\/wp\/v2\/pages\/223"}],"collection":[{"href":"https:\/\/www2.faac.unesp.br\/oedh-nedh\/index.php?rest_route=\/wp\/v2\/pages"}],"about":[{"href":"https:\/\/www2.faac.unesp.br\/oedh-nedh\/index.php?rest_route=\/wp\/v2\/types\/page"}],"author":[{"embeddable":true,"href":"https:\/\/www2.faac.unesp.br\/oedh-nedh\/index.php?rest_route=\/wp\/v2\/users\/2"}],"replies":[{"embeddable":true,"href":"https:\/\/www2.faac.unesp.br\/oedh-nedh\/index.php?rest_route=%2Fwp%2Fv2%2Fcomments&post=223"}],"version-history":[{"count":72,"href":"https:\/\/www2.faac.unesp.br\/oedh-nedh\/index.php?rest_route=\/wp\/v2\/pages\/223\/revisions"}],"predecessor-version":[{"id":3037,"href":"https:\/\/www2.faac.unesp.br\/oedh-nedh\/index.php?rest_route=\/wp\/v2\/pages\/223\/revisions\/3037"}],"up":[{"embeddable":true,"href":"https:\/\/www2.faac.unesp.br\/oedh-nedh\/index.php?rest_route=\/wp\/v2\/pages\/67"}],"wp:attachment":[{"href":"https:\/\/www2.faac.unesp.br\/oedh-nedh\/index.php?rest_route=%2Fwp%2Fv2%2Fmedia&parent=223"}],"curies":[{"name":"wp","href":"https:\/\/api.w.org\/{rel}","templated":true}]}}