{"id":172,"date":"2022-02-08T20:39:06","date_gmt":"2022-02-08T23:39:06","guid":{"rendered":"https:\/\/www2.faac.unesp.br\/oedh-nedh\/?page_id=172"},"modified":"2025-07-22T12:34:28","modified_gmt":"2025-07-22T15:34:28","slug":"aqui","status":"publish","type":"page","link":"https:\/\/www2.faac.unesp.br\/oedh-nedh\/","title":{"rendered":"Aqui"},"content":{"rendered":"\t\t<div data-elementor-type=\"wp-page\" data-elementor-id=\"172\" class=\"elementor elementor-172\">\n\t\t\t\t\t\t<section class=\"elementor-section elementor-top-section elementor-element elementor-element-6236508 elementor-section-stretched elementor-section-boxed elementor-section-height-default elementor-section-height-default\" data-id=\"6236508\" data-element_type=\"section\" data-settings=\"{&quot;stretch_section&quot;:&quot;section-stretched&quot;}\">\n\t\t\t\t\t\t<div class=\"elementor-container elementor-column-gap-default\">\n\t\t\t\t\t<div class=\"elementor-column elementor-col-25 elementor-top-column elementor-element elementor-element-ba505fa\" data-id=\"ba505fa\" data-element_type=\"column\">\n\t\t\t<div class=\"elementor-widget-wrap elementor-element-populated\">\n\t\t\t\t\t\t<div class=\"elementor-element elementor-element-429e908 elementor-invisible elementor-widget elementor-widget-image\" data-id=\"429e908\" data-element_type=\"widget\" data-settings=\"{&quot;_animation&quot;:&quot;fadeIn&quot;}\" data-widget_type=\"image.default\">\n\t\t\t\t<div class=\"elementor-widget-container\">\n\t\t\t<style>\/*! elementor - v3.21.0 - 26-05-2024 *\/\n.elementor-widget-image{text-align:center}.elementor-widget-image a{display:inline-block}.elementor-widget-image a img[src$=\".svg\"]{width:48px}.elementor-widget-image img{vertical-align:middle;display:inline-block}<\/style>\t\t\t\t\t\t\t\t\t\t\t<a href=\"https:\/\/www2.faac.unesp.br\/oedh-nedh\/?page_id=67\">\n\t\t\t\t\t\t\t<img decoding=\"async\" src=\"https:\/\/www2.faac.unesp.br\/oedh-nedh\/wp-content\/uploads\/elementor\/thumbs\/Prancheta-2-4-r950krbnskcd7hhrxl9wm6age5pi908ibagogw6ts4.jpg\" title=\"Prancheta 2\" alt=\"Prancheta 2\" loading=\"lazy\" \/>\t\t\t\t\t\t\t\t<\/a>\n\t\t\t\t\t\t\t\t\t\t\t\t\t<\/div>\n\t\t\t\t<\/div>\n\t\t\t\t<div class=\"elementor-element elementor-element-77d71d1 elementor-invisible elementor-widget elementor-widget-image\" data-id=\"77d71d1\" data-element_type=\"widget\" data-settings=\"{&quot;_animation&quot;:&quot;fadeIn&quot;}\" data-widget_type=\"image.default\">\n\t\t\t\t<div class=\"elementor-widget-container\">\n\t\t\t\t\t\t\t\t\t\t\t\t\t\t<a href=\"https:\/\/www2.faac.unesp.br\/oedh-nedh\/?page_id=67\">\n\t\t\t\t\t\t\t<img decoding=\"async\" src=\"https:\/\/www2.faac.unesp.br\/oedh-nedh\/wp-content\/uploads\/elementor\/thumbs\/Prancheta-4-4-r950kxwj4eldgr87v64almmojut2qvymo712ttx2kk.jpg\" title=\"Prancheta 4\" alt=\"Prancheta 4\" loading=\"lazy\" \/>\t\t\t\t\t\t\t\t<\/a>\n\t\t\t\t\t\t\t\t\t\t\t\t\t<\/div>\n\t\t\t\t<\/div>\n\t\t\t\t<div class=\"elementor-element elementor-element-da21f9f elementor-widget elementor-widget-heading\" data-id=\"da21f9f\" data-element_type=\"widget\" data-widget_type=\"heading.default\">\n\t\t\t\t<div class=\"elementor-widget-container\">\n\t\t\t<style>\/*! elementor - v3.21.0 - 26-05-2024 *\/\n.elementor-heading-title{padding:0;margin:0;line-height:1}.elementor-widget-heading .elementor-heading-title[class*=elementor-size-]>a{color:inherit;font-size:inherit;line-height:inherit}.elementor-widget-heading .elementor-heading-title.elementor-size-small{font-size:15px}.elementor-widget-heading .elementor-heading-title.elementor-size-medium{font-size:19px}.elementor-widget-heading .elementor-heading-title.elementor-size-large{font-size:29px}.elementor-widget-heading .elementor-heading-title.elementor-size-xl{font-size:39px}.elementor-widget-heading .elementor-heading-title.elementor-size-xxl{font-size:59px}<\/style><h2 class=\"elementor-heading-title elementor-size-default\"><a href=\"https:\/\/www2.faac.unesp.br\/oedh-nedh\/?page_id=67\">Pr\u00e1ticas pedag\u00f3gicas<\/a><\/h2>\t\t<\/div>\n\t\t\t\t<\/div>\n\t\t\t\t\t<\/div>\n\t\t<\/div>\n\t\t\t\t<div class=\"elementor-column elementor-col-50 elementor-top-column elementor-element elementor-element-abb76ee\" data-id=\"abb76ee\" data-element_type=\"column\">\n\t\t\t<div class=\"elementor-widget-wrap elementor-element-populated\">\n\t\t\t\t\t\t<div class=\"elementor-element elementor-element-12a8521 elementor-invisible elementor-widget elementor-widget-image\" data-id=\"12a8521\" data-element_type=\"widget\" data-settings=\"{&quot;_animation&quot;:&quot;fadeIn&quot;}\" data-widget_type=\"image.default\">\n\t\t\t\t<div class=\"elementor-widget-container\">\n\t\t\t\t\t\t\t\t\t\t\t\t\t\t<a href=\"https:\/\/www2.faac.unesp.br\/oedh-nedh\/?page_id=73\">\n\t\t\t\t\t\t\t<img decoding=\"async\" src=\"https:\/\/www2.faac.unesp.br\/oedh-nedh\/wp-content\/uploads\/elementor\/thumbs\/modelo-de-imagem-para-pagina-inicial-pkc0sz34he1qs676hc56ompbr6ojd9xfbb49rzqscw.png\" title=\"modelo de imagem para pagina inicial\" alt=\"modelo de imagem para pagina inicial\" loading=\"lazy\" \/>\t\t\t\t\t\t\t\t<\/a>\n\t\t\t\t\t\t\t\t\t\t\t\t\t<\/div>\n\t\t\t\t<\/div>\n\t\t\t\t<div class=\"elementor-element elementor-element-69f8f76 elementor-widget elementor-widget-heading\" data-id=\"69f8f76\" data-element_type=\"widget\" data-widget_type=\"heading.default\">\n\t\t\t\t<div class=\"elementor-widget-container\">\n\t\t\t<h2 class=\"elementor-heading-title elementor-size-default\">V\u00eddeos<\/h2>\t\t<\/div>\n\t\t\t\t<\/div>\n\t\t\t\t\t<\/div>\n\t\t<\/div>\n\t\t\t\t<div class=\"elementor-column elementor-col-25 elementor-top-column elementor-element elementor-element-61f04ee\" data-id=\"61f04ee\" data-element_type=\"column\">\n\t\t\t<div class=\"elementor-widget-wrap elementor-element-populated\">\n\t\t\t\t\t\t<div class=\"elementor-element elementor-element-f75e9d7 elementor-widget__width-inherit elementor-invisible elementor-widget elementor-widget-image\" data-id=\"f75e9d7\" data-element_type=\"widget\" data-settings=\"{&quot;_animation&quot;:&quot;fadeIn&quot;}\" data-widget_type=\"image.default\">\n\t\t\t\t<div class=\"elementor-widget-container\">\n\t\t\t\t\t\t\t\t\t\t\t\t\t\t<a href=\"https:\/\/www2.faac.unesp.br\/oedh-nedh\/?page_id=70\">\n\t\t\t\t\t\t\t<img fetchpriority=\"high\" decoding=\"async\" width=\"2048\" height=\"1536\" src=\"https:\/\/www2.faac.unesp.br\/oedh-nedh\/wp-content\/uploads\/2025\/07\/Curso-para-professores-1.jpg\" class=\"attachment-full size-full wp-image-2184\" alt=\"\" srcset=\"https:\/\/www2.faac.unesp.br\/oedh-nedh\/wp-content\/uploads\/2025\/07\/Curso-para-professores-1.jpg 2048w, https:\/\/www2.faac.unesp.br\/oedh-nedh\/wp-content\/uploads\/2025\/07\/Curso-para-professores-1-300x225.jpg 300w, https:\/\/www2.faac.unesp.br\/oedh-nedh\/wp-content\/uploads\/2025\/07\/Curso-para-professores-1-1024x768.jpg 1024w, https:\/\/www2.faac.unesp.br\/oedh-nedh\/wp-content\/uploads\/2025\/07\/Curso-para-professores-1-768x576.jpg 768w, https:\/\/www2.faac.unesp.br\/oedh-nedh\/wp-content\/uploads\/2025\/07\/Curso-para-professores-1-1536x1152.jpg 1536w, https:\/\/www2.faac.unesp.br\/oedh-nedh\/wp-content\/uploads\/2025\/07\/Curso-para-professores-1-400x300.jpg 400w\" sizes=\"(max-width: 2048px) 100vw, 2048px\" \/>\t\t\t\t\t\t\t\t<\/a>\n\t\t\t\t\t\t\t\t\t\t\t\t\t<\/div>\n\t\t\t\t<\/div>\n\t\t\t\t<div class=\"elementor-element elementor-element-0f47416 elementor-widget elementor-widget-heading\" data-id=\"0f47416\" data-element_type=\"widget\" data-widget_type=\"heading.default\">\n\t\t\t\t<div class=\"elementor-widget-container\">\n\t\t\t<h2 class=\"elementor-heading-title elementor-size-default\"><a href=\"http:\/\/www2.faac.unesp.br\/oedh-nedh\/?page_id=70\">Cursos<\/a><\/h2>\t\t<\/div>\n\t\t\t\t<\/div>\n\t\t\t\t<div data-eael-wrapper-link=\"{&quot;url&quot;:&quot;https:\\\/\\\/www2.faac.unesp.br\\\/oedh-nedh\\\/?page_id=2015&quot;,&quot;is_external&quot;:&quot;&quot;,&quot;nofollow&quot;:&quot;&quot;}\" class=\"elementor-element elementor-element-30e4af4 elementor-invisible elementor-widget elementor-widget-image\" data-id=\"30e4af4\" data-element_type=\"widget\" data-settings=\"{&quot;_animation&quot;:&quot;fadeIn&quot;}\" data-widget_type=\"image.default\">\n\t\t\t\t<div class=\"elementor-widget-container\">\n\t\t\t\t\t\t\t\t\t\t\t\t\t<img decoding=\"async\" width=\"1280\" height=\"555\" src=\"https:\/\/www2.faac.unesp.br\/oedh-nedh\/wp-content\/uploads\/2022\/02\/07-Participacao-em-eventos.jpg\" class=\"attachment-full size-full wp-image-183\" alt=\"\" srcset=\"https:\/\/www2.faac.unesp.br\/oedh-nedh\/wp-content\/uploads\/2022\/02\/07-Participacao-em-eventos.jpg 1280w, https:\/\/www2.faac.unesp.br\/oedh-nedh\/wp-content\/uploads\/2022\/02\/07-Participacao-em-eventos-300x130.jpg 300w, https:\/\/www2.faac.unesp.br\/oedh-nedh\/wp-content\/uploads\/2022\/02\/07-Participacao-em-eventos-1024x444.jpg 1024w, https:\/\/www2.faac.unesp.br\/oedh-nedh\/wp-content\/uploads\/2022\/02\/07-Participacao-em-eventos-768x333.jpg 768w, https:\/\/www2.faac.unesp.br\/oedh-nedh\/wp-content\/uploads\/2022\/02\/07-Participacao-em-eventos-500x217.jpg 500w\" sizes=\"(max-width: 1280px) 100vw, 1280px\" \/>\t\t\t\t\t\t\t\t\t\t\t\t\t<\/div>\n\t\t\t\t<\/div>\n\t\t\t\t<div class=\"elementor-element elementor-element-b45448b elementor-widget elementor-widget-heading\" data-id=\"b45448b\" data-element_type=\"widget\" data-widget_type=\"heading.default\">\n\t\t\t\t<div class=\"elementor-widget-container\">\n\t\t\t<h2 class=\"elementor-heading-title elementor-size-default\"><br>Participa\u00e7\u00e3o em\neventos<\/h2>\t\t<\/div>\n\t\t\t\t<\/div>\n\t\t\t\t\t<\/div>\n\t\t<\/div>\n\t\t\t\t\t<\/div>\n\t\t<\/section>\n\t\t\t\t<section class=\"elementor-section elementor-top-section elementor-element elementor-element-6bb2ead elementor-section-stretched elementor-section-boxed elementor-section-height-default elementor-section-height-default\" data-id=\"6bb2ead\" data-element_type=\"section\" data-settings=\"{&quot;stretch_section&quot;:&quot;section-stretched&quot;}\">\n\t\t\t\t\t\t<div class=\"elementor-container elementor-column-gap-default\">\n\t\t\t\t\t<div class=\"elementor-column elementor-col-25 elementor-top-column elementor-element elementor-element-983b401\" data-id=\"983b401\" data-element_type=\"column\">\n\t\t\t<div class=\"elementor-widget-wrap elementor-element-populated\">\n\t\t\t\t\t\t<div data-eael-wrapper-link=\"{&quot;url&quot;:&quot;https:\\\/\\\/www2.faac.unesp.br\\\/oedh-nedh\\\/?page_id=1929&quot;,&quot;is_external&quot;:&quot;&quot;,&quot;nofollow&quot;:&quot;&quot;}\" class=\"elementor-element elementor-element-047a1de elementor-invisible elementor-widget elementor-widget-image\" data-id=\"047a1de\" data-element_type=\"widget\" data-settings=\"{&quot;_animation&quot;:&quot;fadeIn&quot;}\" data-widget_type=\"image.default\">\n\t\t\t\t<div class=\"elementor-widget-container\">\n\t\t\t\t\t\t\t\t\t\t\t\t\t<img decoding=\"async\" width=\"4000\" height=\"2666\" src=\"https:\/\/www2.faac.unesp.br\/oedh-nedh\/wp-content\/uploads\/2022\/02\/11-2.png\" class=\"attachment-full size-full wp-image-356\" alt=\"\" srcset=\"https:\/\/www2.faac.unesp.br\/oedh-nedh\/wp-content\/uploads\/2022\/02\/11-2.png 4000w, https:\/\/www2.faac.unesp.br\/oedh-nedh\/wp-content\/uploads\/2022\/02\/11-2-300x200.png 300w, https:\/\/www2.faac.unesp.br\/oedh-nedh\/wp-content\/uploads\/2022\/02\/11-2-1024x682.png 1024w, https:\/\/www2.faac.unesp.br\/oedh-nedh\/wp-content\/uploads\/2022\/02\/11-2-768x512.png 768w, https:\/\/www2.faac.unesp.br\/oedh-nedh\/wp-content\/uploads\/2022\/02\/11-2-1536x1024.png 1536w, https:\/\/www2.faac.unesp.br\/oedh-nedh\/wp-content\/uploads\/2022\/02\/11-2-2048x1365.png 2048w, https:\/\/www2.faac.unesp.br\/oedh-nedh\/wp-content\/uploads\/2022\/02\/11-2-450x300.png 450w\" sizes=\"(max-width: 4000px) 100vw, 4000px\" \/>\t\t\t\t\t\t\t\t\t\t\t\t\t<\/div>\n\t\t\t\t<\/div>\n\t\t\t\t<div data-eael-wrapper-link=\"{&quot;url&quot;:&quot;https:\\\/\\\/www2.faac.unesp.br\\\/oedh-nedh\\\/?page_id=1929&quot;,&quot;is_external&quot;:&quot;&quot;,&quot;nofollow&quot;:&quot;&quot;}\" class=\"elementor-element elementor-element-99ac1bd elementor-invisible elementor-widget elementor-widget-image\" data-id=\"99ac1bd\" data-element_type=\"widget\" data-settings=\"{&quot;_animation&quot;:&quot;fadeIn&quot;}\" data-widget_type=\"image.default\">\n\t\t\t\t<div class=\"elementor-widget-container\">\n\t\t\t\t\t\t\t\t\t\t\t\t\t<img loading=\"lazy\" decoding=\"async\" width=\"4000\" height=\"2666\" src=\"https:\/\/www2.faac.unesp.br\/oedh-nedh\/wp-content\/uploads\/2022\/02\/12.png\" class=\"attachment-full size-full wp-image-354\" alt=\"\" srcset=\"https:\/\/www2.faac.unesp.br\/oedh-nedh\/wp-content\/uploads\/2022\/02\/12.png 4000w, https:\/\/www2.faac.unesp.br\/oedh-nedh\/wp-content\/uploads\/2022\/02\/12-300x200.png 300w, https:\/\/www2.faac.unesp.br\/oedh-nedh\/wp-content\/uploads\/2022\/02\/12-1024x682.png 1024w, https:\/\/www2.faac.unesp.br\/oedh-nedh\/wp-content\/uploads\/2022\/02\/12-768x512.png 768w, https:\/\/www2.faac.unesp.br\/oedh-nedh\/wp-content\/uploads\/2022\/02\/12-1536x1024.png 1536w, https:\/\/www2.faac.unesp.br\/oedh-nedh\/wp-content\/uploads\/2022\/02\/12-2048x1365.png 2048w, https:\/\/www2.faac.unesp.br\/oedh-nedh\/wp-content\/uploads\/2022\/02\/12-450x300.png 450w\" sizes=\"(max-width: 4000px) 100vw, 4000px\" \/>\t\t\t\t\t\t\t\t\t\t\t\t\t<\/div>\n\t\t\t\t<\/div>\n\t\t\t\t<div class=\"elementor-element elementor-element-241da85 elementor-widget elementor-widget-heading\" data-id=\"241da85\" data-element_type=\"widget\" data-widget_type=\"heading.default\">\n\t\t\t\t<div class=\"elementor-widget-container\">\n\t\t\t<h2 class=\"elementor-heading-title elementor-size-default\">Inaugura\u00e7\u00e3o do\n NEDH-2010<\/h2>\t\t<\/div>\n\t\t\t\t<\/div>\n\t\t\t\t\t<\/div>\n\t\t<\/div>\n\t\t\t\t<div class=\"elementor-column elementor-col-50 elementor-top-column elementor-element elementor-element-f2c467b\" data-id=\"f2c467b\" data-element_type=\"column\">\n\t\t\t<div class=\"elementor-widget-wrap elementor-element-populated\">\n\t\t\t\t\t\t<div data-eael-wrapper-link=\"{&quot;url&quot;:&quot;https:\\\/\\\/www2.faac.unesp.br\\\/oedh-nedh\\\/?page_id=1982&quot;,&quot;is_external&quot;:&quot;&quot;,&quot;nofollow&quot;:&quot;&quot;}\" class=\"elementor-element elementor-element-600c6d6 elementor-invisible elementor-widget elementor-widget-image\" data-id=\"600c6d6\" data-element_type=\"widget\" data-settings=\"{&quot;_animation&quot;:&quot;fadeIn&quot;}\" data-widget_type=\"image.default\">\n\t\t\t\t<div class=\"elementor-widget-container\">\n\t\t\t\t\t\t\t\t\t\t\t\t\t<img loading=\"lazy\" decoding=\"async\" width=\"640\" height=\"480\" src=\"https:\/\/www2.faac.unesp.br\/oedh-nedh\/wp-content\/uploads\/2022\/02\/09.-orientacoes-em-escolas.jpg\" class=\"attachment-full size-full wp-image-185\" alt=\"\" srcset=\"https:\/\/www2.faac.unesp.br\/oedh-nedh\/wp-content\/uploads\/2022\/02\/09.-orientacoes-em-escolas.jpg 640w, https:\/\/www2.faac.unesp.br\/oedh-nedh\/wp-content\/uploads\/2022\/02\/09.-orientacoes-em-escolas-300x225.jpg 300w, https:\/\/www2.faac.unesp.br\/oedh-nedh\/wp-content\/uploads\/2022\/02\/09.-orientacoes-em-escolas-400x300.jpg 400w\" sizes=\"(max-width: 640px) 100vw, 640px\" \/>\t\t\t\t\t\t\t\t\t\t\t\t\t<\/div>\n\t\t\t\t<\/div>\n\t\t\t\t<div class=\"elementor-element elementor-element-9c1bc01 elementor-widget elementor-widget-heading\" data-id=\"9c1bc01\" data-element_type=\"widget\" data-widget_type=\"heading.default\">\n\t\t\t\t<div class=\"elementor-widget-container\">\n\t\t\t<h2 class=\"elementor-heading-title elementor-size-default\">Orienta\u00e7\u00f5es nas escolas<\/h2>\t\t<\/div>\n\t\t\t\t<\/div>\n\t\t\t\t\t<\/div>\n\t\t<\/div>\n\t\t\t\t<div data-eael-wrapper-link=\"{&quot;url&quot;:&quot;https:\\\/\\\/www2.faac.unesp.br\\\/oedh-nedh\\\/?page_id=1950&quot;,&quot;is_external&quot;:&quot;&quot;,&quot;nofollow&quot;:&quot;&quot;}\" class=\"elementor-column elementor-col-25 elementor-top-column elementor-element elementor-element-fa62760\" data-id=\"fa62760\" data-element_type=\"column\">\n\t\t\t<div class=\"elementor-widget-wrap elementor-element-populated\">\n\t\t\t\t\t\t<div class=\"elementor-element elementor-element-7bd8969 elementor-invisible elementor-widget elementor-widget-image\" data-id=\"7bd8969\" data-element_type=\"widget\" data-settings=\"{&quot;_animation&quot;:&quot;fadeIn&quot;}\" data-widget_type=\"image.default\">\n\t\t\t\t<div class=\"elementor-widget-container\">\n\t\t\t\t\t\t\t\t\t\t\t\t\t<img decoding=\"async\" src=\"https:\/\/www2.faac.unesp.br\/oedh-nedh\/wp-content\/uploads\/elementor\/thumbs\/Reuniao-de-estudos-2-1-r950qlvp0nozb5vh251rr4sp5u1orv4u53tvsl5d8g.jpg\" title=\"Reuni\u00e3o de estudos (2)\" alt=\"Reuni\u00e3o de estudos (2)\" loading=\"lazy\" \/>\t\t\t\t\t\t\t\t\t\t\t\t\t<\/div>\n\t\t\t\t<\/div>\n\t\t\t\t<div class=\"elementor-element elementor-element-545f1a6 elementor-widget elementor-widget-heading\" data-id=\"545f1a6\" data-element_type=\"widget\" data-widget_type=\"heading.default\">\n\t\t\t\t<div class=\"elementor-widget-container\">\n\t\t\t<h2 class=\"elementor-heading-title elementor-size-default\">Reuni\u00f5es de estudos<\/h2>\t\t<\/div>\n\t\t\t\t<\/div>\n\t\t\t\t\t<\/div>\n\t\t<\/div>\n\t\t\t\t\t<\/div>\n\t\t<\/section>\n\t\t\t\t<\/div>\n\t\t","protected":false},"excerpt":{"rendered":"<p>Pr\u00e1ticas pedag\u00f3gicas V\u00eddeos Cursos Participa\u00e7\u00e3o em eventos Inaugura\u00e7\u00e3o do NEDH-2010 Orienta\u00e7\u00f5es nas escolas Reuni\u00f5es de estudos<\/p>\n","protected":false},"author":2,"featured_media":0,"parent":0,"menu_order":0,"comment_status":"closed","ping_status":"closed","template":"","meta":{"footnotes":""},"_links":{"self":[{"href":"https:\/\/www2.faac.unesp.br\/oedh-nedh\/index.php?rest_route=\/wp\/v2\/pages\/172"}],"collection":[{"href":"https:\/\/www2.faac.unesp.br\/oedh-nedh\/index.php?rest_route=\/wp\/v2\/pages"}],"about":[{"href":"https:\/\/www2.faac.unesp.br\/oedh-nedh\/index.php?rest_route=\/wp\/v2\/types\/page"}],"author":[{"embeddable":true,"href":"https:\/\/www2.faac.unesp.br\/oedh-nedh\/index.php?rest_route=\/wp\/v2\/users\/2"}],"replies":[{"embeddable":true,"href":"https:\/\/www2.faac.unesp.br\/oedh-nedh\/index.php?rest_route=%2Fwp%2Fv2%2Fcomments&post=172"}],"version-history":[{"count":76,"href":"https:\/\/www2.faac.unesp.br\/oedh-nedh\/index.php?rest_route=\/wp\/v2\/pages\/172\/revisions"}],"predecessor-version":[{"id":2205,"href":"https:\/\/www2.faac.unesp.br\/oedh-nedh\/index.php?rest_route=\/wp\/v2\/pages\/172\/revisions\/2205"}],"wp:attachment":[{"href":"https:\/\/www2.faac.unesp.br\/oedh-nedh\/index.php?rest_route=%2Fwp%2Fv2%2Fmedia&parent=172"}],"curies":[{"name":"wp","href":"https:\/\/api.w.org\/{rel}","templated":true}]}}