{"id":1419,"date":"2024-10-25T09:55:35","date_gmt":"2024-10-25T12:55:35","guid":{"rendered":"https:\/\/www2.faac.unesp.br\/oedh-nedh\/?page_id=1419"},"modified":"2024-10-25T10:04:00","modified_gmt":"2024-10-25T13:04:00","slug":"direito-a-identidade-cultural","status":"publish","type":"page","link":"https:\/\/www2.faac.unesp.br\/oedh-nedh\/?page_id=1419","title":{"rendered":"Direito \u00e0 identidade cultural"},"content":{"rendered":"\t\t<div data-elementor-type=\"wp-page\" data-elementor-id=\"1419\" class=\"elementor elementor-1419\">\n\t\t\t\t\t\t<section class=\"elementor-section elementor-top-section elementor-element elementor-element-ec9097d elementor-section-boxed elementor-section-height-default elementor-section-height-default\" data-id=\"ec9097d\" data-element_type=\"section\">\n\t\t\t\t\t\t<div class=\"elementor-container elementor-column-gap-default\">\n\t\t\t\t\t<div class=\"elementor-column elementor-col-100 elementor-top-column elementor-element elementor-element-5ec26e9\" data-id=\"5ec26e9\" data-element_type=\"column\">\n\t\t\t<div class=\"elementor-widget-wrap elementor-element-populated\">\n\t\t\t\t\t\t<div class=\"elementor-element elementor-element-2e3b28a elementor-invisible elementor-widget elementor-widget-heading\" data-id=\"2e3b28a\" data-element_type=\"widget\" data-settings=\"{&quot;_animation&quot;:&quot;fadeInDown&quot;,&quot;_animation_mobile&quot;:&quot;fadeInDown&quot;}\" data-widget_type=\"heading.default\">\n\t\t\t\t<div class=\"elementor-widget-container\">\n\t\t\t<style>\/*! elementor - v3.21.0 - 26-05-2024 *\/\n.elementor-heading-title{padding:0;margin:0;line-height:1}.elementor-widget-heading .elementor-heading-title[class*=elementor-size-]>a{color:inherit;font-size:inherit;line-height:inherit}.elementor-widget-heading .elementor-heading-title.elementor-size-small{font-size:15px}.elementor-widget-heading .elementor-heading-title.elementor-size-medium{font-size:19px}.elementor-widget-heading .elementor-heading-title.elementor-size-large{font-size:29px}.elementor-widget-heading .elementor-heading-title.elementor-size-xl{font-size:39px}.elementor-widget-heading .elementor-heading-title.elementor-size-xxl{font-size:59px}<\/style><h2 class=\"elementor-heading-title elementor-size-medium\"><br>Direito \u00e0 identidade cultural<\/h2>\t\t<\/div>\n\t\t\t\t<\/div>\n\t\t\t\t\t<\/div>\n\t\t<\/div>\n\t\t\t\t\t<\/div>\n\t\t<\/section>\n\t\t\t\t<section class=\"elementor-section elementor-top-section elementor-element elementor-element-4d3d159 elementor-section-boxed elementor-section-height-default elementor-section-height-default\" data-id=\"4d3d159\" data-element_type=\"section\">\n\t\t\t\t\t\t<div class=\"elementor-container elementor-column-gap-default\">\n\t\t\t\t\t<div class=\"elementor-column elementor-col-100 elementor-top-column elementor-element elementor-element-f116dff\" data-id=\"f116dff\" data-element_type=\"column\">\n\t\t\t<div class=\"elementor-widget-wrap elementor-element-populated\">\n\t\t\t\t\t\t<div class=\"elementor-element elementor-element-468042b elementor-widget__width-initial elementor-widget elementor-widget-text-editor\" data-id=\"468042b\" data-element_type=\"widget\" data-widget_type=\"text-editor.default\">\n\t\t\t\t<div class=\"elementor-widget-container\">\n\t\t\t<style>\/*! elementor - v3.21.0 - 26-05-2024 *\/\n.elementor-widget-text-editor.elementor-drop-cap-view-stacked .elementor-drop-cap{background-color:#69727d;color:#fff}.elementor-widget-text-editor.elementor-drop-cap-view-framed .elementor-drop-cap{color:#69727d;border:3px solid;background-color:transparent}.elementor-widget-text-editor:not(.elementor-drop-cap-view-default) .elementor-drop-cap{margin-top:8px}.elementor-widget-text-editor:not(.elementor-drop-cap-view-default) .elementor-drop-cap-letter{width:1em;height:1em}.elementor-widget-text-editor .elementor-drop-cap{float:left;text-align:center;line-height:1;font-size:50px}.elementor-widget-text-editor .elementor-drop-cap-letter{display:inline-block}<\/style>\t\t\t\t<p><span class=\"wsw-21\"><span style=\"color: #993300;\"><em>Conceitua\u00e7\u00e3o:<\/em><\/span> Identidade cultural<\/span><\/p>\t\t\t\t\t\t<\/div>\n\t\t\t\t<\/div>\n\t\t\t\t<div class=\"elementor-element elementor-element-4cfe4b1 elementor-invisible elementor-widget elementor-widget-text-editor\" data-id=\"4cfe4b1\" data-element_type=\"widget\" data-settings=\"{&quot;_animation&quot;:&quot;fadeIn&quot;}\" data-widget_type=\"text-editor.default\">\n\t\t\t\t<div class=\"elementor-widget-container\">\n\t\t\t\t\t\t\t<h1><a style=\"font-style: normal; background-color: transparent; color: #393939; transition: color 0.2s ease-in-out, border 0.2s ease-in-out, text-decoration-color 0.2s ease-in-out; text-underline-offset: 2px; text-decoration-line: underline; text-decoration-thickness: from-font; text-decoration-color: rgba(57, 57, 57, 0.5); font-family: Metropolis, Metropolis-Fallback, 'Apple Color Emoji', 'Noto Color Emoji', sans-serif; font-size: 18px; font-weight: 400; letter-spacing: normal; text-align: start; word-spacing: 0px; -webkit-tap-highlight-color: transparent !important;\" href=\"https:\/\/mundoeducacao.uol.com.br\/sociologia\/identidade-cultural.htm#:~:text=A%20identidade%20cultural%20%C3%A9%20um,que%20se%20distingue%20dos%20outros\" target=\"_blank\" rel=\"noopener\"><span style=\"font-size: 14.4px; -webkit-tap-highlight-color: transparent !important;\">https:\/\/mundoeducacao.uol.com.br\/sociologia\/identidade-cultural.htm#:~:text=A%20identidade%20cultural%20%C3%A9%20um,que%20se%20distingue%20dos%20outros<\/span><\/a><\/h1>\t\t\t\t\t\t<\/div>\n\t\t\t\t<\/div>\n\t\t\t\t\t<\/div>\n\t\t<\/div>\n\t\t\t\t\t<\/div>\n\t\t<\/section>\n\t\t\t\t<section class=\"elementor-section elementor-top-section elementor-element elementor-element-77915cf elementor-section-boxed elementor-section-height-default elementor-section-height-default\" data-id=\"77915cf\" data-element_type=\"section\">\n\t\t\t\t\t\t<div class=\"elementor-container elementor-column-gap-default\">\n\t\t\t\t\t<div class=\"elementor-column elementor-col-100 elementor-top-column elementor-element elementor-element-2ed477f\" data-id=\"2ed477f\" data-element_type=\"column\">\n\t\t\t<div class=\"elementor-widget-wrap elementor-element-populated\">\n\t\t\t\t\t\t<div class=\"elementor-element elementor-element-1e7c5e8 elementor-widget__width-initial elementor-widget elementor-widget-text-editor\" data-id=\"1e7c5e8\" data-element_type=\"widget\" data-widget_type=\"text-editor.default\">\n\t\t\t\t<div class=\"elementor-widget-container\">\n\t\t\t\t\t\t\t<p><span style=\"color: #993300;\"><em>Documento: <\/em><\/span>Declara\u00e7\u00e3o Universal sobre a diversidade cultural \/ Unesco<\/p>\t\t\t\t\t\t<\/div>\n\t\t\t\t<\/div>\n\t\t\t\t<div class=\"elementor-element elementor-element-0dc1e87 elementor-invisible elementor-widget elementor-widget-text-editor\" data-id=\"0dc1e87\" data-element_type=\"widget\" data-settings=\"{&quot;_animation&quot;:&quot;fadeIn&quot;}\" data-widget_type=\"text-editor.default\">\n\t\t\t\t<div class=\"elementor-widget-container\">\n\t\t\t\t\t\t\t<p><a style=\"background-color: transparent; color: #393939; transition: color 0.2s ease-in-out, border 0.2s ease-in-out, text-decoration-color 0.2s ease-in-out; text-underline-offset: 2px; text-decoration-line: underline; text-decoration-thickness: from-font; text-decoration-color: rgba(57, 57, 57, 0.5); font-family: Metropolis, Metropolis-Fallback, 'Apple Color Emoji', 'Noto Color Emoji', sans-serif; font-size: 18px; font-style: normal; font-weight: 400; letter-spacing: normal; text-align: start; word-spacing: 0px; -webkit-tap-highlight-color: transparent !important;\" href=\"https:\/\/www.peaunesco-sp.com.br\/destaque\/diversidade_cultural.pdf\" target=\"_blank\" rel=\"noopener\">https:\/\/www.peaunesco-sp.com.br\/destaque\/diversidade_cultural.pdf<\/a><\/p>\t\t\t\t\t\t<\/div>\n\t\t\t\t<\/div>\n\t\t\t\t\t<\/div>\n\t\t<\/div>\n\t\t\t\t\t<\/div>\n\t\t<\/section>\n\t\t\t\t<section class=\"elementor-section elementor-top-section elementor-element elementor-element-c76f121 elementor-section-boxed elementor-section-height-default elementor-section-height-default\" data-id=\"c76f121\" data-element_type=\"section\">\n\t\t\t\t\t\t<div class=\"elementor-container elementor-column-gap-default\">\n\t\t\t\t\t<div class=\"elementor-column elementor-col-100 elementor-top-column elementor-element elementor-element-a129dd3\" data-id=\"a129dd3\" data-element_type=\"column\">\n\t\t\t<div class=\"elementor-widget-wrap elementor-element-populated\">\n\t\t\t\t\t\t<div class=\"elementor-element elementor-element-e921e51 elementor-widget__width-initial elementor-widget elementor-widget-text-editor\" data-id=\"e921e51\" data-element_type=\"widget\" data-widget_type=\"text-editor.default\">\n\t\t\t\t<div class=\"elementor-widget-container\">\n\t\t\t\t\t\t\t<p><span style=\"color: #993300;\"><em>Artigo: <\/em><\/span>Diferen\u00e7as, educa\u00e7\u00e3o intercultural e decolonialidade: temas insurgentes &#8211; Vera Maria Candau<\/p>\t\t\t\t\t\t<\/div>\n\t\t\t\t<\/div>\n\t\t\t\t<div class=\"elementor-element elementor-element-f700997 elementor-invisible elementor-widget elementor-widget-text-editor\" data-id=\"f700997\" data-element_type=\"widget\" data-settings=\"{&quot;_animation&quot;:&quot;fadeIn&quot;}\" data-widget_type=\"text-editor.default\">\n\t\t\t\t<div class=\"elementor-widget-container\">\n\t\t\t\t\t\t\t<p><a style=\"background-color: transparent; color: #393939; transition: color 0.2s ease-in-out, border 0.2s ease-in-out, text-decoration-color 0.2s ease-in-out; text-underline-offset: 2px; text-decoration-line: underline; text-decoration-thickness: from-font; text-decoration-color: rgba(57, 57, 57, 0.5); font-family: Metropolis, Metropolis-Fallback, 'Apple Color Emoji', 'Noto Color Emoji', sans-serif; font-size: 18px; font-style: normal; font-weight: 400; letter-spacing: normal; text-align: start; word-spacing: 0px; -webkit-tap-highlight-color: transparent !important;\" href=\"https:\/\/periodicos.ufpb.br\/index.php\/rec\/article\/view\/54949\/32178\" target=\"_blank\" rel=\"noopener\">https:\/\/periodicos.ufpb.br\/index.php\/rec\/article\/view\/54949\/32178<\/a><\/p>\t\t\t\t\t\t<\/div>\n\t\t\t\t<\/div>\n\t\t\t\t\t<\/div>\n\t\t<\/div>\n\t\t\t\t\t<\/div>\n\t\t<\/section>\n\t\t\t\t<section class=\"elementor-section elementor-top-section elementor-element elementor-element-fd809aa elementor-section-boxed elementor-section-height-default elementor-section-height-default\" data-id=\"fd809aa\" data-element_type=\"section\">\n\t\t\t\t\t\t<div class=\"elementor-container elementor-column-gap-default\">\n\t\t\t\t\t<div class=\"elementor-column elementor-col-100 elementor-top-column elementor-element elementor-element-63f78ed\" data-id=\"63f78ed\" data-element_type=\"column\">\n\t\t\t<div class=\"elementor-widget-wrap elementor-element-populated\">\n\t\t\t\t\t\t<div class=\"elementor-element elementor-element-a815ac6 elementor-widget__width-initial elementor-widget elementor-widget-text-editor\" data-id=\"a815ac6\" data-element_type=\"widget\" data-widget_type=\"text-editor.default\">\n\t\t\t\t<div class=\"elementor-widget-container\">\n\t\t\t\t\t\t\t<p><span style=\"color: #993300;\"><em>V\u00eddeo: <\/em><\/span><span class=\"wsw-31\"><span class=\"wsw-21\">Identidade afro-brasileira <\/span>[11:26]<br \/><\/span><\/p>\t\t\t\t\t\t<\/div>\n\t\t\t\t<\/div>\n\t\t\t\t<div class=\"elementor-element elementor-element-80a7ee9 elementor-invisible elementor-widget elementor-widget-text-editor\" data-id=\"80a7ee9\" data-element_type=\"widget\" data-settings=\"{&quot;_animation&quot;:&quot;fadeIn&quot;}\" data-widget_type=\"text-editor.default\">\n\t\t\t\t<div class=\"elementor-widget-container\">\n\t\t\t\t\t\t\t<p><a style=\"background-color: transparent; color: #393939; transition: color 0.2s ease-in-out, border 0.2s ease-in-out, text-decoration-color 0.2s ease-in-out; text-underline-offset: 2px; text-decoration-line: underline; text-decoration-thickness: from-font; text-decoration-color: rgba(57, 57, 57, 0.5); font-family: Metropolis, Metropolis-Fallback, 'Apple Color Emoji', 'Noto Color Emoji', sans-serif; font-size: 18px; font-style: normal; font-weight: 400; letter-spacing: normal; text-align: start; word-spacing: 0px; -webkit-tap-highlight-color: transparent !important;\" href=\"https:\/\/www.youtube.com\/watch?v=yoi2ccE1f40\" target=\"_blank\" rel=\"noopener\">https:\/\/www.youtube.com\/watch?v=yoi2ccE1f40<\/a><\/p>\t\t\t\t\t\t<\/div>\n\t\t\t\t<\/div>\n\t\t\t\t\t<\/div>\n\t\t<\/div>\n\t\t\t\t\t<\/div>\n\t\t<\/section>\n\t\t\t\t<section class=\"elementor-section elementor-top-section elementor-element elementor-element-ea6ecb1 elementor-section-boxed elementor-section-height-default elementor-section-height-default\" data-id=\"ea6ecb1\" data-element_type=\"section\">\n\t\t\t\t\t\t<div class=\"elementor-container elementor-column-gap-default\">\n\t\t\t\t\t<div class=\"elementor-column elementor-col-100 elementor-top-column elementor-element elementor-element-c9c97d3\" data-id=\"c9c97d3\" data-element_type=\"column\">\n\t\t\t<div class=\"elementor-widget-wrap elementor-element-populated\">\n\t\t\t\t\t\t<div class=\"elementor-element elementor-element-5e91fef elementor-widget__width-initial elementor-widget elementor-widget-text-editor\" data-id=\"5e91fef\" data-element_type=\"widget\" data-widget_type=\"text-editor.default\">\n\t\t\t\t<div class=\"elementor-widget-container\">\n\t\t\t\t\t\t\t<p><span style=\"color: #993300;\"><em>Reportagem: <\/em><\/span><span class=\"wsw-02\">19 de abril: a luta pelos direitos e identidade ind\u00edgenas<\/span><\/p>\t\t\t\t\t\t<\/div>\n\t\t\t\t<\/div>\n\t\t\t\t<div class=\"elementor-element elementor-element-23fd456 elementor-invisible elementor-widget elementor-widget-text-editor\" data-id=\"23fd456\" data-element_type=\"widget\" data-settings=\"{&quot;_animation&quot;:&quot;fadeIn&quot;}\" data-widget_type=\"text-editor.default\">\n\t\t\t\t<div class=\"elementor-widget-container\">\n\t\t\t\t\t\t\t<p><a style=\"background-color: transparent; color: #393939; transition: color 0.2s ease-in-out, border 0.2s ease-in-out, text-decoration-color 0.2s ease-in-out; text-underline-offset: 2px; text-decoration-line: underline; text-decoration-thickness: from-font; text-decoration-color: rgba(57, 57, 57, 0.5); font-family: Metropolis, Metropolis-Fallback, 'Apple Color Emoji', 'Noto Color Emoji', sans-serif; font-size: 16.2px; font-style: normal; font-weight: 400; letter-spacing: normal; text-align: start; word-spacing: 0px; -webkit-tap-highlight-color: transparent !important;\" href=\"https:\/\/esquerdaonline.com.br\/2018\/04\/19\/19-de-abril-a-luta-pelos-direitos-e-identidade-indigenas\/\" target=\"_blank\" rel=\"noopener\">https:\/\/esquerdaonline.com.br\/2018\/04\/19\/19-de-abril-a-luta-pelos-direitos-e-identidade-indigenas\/<\/a><\/p>\t\t\t\t\t\t<\/div>\n\t\t\t\t<\/div>\n\t\t\t\t\t<\/div>\n\t\t<\/div>\n\t\t\t\t\t<\/div>\n\t\t<\/section>\n\t\t\t\t<section class=\"elementor-section elementor-top-section elementor-element elementor-element-a1ead1f elementor-section-boxed elementor-section-height-default elementor-section-height-default\" data-id=\"a1ead1f\" data-element_type=\"section\">\n\t\t\t\t\t\t<div class=\"elementor-container elementor-column-gap-default\">\n\t\t\t\t\t<div class=\"elementor-column elementor-col-100 elementor-top-column elementor-element elementor-element-30acde6\" data-id=\"30acde6\" data-element_type=\"column\">\n\t\t\t<div class=\"elementor-widget-wrap elementor-element-populated\">\n\t\t\t\t\t\t<div class=\"elementor-element elementor-element-d66e3a8 elementor-widget__width-initial elementor-widget elementor-widget-text-editor\" data-id=\"d66e3a8\" data-element_type=\"widget\" data-widget_type=\"text-editor.default\">\n\t\t\t\t<div class=\"elementor-widget-container\">\n\t\t\t\t\t\t\t<p><span style=\"color: #993300;\"><em>Educa\u00e7\u00e3o:<\/em><\/span> Import\u00e2ncia da diversidade cultural no desenvolvimento da crian\u00e7a<\/p>\t\t\t\t\t\t<\/div>\n\t\t\t\t<\/div>\n\t\t\t\t<div class=\"elementor-element elementor-element-a2cb128 elementor-invisible elementor-widget elementor-widget-text-editor\" data-id=\"a2cb128\" data-element_type=\"widget\" data-settings=\"{&quot;_animation&quot;:&quot;fadeIn&quot;}\" data-widget_type=\"text-editor.default\">\n\t\t\t\t<div class=\"elementor-widget-container\">\n\t\t\t\t\t\t\t<p><span style=\"color: rgb(102, 102, 102); font-family: Metropolis, Metropolis-Fallback, &quot;Apple Color Emoji&quot;, &quot;Noto Color Emoji&quot;, sans-serif; font-size: 18px; font-style: normal; font-weight: 400; letter-spacing: normal; word-spacing: 0px;\">&#8211;&nbsp;<\/span><a href=\"https:\/\/blog.colegioarnaldo.com.br\/diversidade-cultural\/\" target=\"_blank\" style=\"background-color: transparent; color: rgb(57, 57, 57); transition: color 0.2s ease-in-out, border 0.2s ease-in-out, text-decoration-color 0.2s ease-in-out; text-underline-offset: 2px; text-decoration-line: underline; text-decoration-thickness: from-font; text-decoration-color: rgba(57, 57, 57, 0.5); font-family: Metropolis, Metropolis-Fallback, &quot;Apple Color Emoji&quot;, &quot;Noto Color Emoji&quot;, sans-serif; font-size: 18px; font-style: normal; font-weight: 400; letter-spacing: normal; word-spacing: 0px; -webkit-tap-highlight-color: transparent !important;\">https:\/\/blog.colegioarnaldo.com.br\/diversidade-cultural\/<\/a><br style=\"color: rgb(102, 102, 102); font-family: Metropolis, Metropolis-Fallback, &quot;Apple Color Emoji&quot;, &quot;Noto Color Emoji&quot;, sans-serif; font-size: 18px; letter-spacing: normal; word-spacing: 0px; -webkit-tap-highlight-color: transparent !important;\"><font class=\"wnd-font-size-90\" style=\"font-size: 16.2px; color: rgb(102, 102, 102); font-family: Metropolis, Metropolis-Fallback, &quot;Apple Color Emoji&quot;, &quot;Noto Color Emoji&quot;, sans-serif; font-style: normal; font-weight: 400; letter-spacing: normal; word-spacing: 0px; -webkit-tap-highlight-color: transparent !important;\">&#8211;&nbsp;<font class=\"wnd-font-size-90\" style=\"font-size: 14.58px; -webkit-tap-highlight-color: transparent !important;\"><a href=\"https:\/\/leiturinha.com.br\/blog\/por-que-e-importante-que-os-pequenos-conhecam-culturas-diferentes\/\" target=\"_blank\" style=\"background-color: transparent; color: rgb(57, 57, 57); transition: color 0.2s ease-in-out, border 0.2s ease-in-out, text-decoration-color 0.2s ease-in-out; text-underline-offset: 2px; text-decoration-line: underline; text-decoration-thickness: from-font; text-decoration-color: rgba(57, 57, 57, 0.5); -webkit-tap-highlight-color: transparent !important;\">https:\/\/leiturinha.com.br\/blog\/por-que-e-importante-que-os-pequenos-conhecam-culturas-diferentes\/<\/a><br style=\"-webkit-tap-highlight-color: transparent !important;\"><\/font><\/font><span style=\"color: rgb(102, 102, 102); font-family: Metropolis, Metropolis-Fallback, &quot;Apple Color Emoji&quot;, &quot;Noto Color Emoji&quot;, sans-serif; font-size: 18px; font-style: normal; font-weight: 400; letter-spacing: normal; word-spacing: 0px;\">&#8211;&nbsp;<\/span><a href=\"https:\/\/leiturinha.com.br\/blog\/como-trabalhar-diversidade-e-inclusao-na-infancia\/\" target=\"_blank\" style=\"background-color: transparent; color: rgb(57, 57, 57); transition: color 0.2s ease-in-out, border 0.2s ease-in-out, text-decoration-color 0.2s ease-in-out; text-underline-offset: 2px; text-decoration-line: underline; text-decoration-thickness: from-font; text-decoration-color: rgba(57, 57, 57, 0.5); font-family: Metropolis, Metropolis-Fallback, &quot;Apple Color Emoji&quot;, &quot;Noto Color Emoji&quot;, sans-serif; font-size: 18px; font-style: normal; font-weight: 400; letter-spacing: normal; word-spacing: 0px; -webkit-tap-highlight-color: transparent !important;\">https:\/\/leiturinha.com.br\/blog\/como-trabalhar-diversidade-e-inclusao-na-infancia\/<\/a><\/p>\t\t\t\t\t\t<\/div>\n\t\t\t\t<\/div>\n\t\t\t\t\t<\/div>\n\t\t<\/div>\n\t\t\t\t\t<\/div>\n\t\t<\/section>\n\t\t\t\t<section class=\"elementor-section elementor-top-section elementor-element elementor-element-ad46a15 elementor-section-boxed elementor-section-height-default elementor-section-height-default\" data-id=\"ad46a15\" data-element_type=\"section\">\n\t\t\t\t\t\t<div class=\"elementor-container elementor-column-gap-default\">\n\t\t\t\t\t<div class=\"elementor-column elementor-col-100 elementor-top-column elementor-element elementor-element-000beea\" data-id=\"000beea\" data-element_type=\"column\">\n\t\t\t<div class=\"elementor-widget-wrap elementor-element-populated\">\n\t\t\t\t\t\t<div class=\"elementor-element elementor-element-50c897d elementor-invisible elementor-widget elementor-widget-text-editor\" data-id=\"50c897d\" data-element_type=\"widget\" data-settings=\"{&quot;_animation&quot;:&quot;fadeIn&quot;}\" data-widget_type=\"text-editor.default\">\n\t\t\t\t<div class=\"elementor-widget-container\">\n\t\t\t\t\t\t\t<p style=\"margin-bottom: 0.0001pt; line-height: normal; text-align: right;\"><strong>&gt;&gt;&gt;\u00a0<span style=\"color: #910101;\"><a style=\"color: #910101;\" href=\"https:\/\/www2.faac.unesp.br\/oedh-nedh\/?page_id=1269\">Voltar<\/a><\/span><\/strong><\/p>\t\t\t\t\t\t<\/div>\n\t\t\t\t<\/div>\n\t\t\t\t\t<\/div>\n\t\t<\/div>\n\t\t\t\t\t<\/div>\n\t\t<\/section>\n\t\t\t\t<\/div>\n\t\t","protected":false},"excerpt":{"rendered":"<p>Direito \u00e0 identidade cultural Conceitua\u00e7\u00e3o: Identidade cultural https:\/\/mundoeducacao.uol.com.br\/sociologia\/identidade-cultural.htm#:~:text=A%20identidade%20cultural%20%C3%A9%20um,que%20se%20distingue%20dos%20outros Documento: Declara\u00e7\u00e3o Universal sobre a diversidade cultural \/ Unesco https:\/\/www.peaunesco-sp.com.br\/destaque\/diversidade_cultural.pdf Artigo: Diferen\u00e7as, educa\u00e7\u00e3o intercultural e decolonialidade: temas insurgentes &#8211; Vera Maria Candau https:\/\/periodicos.ufpb.br\/index.php\/rec\/article\/view\/54949\/32178 V\u00eddeo: Identidade afro-brasileira [11:26] https:\/\/www.youtube.com\/watch?v=yoi2ccE1f40 Reportagem: 19 de abril: &hellip; <a href=\"https:\/\/www2.faac.unesp.br\/oedh-nedh\/?page_id=1419\">Continue lendo <span class=\"meta-nav\">&rarr;<\/span><\/a><\/p>\n","protected":false},"author":2,"featured_media":0,"parent":0,"menu_order":0,"comment_status":"closed","ping_status":"closed","template":"","meta":{"footnotes":""},"_links":{"self":[{"href":"https:\/\/www2.faac.unesp.br\/oedh-nedh\/index.php?rest_route=\/wp\/v2\/pages\/1419"}],"collection":[{"href":"https:\/\/www2.faac.unesp.br\/oedh-nedh\/index.php?rest_route=\/wp\/v2\/pages"}],"about":[{"href":"https:\/\/www2.faac.unesp.br\/oedh-nedh\/index.php?rest_route=\/wp\/v2\/types\/page"}],"author":[{"embeddable":true,"href":"https:\/\/www2.faac.unesp.br\/oedh-nedh\/index.php?rest_route=\/wp\/v2\/users\/2"}],"replies":[{"embeddable":true,"href":"https:\/\/www2.faac.unesp.br\/oedh-nedh\/index.php?rest_route=%2Fwp%2Fv2%2Fcomments&post=1419"}],"version-history":[{"count":4,"href":"https:\/\/www2.faac.unesp.br\/oedh-nedh\/index.php?rest_route=\/wp\/v2\/pages\/1419\/revisions"}],"predecessor-version":[{"id":1424,"href":"https:\/\/www2.faac.unesp.br\/oedh-nedh\/index.php?rest_route=\/wp\/v2\/pages\/1419\/revisions\/1424"}],"wp:attachment":[{"href":"https:\/\/www2.faac.unesp.br\/oedh-nedh\/index.php?rest_route=%2Fwp%2Fv2%2Fmedia&parent=1419"}],"curies":[{"name":"wp","href":"https:\/\/api.w.org\/{rel}","templated":true}]}}