{"id":1410,"date":"2024-10-25T09:46:41","date_gmt":"2024-10-25T12:46:41","guid":{"rendered":"https:\/\/www2.faac.unesp.br\/oedh-nedh\/?page_id=1410"},"modified":"2025-04-09T18:40:54","modified_gmt":"2025-04-09T21:40:54","slug":"direito-a-cultura","status":"publish","type":"page","link":"https:\/\/www2.faac.unesp.br\/oedh-nedh\/?page_id=1410","title":{"rendered":"Direito \u00e0 cultura"},"content":{"rendered":"\t\t<div data-elementor-type=\"wp-page\" data-elementor-id=\"1410\" class=\"elementor elementor-1410\">\n\t\t\t\t\t\t<section class=\"elementor-section elementor-top-section elementor-element elementor-element-ec9097d elementor-section-boxed elementor-section-height-default elementor-section-height-default\" data-id=\"ec9097d\" data-element_type=\"section\">\n\t\t\t\t\t\t<div class=\"elementor-container elementor-column-gap-default\">\n\t\t\t\t\t<div class=\"elementor-column elementor-col-100 elementor-top-column elementor-element elementor-element-5ec26e9\" data-id=\"5ec26e9\" data-element_type=\"column\">\n\t\t\t<div class=\"elementor-widget-wrap elementor-element-populated\">\n\t\t\t\t\t\t<div class=\"elementor-element elementor-element-2e3b28a elementor-invisible elementor-widget elementor-widget-heading\" data-id=\"2e3b28a\" data-element_type=\"widget\" data-settings=\"{&quot;_animation&quot;:&quot;fadeInDown&quot;,&quot;_animation_mobile&quot;:&quot;fadeInDown&quot;}\" data-widget_type=\"heading.default\">\n\t\t\t\t<div class=\"elementor-widget-container\">\n\t\t\t<style>\/*! elementor - v3.21.0 - 26-05-2024 *\/\n.elementor-heading-title{padding:0;margin:0;line-height:1}.elementor-widget-heading .elementor-heading-title[class*=elementor-size-]>a{color:inherit;font-size:inherit;line-height:inherit}.elementor-widget-heading .elementor-heading-title.elementor-size-small{font-size:15px}.elementor-widget-heading .elementor-heading-title.elementor-size-medium{font-size:19px}.elementor-widget-heading .elementor-heading-title.elementor-size-large{font-size:29px}.elementor-widget-heading .elementor-heading-title.elementor-size-xl{font-size:39px}.elementor-widget-heading .elementor-heading-title.elementor-size-xxl{font-size:59px}<\/style><h2 class=\"elementor-heading-title elementor-size-medium\"><br>Direito \u00e0 cultura<\/h2>\t\t<\/div>\n\t\t\t\t<\/div>\n\t\t\t\t<div class=\"elementor-element elementor-element-1b005ca elementor-invisible elementor-widget elementor-widget-text-editor\" data-id=\"1b005ca\" data-element_type=\"widget\" data-settings=\"{&quot;_animation&quot;:&quot;fadeIn&quot;}\" data-widget_type=\"text-editor.default\">\n\t\t\t\t<div class=\"elementor-widget-container\">\n\t\t\t<style>\/*! elementor - v3.21.0 - 26-05-2024 *\/\n.elementor-widget-text-editor.elementor-drop-cap-view-stacked .elementor-drop-cap{background-color:#69727d;color:#fff}.elementor-widget-text-editor.elementor-drop-cap-view-framed .elementor-drop-cap{color:#69727d;border:3px solid;background-color:transparent}.elementor-widget-text-editor:not(.elementor-drop-cap-view-default) .elementor-drop-cap{margin-top:8px}.elementor-widget-text-editor:not(.elementor-drop-cap-view-default) .elementor-drop-cap-letter{width:1em;height:1em}.elementor-widget-text-editor .elementor-drop-cap{float:left;text-align:center;line-height:1;font-size:50px}.elementor-widget-text-editor .elementor-drop-cap-letter{display:inline-block}<\/style>\t\t\t\t<div class=\"wnd-align-right\"><div class=\"wnd-align-right\"><span class=\"wsw-27\"><em>Toda a pessoa tem o direito de tomar parte<\/em><\/span><\/div><div class=\"wnd-align-right\"><span class=\"wsw-27\"><em>livremente na vida cultural da comunidade,\u00a0<\/em><\/span><\/div><div class=\"wnd-align-right\"><span class=\"wsw-27\"><em>de fruir as artes e de participar no progresso cient\u00edfico\u00a0<\/em><\/span><\/div><div class=\"wnd-align-right\"><span class=\"wsw-27\"><em>e nos benef\u00edcios que deste resultam.<\/em>\u00a0<\/span><\/div><\/div><p class=\"fr\"><strong>DUDH &#8211; 1948<\/strong><\/p>\t\t\t\t\t\t<\/div>\n\t\t\t\t<\/div>\n\t\t\t\t\t<\/div>\n\t\t<\/div>\n\t\t\t\t\t<\/div>\n\t\t<\/section>\n\t\t\t\t<section class=\"elementor-section elementor-top-section elementor-element elementor-element-4d3d159 elementor-section-boxed elementor-section-height-default elementor-section-height-default\" data-id=\"4d3d159\" data-element_type=\"section\">\n\t\t\t\t\t\t<div class=\"elementor-container elementor-column-gap-default\">\n\t\t\t\t\t<div class=\"elementor-column elementor-col-100 elementor-top-column elementor-element elementor-element-f116dff\" data-id=\"f116dff\" data-element_type=\"column\">\n\t\t\t<div class=\"elementor-widget-wrap elementor-element-populated\">\n\t\t\t\t\t\t<div class=\"elementor-element elementor-element-468042b elementor-widget__width-initial elementor-widget elementor-widget-text-editor\" data-id=\"468042b\" data-element_type=\"widget\" data-widget_type=\"text-editor.default\">\n\t\t\t\t<div class=\"elementor-widget-container\">\n\t\t\t\t\t\t\t<p><span class=\"wsw-21\"><span style=\"color: #993300;\"><em>Texto:<\/em><\/span> Cultura brasileira: da diversidade \u00e0 desigualdade<\/span><\/p>\t\t\t\t\t\t<\/div>\n\t\t\t\t<\/div>\n\t\t\t\t<div class=\"elementor-element elementor-element-4cfe4b1 elementor-invisible elementor-widget elementor-widget-text-editor\" data-id=\"4cfe4b1\" data-element_type=\"widget\" data-settings=\"{&quot;_animation&quot;:&quot;fadeIn&quot;}\" data-widget_type=\"text-editor.default\">\n\t\t\t\t<div class=\"elementor-widget-container\">\n\t\t\t\t\t\t\t<p><a style=\"background-color: transparent; color: #393939; transition: color 0.2s ease-in-out, border 0.2s ease-in-out, text-decoration-color 0.2s ease-in-out; text-underline-offset: 2px; text-decoration-line: underline; text-decoration-thickness: from-font; text-decoration-color: rgba(57, 57, 57, 0.5); font-family: Metropolis, Metropolis-Fallback, 'Apple Color Emoji', 'Noto Color Emoji', sans-serif; font-size: 1.125rem; font-style: normal; font-weight: 400; letter-spacing: 0px; text-align: start; word-spacing: 0px; -webkit-tap-highlight-color: transparent !important;\" href=\"https:\/\/brasilescola.uol.com.br\/sociologia\/cultura-brasileira-diversidade-desigualdade.htm\" target=\"_blank\" rel=\"noopener\"><span class=\"wsw-03\" style=\"color: #191919; border-color: rgba(25, 25, 25, 0.5); transition: color 0.2s ease-in-out, border 0.2s ease-in-out, text-decoration-color 0.2s ease-in-out; text-underline-offset: 2px; text-decoration-thickness: from-font; z-index: 5; -webkit-tap-highlight-color: transparent !important;\">https:\/\/brasilescola.uol.com.br\/sociologia\/cultura-brasileira-diversidade-desigualdade.htm<\/span><\/a><\/p>\t\t\t\t\t\t<\/div>\n\t\t\t\t<\/div>\n\t\t\t\t\t<\/div>\n\t\t<\/div>\n\t\t\t\t\t<\/div>\n\t\t<\/section>\n\t\t\t\t<section class=\"elementor-section elementor-top-section elementor-element elementor-element-fd809aa elementor-section-boxed elementor-section-height-default elementor-section-height-default\" data-id=\"fd809aa\" data-element_type=\"section\">\n\t\t\t\t\t\t<div class=\"elementor-container elementor-column-gap-default\">\n\t\t\t\t\t<div class=\"elementor-column elementor-col-100 elementor-top-column elementor-element elementor-element-63f78ed\" data-id=\"63f78ed\" data-element_type=\"column\">\n\t\t\t<div class=\"elementor-widget-wrap elementor-element-populated\">\n\t\t\t\t\t\t<div class=\"elementor-element elementor-element-a815ac6 elementor-widget__width-initial elementor-widget elementor-widget-text-editor\" data-id=\"a815ac6\" data-element_type=\"widget\" data-widget_type=\"text-editor.default\">\n\t\t\t\t<div class=\"elementor-widget-container\">\n\t\t\t\t\t\t\t<p><span style=\"color: #993300;\"><em>Power point:\u00a0 <\/em><\/span>Direitos culturais Estado e sociedade<\/p>\t\t\t\t\t\t<\/div>\n\t\t\t\t<\/div>\n\t\t\t\t<div class=\"elementor-element elementor-element-80a7ee9 elementor-invisible elementor-widget elementor-widget-text-editor\" data-id=\"80a7ee9\" data-element_type=\"widget\" data-settings=\"{&quot;_animation&quot;:&quot;fadeIn&quot;}\" data-widget_type=\"text-editor.default\">\n\t\t\t\t<div class=\"elementor-widget-container\">\n\t\t\t\t\t\t\t<p><a style=\"background-color: transparent; transition: color 0.2s ease-in-out, border 0.2s ease-in-out, text-decoration-color 0.2s ease-in-out; text-underline-offset: 2px; text-decoration-line: underline; text-decoration-thickness: from-font; font-family: Metropolis, Metropolis-Fallback, 'Apple Color Emoji', 'Noto Color Emoji', sans-serif; font-size: 18px; font-style: normal; font-weight: 400; letter-spacing: normal; text-align: start; word-spacing: 0px; -webkit-tap-highlight-color: transparent !important; color: inherit !important; text-decoration-color: inherit !important;\" href=\"https:\/\/slideplayer.com.br\/slide\/1267899\/\" target=\"_blank\" rel=\"noopener\">https:\/\/slideplayer.com.br\/slide\/1267899\/<\/a><\/p>\t\t\t\t\t\t<\/div>\n\t\t\t\t<\/div>\n\t\t\t\t\t<\/div>\n\t\t<\/div>\n\t\t\t\t\t<\/div>\n\t\t<\/section>\n\t\t\t\t<section class=\"elementor-section elementor-top-section elementor-element elementor-element-6b55e18 elementor-section-boxed elementor-section-height-default elementor-section-height-default\" data-id=\"6b55e18\" data-element_type=\"section\">\n\t\t\t\t\t\t<div class=\"elementor-container elementor-column-gap-default\">\n\t\t\t\t\t<div class=\"elementor-column elementor-col-100 elementor-top-column elementor-element elementor-element-da68348\" data-id=\"da68348\" data-element_type=\"column\">\n\t\t\t<div class=\"elementor-widget-wrap elementor-element-populated\">\n\t\t\t\t\t\t<div class=\"elementor-element elementor-element-c48400e elementor-widget__width-initial elementor-widget elementor-widget-text-editor\" data-id=\"c48400e\" data-element_type=\"widget\" data-widget_type=\"text-editor.default\">\n\t\t\t\t<div class=\"elementor-widget-container\">\n\t\t\t\t\t\t\t<p><span style=\"color: #993300;\"><em>Documento:<\/em><\/span> Declara\u00e7\u00e3o Universal sobre a Diversidade<em>\u00a0<\/em>Cultural<\/p>\t\t\t\t\t\t<\/div>\n\t\t\t\t<\/div>\n\t\t\t\t<div class=\"elementor-element elementor-element-909f971 elementor-invisible elementor-widget elementor-widget-text-editor\" data-id=\"909f971\" data-element_type=\"widget\" data-settings=\"{&quot;_animation&quot;:&quot;fadeIn&quot;}\" data-widget_type=\"text-editor.default\">\n\t\t\t\t<div class=\"elementor-widget-container\">\n\t\t\t\t\t\t\t<p><a style=\"background-color: transparent; transition: color 0.2s ease-in-out, border 0.2s ease-in-out, text-decoration-color 0.2s ease-in-out; text-underline-offset: 2px; text-decoration-line: underline; text-decoration-thickness: from-font; font-family: Metropolis, Metropolis-Fallback, 'Apple Color Emoji', 'Noto Color Emoji', sans-serif; font-size: 18px; font-style: normal; font-weight: 400; letter-spacing: normal; text-align: start; word-spacing: 0px; -webkit-tap-highlight-color: transparent !important; color: inherit !important; text-decoration-color: inherit !important;\" href=\"https:\/\/globalherit.hypotheses.org\/3723\" target=\"_blank\" rel=\"noopener\">https:\/\/globalherit.hypotheses.org\/3723\u00a0<\/a><\/p>\t\t\t\t\t\t<\/div>\n\t\t\t\t<\/div>\n\t\t\t\t\t<\/div>\n\t\t<\/div>\n\t\t\t\t\t<\/div>\n\t\t<\/section>\n\t\t\t\t<section class=\"elementor-section elementor-top-section elementor-element elementor-element-81410d5 elementor-section-boxed elementor-section-height-default elementor-section-height-default\" data-id=\"81410d5\" data-element_type=\"section\">\n\t\t\t\t\t\t<div class=\"elementor-container elementor-column-gap-default\">\n\t\t\t\t\t<div class=\"elementor-column elementor-col-100 elementor-top-column elementor-element elementor-element-9a516d4\" data-id=\"9a516d4\" data-element_type=\"column\">\n\t\t\t<div class=\"elementor-widget-wrap elementor-element-populated\">\n\t\t\t\t\t\t<div class=\"elementor-element elementor-element-2f40dc6 elementor-widget__width-initial elementor-widget elementor-widget-text-editor\" data-id=\"2f40dc6\" data-element_type=\"widget\" data-widget_type=\"text-editor.default\">\n\t\t\t\t<div class=\"elementor-widget-container\">\n\t\t\t\t\t\t\t<p><span style=\"color: #993300;\"><em><span class=\"wsw-21\">Pesquisa<\/span><span class=\"wsw-21\">:<\/span><\/em><\/span> <span class=\"wsw-21\">IBGE mostra como \u00e9 desigual o acesso \u00e0 cultura e ao lazer<\/span><\/p>\t\t\t\t\t\t<\/div>\n\t\t\t\t<\/div>\n\t\t\t\t<div class=\"elementor-element elementor-element-5eb04fd elementor-invisible elementor-widget elementor-widget-text-editor\" data-id=\"5eb04fd\" data-element_type=\"widget\" data-settings=\"{&quot;_animation&quot;:&quot;fadeIn&quot;}\" data-widget_type=\"text-editor.default\">\n\t\t\t\t<div class=\"elementor-widget-container\">\n\t\t\t\t\t\t\t<p><a style=\"background-color: transparent; transition: color 0.2s ease-in-out, border 0.2s ease-in-out, text-decoration-color 0.2s ease-in-out; text-underline-offset: 2px; text-decoration-line: underline; text-decoration-thickness: from-font; font-family: Metropolis, Metropolis-Fallback, 'Apple Color Emoji', 'Noto Color Emoji', sans-serif; font-size: 18px; font-style: normal; font-weight: 400; letter-spacing: normal; text-align: start; word-spacing: 0px; -webkit-tap-highlight-color: transparent !important; color: inherit !important; text-decoration-color: inherit !important;\" href=\"https:\/\/g1.globo.com\/jornal-nacional\/noticia\/2019\/12\/10\/pesquisa-do-ibge-mostra-como-e-desigual-o-acesso-a-cultura-e-ao-lazer.ghtml\"><span style=\"-webkit-tap-highlight-color: transparent !important;\">https:\/\/g1.globo.com\/jornal-nacional\/noticia\/2019\/12\/10\/pesquisa-do-ibge-mostra-como-e-desigual-o-acesso-a-cultura-e-ao-lazer.ghtml<\/span><\/a><\/p>\t\t\t\t\t\t<\/div>\n\t\t\t\t<\/div>\n\t\t\t\t\t<\/div>\n\t\t<\/div>\n\t\t\t\t\t<\/div>\n\t\t<\/section>\n\t\t\t\t<section class=\"elementor-section elementor-top-section elementor-element elementor-element-ea6ecb1 elementor-section-boxed elementor-section-height-default elementor-section-height-default\" data-id=\"ea6ecb1\" data-element_type=\"section\">\n\t\t\t\t\t\t<div class=\"elementor-container elementor-column-gap-default\">\n\t\t\t\t\t<div class=\"elementor-column elementor-col-100 elementor-top-column elementor-element elementor-element-c9c97d3\" data-id=\"c9c97d3\" data-element_type=\"column\">\n\t\t\t<div class=\"elementor-widget-wrap elementor-element-populated\">\n\t\t\t\t\t\t<div class=\"elementor-element elementor-element-5e91fef elementor-widget__width-initial elementor-widget elementor-widget-text-editor\" data-id=\"5e91fef\" data-element_type=\"widget\" data-widget_type=\"text-editor.default\">\n\t\t\t\t<div class=\"elementor-widget-container\">\n\t\t\t\t\t\t\t<p><span style=\"color: #993300;\"><em>Programa de r\u00e1dio do OEDH:\u00a0<\/em><\/span> Direito ao acesso \u00e0 arte e \u00e0 cultura [16:29]<\/p>\t\t\t\t\t\t<\/div>\n\t\t\t\t<\/div>\n\t\t\t\t<div class=\"elementor-element elementor-element-23fd456 elementor-invisible elementor-widget elementor-widget-text-editor\" data-id=\"23fd456\" data-element_type=\"widget\" data-settings=\"{&quot;_animation&quot;:&quot;fadeIn&quot;}\" data-widget_type=\"text-editor.default\">\n\t\t\t\t<div class=\"elementor-widget-container\">\n\t\t\t\t\t\t\t<p><span style=\"-webkit-line-break: auto; line-break: auto; color: #666666; font-family: Metropolis, Metropolis-Fallback, 'Apple Color Emoji', 'Noto Color Emoji', sans-serif; font-size: 1.125rem; font-style: normal; font-weight: 400; letter-spacing: 0px; text-align: start; word-spacing: 0px; -webkit-tap-highlight-color: transparent !important;\"><span style=\"-webkit-line-break: auto; line-break: auto; font-size: 1.125rem; letter-spacing: 0px; -webkit-tap-highlight-color: transparent !important;\"><a style=\"background-color: transparent; color: #393939; transition: color 0.2s ease-in-out, border 0.2s ease-in-out, text-decoration-color 0.2s ease-in-out; text-underline-offset: 2px; text-decoration-line: underline; text-decoration-thickness: from-font; text-decoration-color: rgba(57, 57, 57, 0.5); -webkit-tap-highlight-color: transparent !important;\" href=\"https:\/\/www3.faac.unesp.br\/direitos-humanos\/Programa_direitoaarteecultura.mp3\" target=\"_blank\" rel=\"noopener\">https:\/\/www3.faac.unesp.br\/direitos-humanos\/Programa_direitoaarteecultura.mp3<\/a><\/span><\/span><\/p>\t\t\t\t\t\t<\/div>\n\t\t\t\t<\/div>\n\t\t\t\t\t<\/div>\n\t\t<\/div>\n\t\t\t\t\t<\/div>\n\t\t<\/section>\n\t\t\t\t<section class=\"elementor-section elementor-top-section elementor-element elementor-element-9289410 elementor-section-boxed elementor-section-height-default elementor-section-height-default\" data-id=\"9289410\" data-element_type=\"section\">\n\t\t\t\t\t\t<div class=\"elementor-container elementor-column-gap-default\">\n\t\t\t\t\t<div class=\"elementor-column elementor-col-100 elementor-top-column elementor-element elementor-element-98082a0\" data-id=\"98082a0\" data-element_type=\"column\">\n\t\t\t<div class=\"elementor-widget-wrap elementor-element-populated\">\n\t\t\t\t\t\t<div class=\"elementor-element elementor-element-998aef2 elementor-widget__width-initial elementor-widget elementor-widget-text-editor\" data-id=\"998aef2\" data-element_type=\"widget\" data-widget_type=\"text-editor.default\">\n\t\t\t\t<div class=\"elementor-widget-container\">\n\t\t\t\t\t\t\t<p><span style=\"color: #993300;\"><em>Educa\u00e7\u00e3o Infantil:<\/em><\/span> A import\u00e2ncia da educa\u00e7\u00e3o cultural para as crian\u00e7as<\/p>\t\t\t\t\t\t<\/div>\n\t\t\t\t<\/div>\n\t\t\t\t<div class=\"elementor-element elementor-element-30c7586 elementor-invisible elementor-widget elementor-widget-text-editor\" data-id=\"30c7586\" data-element_type=\"widget\" data-settings=\"{&quot;_animation&quot;:&quot;fadeIn&quot;}\" data-widget_type=\"text-editor.default\">\n\t\t\t\t<div class=\"elementor-widget-container\">\n\t\t\t\t\t\t\t<p><a href=\"https:\/\/www.dentrodahistoria.com.br\/blog\/educacao\/importancia-da-educacao-cultural\/\" target=\"_blank\" style=\"background-color: transparent; color: rgb(57, 57, 57); transition: color 0.2s ease-in-out, border 0.2s ease-in-out, text-decoration-color 0.2s ease-in-out; text-underline-offset: 2px; text-decoration-line: underline; text-decoration-thickness: from-font; text-decoration-color: rgba(57, 57, 57, 0.5); font-family: Metropolis, Metropolis-Fallback, &quot;Apple Color Emoji&quot;, &quot;Noto Color Emoji&quot;, sans-serif; font-size: 18px; font-style: normal; font-weight: 400; letter-spacing: normal; word-spacing: 0px; -webkit-tap-highlight-color: transparent !important;\">https:\/\/www.dentrodahistoria.com.br\/blog\/educacao\/importancia-da-educacao-cultural\/<\/a><span style=\"color: rgb(102, 102, 102); font-family: Metropolis, Metropolis-Fallback, &quot;Apple Color Emoji&quot;, &quot;Noto Color Emoji&quot;, sans-serif; font-size: 18px; font-style: normal; font-weight: 400; letter-spacing: normal; word-spacing: 0px;\">&nbsp;<\/span><\/p>\t\t\t\t\t\t<\/div>\n\t\t\t\t<\/div>\n\t\t\t\t\t<\/div>\n\t\t<\/div>\n\t\t\t\t\t<\/div>\n\t\t<\/section>\n\t\t\t\t<section class=\"elementor-section elementor-top-section elementor-element elementor-element-ad46a15 elementor-section-boxed elementor-section-height-default elementor-section-height-default\" data-id=\"ad46a15\" data-element_type=\"section\">\n\t\t\t\t\t\t<div class=\"elementor-container elementor-column-gap-default\">\n\t\t\t\t\t<div class=\"elementor-column elementor-col-100 elementor-top-column elementor-element elementor-element-000beea\" data-id=\"000beea\" data-element_type=\"column\">\n\t\t\t<div class=\"elementor-widget-wrap elementor-element-populated\">\n\t\t\t\t\t\t<div class=\"elementor-element elementor-element-50c897d elementor-invisible elementor-widget elementor-widget-text-editor\" data-id=\"50c897d\" data-element_type=\"widget\" data-settings=\"{&quot;_animation&quot;:&quot;fadeIn&quot;}\" data-widget_type=\"text-editor.default\">\n\t\t\t\t<div class=\"elementor-widget-container\">\n\t\t\t\t\t\t\t<p style=\"margin-bottom: 0.0001pt; line-height: normal; text-align: right;\"><strong>&gt;&gt;&gt;\u00a0<span style=\"color: #910101;\"><a style=\"color: #910101;\" href=\"https:\/\/www2.faac.unesp.br\/oedh-nedh\/?page_id=1269\">Voltar<\/a><\/span><\/strong><\/p>\t\t\t\t\t\t<\/div>\n\t\t\t\t<\/div>\n\t\t\t\t\t<\/div>\n\t\t<\/div>\n\t\t\t\t\t<\/div>\n\t\t<\/section>\n\t\t\t\t<\/div>\n\t\t","protected":false},"excerpt":{"rendered":"<p>Direito \u00e0 cultura Toda a pessoa tem o direito de tomar partelivremente na vida cultural da comunidade,\u00a0de fruir as artes e de participar no progresso cient\u00edfico\u00a0e nos benef\u00edcios que deste resultam.\u00a0 DUDH &#8211; 1948 Texto: Cultura brasileira: da diversidade \u00e0 &hellip; <a href=\"https:\/\/www2.faac.unesp.br\/oedh-nedh\/?page_id=1410\">Continue lendo <span class=\"meta-nav\">&rarr;<\/span><\/a><\/p>\n","protected":false},"author":2,"featured_media":0,"parent":0,"menu_order":0,"comment_status":"closed","ping_status":"closed","template":"","meta":{"footnotes":""},"_links":{"self":[{"href":"https:\/\/www2.faac.unesp.br\/oedh-nedh\/index.php?rest_route=\/wp\/v2\/pages\/1410"}],"collection":[{"href":"https:\/\/www2.faac.unesp.br\/oedh-nedh\/index.php?rest_route=\/wp\/v2\/pages"}],"about":[{"href":"https:\/\/www2.faac.unesp.br\/oedh-nedh\/index.php?rest_route=\/wp\/v2\/types\/page"}],"author":[{"embeddable":true,"href":"https:\/\/www2.faac.unesp.br\/oedh-nedh\/index.php?rest_route=\/wp\/v2\/users\/2"}],"replies":[{"embeddable":true,"href":"https:\/\/www2.faac.unesp.br\/oedh-nedh\/index.php?rest_route=%2Fwp%2Fv2%2Fcomments&post=1410"}],"version-history":[{"count":10,"href":"https:\/\/www2.faac.unesp.br\/oedh-nedh\/index.php?rest_route=\/wp\/v2\/pages\/1410\/revisions"}],"predecessor-version":[{"id":1465,"href":"https:\/\/www2.faac.unesp.br\/oedh-nedh\/index.php?rest_route=\/wp\/v2\/pages\/1410\/revisions\/1465"}],"wp:attachment":[{"href":"https:\/\/www2.faac.unesp.br\/oedh-nedh\/index.php?rest_route=%2Fwp%2Fv2%2Fmedia&parent=1410"}],"curies":[{"name":"wp","href":"https:\/\/api.w.org\/{rel}","templated":true}]}}