{"id":1334,"date":"2024-10-21T17:03:25","date_gmt":"2024-10-21T20:03:25","guid":{"rendered":"https:\/\/www2.faac.unesp.br\/oedh-nedh\/?page_id=1334"},"modified":"2024-10-24T02:21:39","modified_gmt":"2024-10-24T05:21:39","slug":"direito-ao-trabalho","status":"publish","type":"page","link":"https:\/\/www2.faac.unesp.br\/oedh-nedh\/?page_id=1334","title":{"rendered":"Direito ao trabalho"},"content":{"rendered":"\t\t<div data-elementor-type=\"wp-page\" data-elementor-id=\"1334\" class=\"elementor elementor-1334\">\n\t\t\t\t\t\t<section class=\"elementor-section elementor-top-section elementor-element elementor-element-ec9097d elementor-section-boxed elementor-section-height-default elementor-section-height-default\" data-id=\"ec9097d\" data-element_type=\"section\">\n\t\t\t\t\t\t<div class=\"elementor-container elementor-column-gap-default\">\n\t\t\t\t\t<div class=\"elementor-column elementor-col-100 elementor-top-column elementor-element elementor-element-5ec26e9\" data-id=\"5ec26e9\" data-element_type=\"column\">\n\t\t\t<div class=\"elementor-widget-wrap elementor-element-populated\">\n\t\t\t\t\t\t<div class=\"elementor-element elementor-element-2e3b28a elementor-invisible elementor-widget elementor-widget-heading\" data-id=\"2e3b28a\" data-element_type=\"widget\" data-settings=\"{&quot;_animation&quot;:&quot;fadeInDown&quot;,&quot;_animation_mobile&quot;:&quot;fadeInDown&quot;}\" data-widget_type=\"heading.default\">\n\t\t\t\t<div class=\"elementor-widget-container\">\n\t\t\t<style>\/*! elementor - v3.21.0 - 26-05-2024 *\/\n.elementor-heading-title{padding:0;margin:0;line-height:1}.elementor-widget-heading .elementor-heading-title[class*=elementor-size-]>a{color:inherit;font-size:inherit;line-height:inherit}.elementor-widget-heading .elementor-heading-title.elementor-size-small{font-size:15px}.elementor-widget-heading .elementor-heading-title.elementor-size-medium{font-size:19px}.elementor-widget-heading .elementor-heading-title.elementor-size-large{font-size:29px}.elementor-widget-heading .elementor-heading-title.elementor-size-xl{font-size:39px}.elementor-widget-heading .elementor-heading-title.elementor-size-xxl{font-size:59px}<\/style><h2 class=\"elementor-heading-title elementor-size-medium\"><br>Direito ao trabalho<\/h2>\t\t<\/div>\n\t\t\t\t<\/div>\n\t\t\t\t<div class=\"elementor-element elementor-element-1b005ca elementor-invisible elementor-widget elementor-widget-text-editor\" data-id=\"1b005ca\" data-element_type=\"widget\" data-settings=\"{&quot;_animation&quot;:&quot;fadeIn&quot;}\" data-widget_type=\"text-editor.default\">\n\t\t\t\t<div class=\"elementor-widget-container\">\n\t\t\t<style>\/*! elementor - v3.21.0 - 26-05-2024 *\/\n.elementor-widget-text-editor.elementor-drop-cap-view-stacked .elementor-drop-cap{background-color:#69727d;color:#fff}.elementor-widget-text-editor.elementor-drop-cap-view-framed .elementor-drop-cap{color:#69727d;border:3px solid;background-color:transparent}.elementor-widget-text-editor:not(.elementor-drop-cap-view-default) .elementor-drop-cap{margin-top:8px}.elementor-widget-text-editor:not(.elementor-drop-cap-view-default) .elementor-drop-cap-letter{width:1em;height:1em}.elementor-widget-text-editor .elementor-drop-cap{float:left;text-align:center;line-height:1;font-size:50px}.elementor-widget-text-editor .elementor-drop-cap-letter{display:inline-block}<\/style>\t\t\t\t<div class=\"wnd-align-right\"><h3 class=\"wnd-align-right\"><em>O ser humano dignifica o trabalho\u00a0<br \/>quando este n\u00e3o \u00e9 fonte de explora\u00e7\u00e3o.<\/em><\/h3><\/div><p class=\"fr\">\u00a0<\/p>\t\t\t\t\t\t<\/div>\n\t\t\t\t<\/div>\n\t\t\t\t\t<\/div>\n\t\t<\/div>\n\t\t\t\t\t<\/div>\n\t\t<\/section>\n\t\t\t\t<section class=\"elementor-section elementor-top-section elementor-element elementor-element-4d3d159 elementor-section-boxed elementor-section-height-default elementor-section-height-default\" data-id=\"4d3d159\" data-element_type=\"section\">\n\t\t\t\t\t\t<div class=\"elementor-container elementor-column-gap-default\">\n\t\t\t\t\t<div class=\"elementor-column elementor-col-100 elementor-top-column elementor-element elementor-element-f116dff\" data-id=\"f116dff\" data-element_type=\"column\">\n\t\t\t<div class=\"elementor-widget-wrap elementor-element-populated\">\n\t\t\t\t\t\t<div class=\"elementor-element elementor-element-468042b elementor-widget__width-initial elementor-widget elementor-widget-text-editor\" data-id=\"468042b\" data-element_type=\"widget\" data-widget_type=\"text-editor.default\">\n\t\t\t\t<div class=\"elementor-widget-container\">\n\t\t\t\t\t\t\t<p><span class=\"wsw-21\"><span style=\"color: #993300;\"><em>Texto:<\/em><\/span> O que \u00e9 o direito humano ao trabalho?<\/span><\/p>\t\t\t\t\t\t<\/div>\n\t\t\t\t<\/div>\n\t\t\t\t<div class=\"elementor-element elementor-element-4cfe4b1 elementor-invisible elementor-widget elementor-widget-text-editor\" data-id=\"4cfe4b1\" data-element_type=\"widget\" data-settings=\"{&quot;_animation&quot;:&quot;fadeIn&quot;}\" data-widget_type=\"text-editor.default\">\n\t\t\t\t<div class=\"elementor-widget-container\">\n\t\t\t\t\t\t\t<p><a style=\"background-color: transparent; transition: color 0.2s ease-in-out, border 0.2s ease-in-out, text-decoration-color 0.2s ease-in-out; text-underline-offset: 2px; text-decoration-line: underline; text-decoration-thickness: from-font; font-family: Metropolis, Metropolis-Fallback, 'Apple Color Emoji', 'Noto Color Emoji', sans-serif; font-size: 18px; font-style: normal; font-weight: 400; letter-spacing: normal; text-align: start; word-spacing: 0px; -webkit-tap-highlight-color: transparent !important; color: inherit !important; text-decoration-color: inherit !important;\" href=\"http:\/\/www.dhnet.org.br\/dados\/cartilhas\/dht\/br\/rs\/terra_trab\/dh_trabalho.html\" target=\"_blank\" rel=\"noopener\">https:\/\/www.dhnet.org.br\/dados\/cartilhas\/dht\/br\/rs\/terra_trab\/dh_trabalho.html<\/a><\/p>\t\t\t\t\t\t<\/div>\n\t\t\t\t<\/div>\n\t\t\t\t\t<\/div>\n\t\t<\/div>\n\t\t\t\t\t<\/div>\n\t\t<\/section>\n\t\t\t\t<section class=\"elementor-section elementor-top-section elementor-element elementor-element-77915cf elementor-section-boxed elementor-section-height-default elementor-section-height-default\" data-id=\"77915cf\" data-element_type=\"section\">\n\t\t\t\t\t\t<div class=\"elementor-container elementor-column-gap-default\">\n\t\t\t\t\t<div class=\"elementor-column elementor-col-100 elementor-top-column elementor-element elementor-element-2ed477f\" data-id=\"2ed477f\" data-element_type=\"column\">\n\t\t\t<div class=\"elementor-widget-wrap elementor-element-populated\">\n\t\t\t\t\t\t<div class=\"elementor-element elementor-element-1e7c5e8 elementor-widget__width-initial elementor-widget elementor-widget-text-editor\" data-id=\"1e7c5e8\" data-element_type=\"widget\" data-widget_type=\"text-editor.default\">\n\t\t\t\t<div class=\"elementor-widget-container\">\n\t\t\t\t\t\t\t<p><span style=\"color: #993300;\"><em>Reportagem: <\/em><\/span>Desemprego no Brasil<\/p>\t\t\t\t\t\t<\/div>\n\t\t\t\t<\/div>\n\t\t\t\t<div class=\"elementor-element elementor-element-0dc1e87 elementor-invisible elementor-widget elementor-widget-text-editor\" data-id=\"0dc1e87\" data-element_type=\"widget\" data-settings=\"{&quot;_animation&quot;:&quot;fadeIn&quot;}\" data-widget_type=\"text-editor.default\">\n\t\t\t\t<div class=\"elementor-widget-container\">\n\t\t\t\t\t\t\t<p><a style=\"background-color: transparent; color: #393939; transition: color 0.2s ease-in-out, border 0.2s ease-in-out, text-decoration-color 0.2s ease-in-out; text-underline-offset: 2px; text-decoration-line: underline; text-decoration-thickness: from-font; text-decoration-color: rgba(57, 57, 57, 0.5); font-family: Metropolis, Metropolis-Fallback, 'Apple Color Emoji', 'Noto Color Emoji', sans-serif; font-size: 18px; font-style: normal; font-weight: 400; letter-spacing: normal; text-align: start; word-spacing: 0px; -webkit-tap-highlight-color: transparent !important;\" href=\"https:\/\/brasil.elpais.com\/brasil\/2019\/05\/31\/economia\/1559312475_679888.html\" target=\"_blank\" rel=\"noopener\">https:\/\/brasil.elpais.com\/brasil\/2019\/05\/31\/economia\/1559312475_679888.html<\/a><\/p>\t\t\t\t\t\t<\/div>\n\t\t\t\t<\/div>\n\t\t\t\t\t<\/div>\n\t\t<\/div>\n\t\t\t\t\t<\/div>\n\t\t<\/section>\n\t\t\t\t<section class=\"elementor-section elementor-top-section elementor-element elementor-element-fd809aa elementor-section-boxed elementor-section-height-default elementor-section-height-default\" data-id=\"fd809aa\" data-element_type=\"section\">\n\t\t\t\t\t\t<div class=\"elementor-container elementor-column-gap-default\">\n\t\t\t\t\t<div class=\"elementor-column elementor-col-100 elementor-top-column elementor-element elementor-element-63f78ed\" data-id=\"63f78ed\" data-element_type=\"column\">\n\t\t\t<div class=\"elementor-widget-wrap elementor-element-populated\">\n\t\t\t\t\t\t<div class=\"elementor-element elementor-element-a815ac6 elementor-widget__width-initial elementor-widget elementor-widget-text-editor\" data-id=\"a815ac6\" data-element_type=\"widget\" data-widget_type=\"text-editor.default\">\n\t\t\t\t<div class=\"elementor-widget-container\">\n\t\t\t\t\t\t\t<p><span style=\"color: #993300;\"><em>V\u00eddeo:\u00a0 <\/em><\/span><span class=\"wsw-31\">Trabalho escravo no Brasil\u00a0<\/span><span class=\"wsw-31\">[7:08]<\/span><\/p>\t\t\t\t\t\t<\/div>\n\t\t\t\t<\/div>\n\t\t\t\t<div class=\"elementor-element elementor-element-80a7ee9 elementor-invisible elementor-widget elementor-widget-text-editor\" data-id=\"80a7ee9\" data-element_type=\"widget\" data-settings=\"{&quot;_animation&quot;:&quot;fadeIn&quot;}\" data-widget_type=\"text-editor.default\">\n\t\t\t\t<div class=\"elementor-widget-container\">\n\t\t\t\t\t\t\t<p><span style=\"color: #666666; font-family: Metropolis, Metropolis-Fallback, 'Apple Color Emoji', 'Noto Color Emoji', sans-serif; font-size: 18px; font-style: normal; font-weight: 400; letter-spacing: normal; text-align: start; word-spacing: 0px;\">\u00a0<\/span><a style=\"font-style: normal; background-color: transparent; color: #393939; transition: color 0.2s ease-in-out, border 0.2s ease-in-out, text-decoration-color 0.2s ease-in-out; text-underline-offset: 2px; text-decoration-line: underline; text-decoration-thickness: from-font; text-decoration-color: rgba(57, 57, 57, 0.5); font-family: Metropolis, Metropolis-Fallback, 'Apple Color Emoji', 'Noto Color Emoji', sans-serif; font-size: 18px; font-weight: 400; letter-spacing: normal; text-align: start; word-spacing: 0px; -webkit-tap-highlight-color: transparent !important;\" href=\"https:\/\/www.youtube.com\/watch?v=oOzKMrhsaQM\" target=\"_blank\" rel=\"noopener\">https:\/\/www.youtube.com\/watch?v=oOzKMrhsaQM<\/a><\/p>\t\t\t\t\t\t<\/div>\n\t\t\t\t<\/div>\n\t\t\t\t\t<\/div>\n\t\t<\/div>\n\t\t\t\t\t<\/div>\n\t\t<\/section>\n\t\t\t\t<section class=\"elementor-section elementor-top-section elementor-element elementor-element-ea6ecb1 elementor-section-boxed elementor-section-height-default elementor-section-height-default\" data-id=\"ea6ecb1\" data-element_type=\"section\">\n\t\t\t\t\t\t<div class=\"elementor-container elementor-column-gap-default\">\n\t\t\t\t\t<div class=\"elementor-column elementor-col-100 elementor-top-column elementor-element elementor-element-c9c97d3\" data-id=\"c9c97d3\" data-element_type=\"column\">\n\t\t\t<div class=\"elementor-widget-wrap elementor-element-populated\">\n\t\t\t\t\t\t<div class=\"elementor-element elementor-element-5e91fef elementor-widget__width-initial elementor-widget elementor-widget-text-editor\" data-id=\"5e91fef\" data-element_type=\"widget\" data-widget_type=\"text-editor.default\">\n\t\t\t\t<div class=\"elementor-widget-container\">\n\t\t\t\t\t\t\t<p><span style=\"color: #993300;\"><em>Programa de r\u00e1dio do OEDH:\u00a0<\/em><\/span> <span class=\"wsw-02\">Direito ao trabalho digno\u00a0[2:38]<\/span><\/p>\t\t\t\t\t\t<\/div>\n\t\t\t\t<\/div>\n\t\t\t\t<div class=\"elementor-element elementor-element-23fd456 elementor-invisible elementor-widget elementor-widget-text-editor\" data-id=\"23fd456\" data-element_type=\"widget\" data-settings=\"{&quot;_animation&quot;:&quot;fadeIn&quot;}\" data-widget_type=\"text-editor.default\">\n\t\t\t\t<div class=\"elementor-widget-container\">\n\t\t\t\t\t\t\t<p><a style=\"background-color: transparent; color: #393939; transition: color 0.2s ease-in-out, border 0.2s ease-in-out, text-decoration-color 0.2s ease-in-out; text-underline-offset: 2px; text-decoration-line: underline; text-decoration-thickness: from-font; text-decoration-color: rgba(57, 57, 57, 0.5); font-family: Metropolis, Metropolis-Fallback, 'Apple Color Emoji', 'Noto Color Emoji', sans-serif; font-size: 18px; font-style: normal; font-weight: 400; letter-spacing: normal; text-align: start; word-spacing: 0px; -webkit-tap-highlight-color: transparent !important;\" href=\"https:\/\/drive.google.com\/file\/d\/1T0ZsTKtpkgQQlTP3ZhnK0eMF1Sn4OXsX\/view\" target=\"_blank\" rel=\"noopener\">https:\/\/drive.google.com\/file\/d\/1T0ZsTKtpkgQQlTP3ZhnK0eMF1Sn4OXsX\/view<\/a><a style=\"font-style: normal; background-color: transparent; color: #393939; transition: color 0.2s ease-in-out, border 0.2s ease-in-out, text-decoration-color 0.2s ease-in-out; text-underline-offset: 2px; text-decoration-line: underline; text-decoration-thickness: from-font; text-decoration-color: rgba(57, 57, 57, 0.5); font-family: Metropolis, Metropolis-Fallback, 'Apple Color Emoji', 'Noto Color Emoji', sans-serif; font-size: 18px; font-weight: 400; letter-spacing: normal; text-align: start; word-spacing: 0px; -webkit-tap-highlight-color: transparent !important;\" href=\"https:\/\/drive.google.com\/file\/d\/16VcXKv7zPt4HhSSZ-dGG7kA5oqvBQ3Z0\/view\" target=\"_blank\" rel=\"noopener\">https:\/\/drive.google.com\/file\/d\/16VcXKv7zPt4HhSSZ-dGG7kA5oqvBQ3Z0\/view<\/a><\/p>\t\t\t\t\t\t<\/div>\n\t\t\t\t<\/div>\n\t\t\t\t\t<\/div>\n\t\t<\/div>\n\t\t\t\t\t<\/div>\n\t\t<\/section>\n\t\t\t\t<section class=\"elementor-section elementor-top-section elementor-element elementor-element-9289410 elementor-section-boxed elementor-section-height-default elementor-section-height-default\" data-id=\"9289410\" data-element_type=\"section\">\n\t\t\t\t\t\t<div class=\"elementor-container elementor-column-gap-default\">\n\t\t\t\t\t<div class=\"elementor-column elementor-col-100 elementor-top-column elementor-element elementor-element-98082a0\" data-id=\"98082a0\" data-element_type=\"column\">\n\t\t\t<div class=\"elementor-widget-wrap elementor-element-populated\">\n\t\t\t\t\t\t<div class=\"elementor-element elementor-element-998aef2 elementor-widget__width-initial elementor-widget elementor-widget-text-editor\" data-id=\"998aef2\" data-element_type=\"widget\" data-widget_type=\"text-editor.default\">\n\t\t\t\t<div class=\"elementor-widget-container\">\n\t\t\t\t\t\t\t<p><span style=\"color: #993300;\"><em>Oficina pedag\u00f3gica de EDH:<\/em><\/span> <span class=\"wsw-02\">A dignidade humana nas rela\u00e7\u00f5es de trabalho\u00a0(Ensino M\u00e9dio)<\/span><\/p>\t\t\t\t\t\t<\/div>\n\t\t\t\t<\/div>\n\t\t\t\t<div class=\"elementor-element elementor-element-30c7586 elementor-invisible elementor-widget elementor-widget-text-editor\" data-id=\"30c7586\" data-element_type=\"widget\" data-settings=\"{&quot;_animation&quot;:&quot;fadeIn&quot;}\" data-widget_type=\"text-editor.default\">\n\t\t\t\t<div class=\"elementor-widget-container\">\n\t\t\t\t\t\t\t<p><a style=\"background-color: transparent; transition: color 0.2s ease-in-out, border 0.2s ease-in-out, text-decoration-color 0.2s ease-in-out; text-underline-offset: 2px; text-decoration-line: underline; text-decoration-thickness: from-font; font-family: Metropolis, Metropolis-Fallback, 'Apple Color Emoji', 'Noto Color Emoji', sans-serif; font-size: 16.2px; font-style: normal; font-weight: 400; letter-spacing: normal; word-spacing: 0px; -webkit-tap-highlight-color: transparent !important; color: inherit !important; text-decoration-color: inherit !important;\" href=\"https:\/\/educapes.capes.gov.br\/bitstream\/capes\/553464\/2\/Caderno%20de%20oficinas%20-%20cidadania%20e%20o%20direito%20a%20ter%20direitos.pdf\" target=\"_blank\" rel=\"noopener\">https:\/\/educapes.capes.gov.br\/bitstream\/capes\/553464\/2\/Caderno%20de%20oficinas%20-%20cidadania%20e%20o%20direito%20a%20ter%20direitos.pdf<\/a><\/p>\t\t\t\t\t\t<\/div>\n\t\t\t\t<\/div>\n\t\t\t\t\t<\/div>\n\t\t<\/div>\n\t\t\t\t\t<\/div>\n\t\t<\/section>\n\t\t\t\t<section class=\"elementor-section elementor-top-section elementor-element elementor-element-b4675d8 elementor-section-boxed elementor-section-height-default elementor-section-height-default\" data-id=\"b4675d8\" data-element_type=\"section\">\n\t\t\t\t\t\t<div class=\"elementor-container elementor-column-gap-default\">\n\t\t\t\t\t<div class=\"elementor-column elementor-col-100 elementor-top-column elementor-element elementor-element-1e864f0\" data-id=\"1e864f0\" data-element_type=\"column\">\n\t\t\t<div class=\"elementor-widget-wrap elementor-element-populated\">\n\t\t\t\t\t\t<div class=\"elementor-element elementor-element-021dc15 elementor-widget__width-initial elementor-widget elementor-widget-text-editor\" data-id=\"021dc15\" data-element_type=\"widget\" data-widget_type=\"text-editor.default\">\n\t\t\t\t<div class=\"elementor-widget-container\">\n\t\t\t\t\t\t\t<p><span style=\"color: #993300;\"><em>V\u00eddeo:<\/em><\/span> <span class=\"wsw-02\">Combate ao trabalho infantil [5:14]\u00a0<strong>&#8211;<\/strong> (Educa\u00e7\u00e3o Infantil)<\/span><\/p>\t\t\t\t\t\t<\/div>\n\t\t\t\t<\/div>\n\t\t\t\t<div class=\"elementor-element elementor-element-138b4e1 elementor-invisible elementor-widget elementor-widget-text-editor\" data-id=\"138b4e1\" data-element_type=\"widget\" data-settings=\"{&quot;_animation&quot;:&quot;fadeIn&quot;}\" data-widget_type=\"text-editor.default\">\n\t\t\t\t<div class=\"elementor-widget-container\">\n\t\t\t\t\t\t\t<p><span class=\"wsw-02\" style=\"border-color: rgba(0, 0, 0, 0.5); font-family: Metropolis, Metropolis-Fallback, 'Apple Color Emoji', 'Noto Color Emoji', sans-serif; font-size: 18px; font-style: normal; font-weight: 400; letter-spacing: normal; text-align: start; word-spacing: 0px; -webkit-tap-highlight-color: transparent !important;\"><a style=\"background-color: transparent; transition: color 0.2s ease-in-out, border 0.2s ease-in-out, text-decoration-color 0.2s ease-in-out; text-underline-offset: 2px; text-decoration-line: underline; text-decoration-thickness: from-font; -webkit-tap-highlight-color: transparent !important; color: inherit !important; text-decoration-color: inherit !important;\" href=\"https:\/\/www.youtube.com\/watch?v=agv9zLjlbNQ\" target=\"_blank\" rel=\"noopener\">https:\/\/www.youtube.com\/watch?v=agv9zLjlbNQ<\/a><\/span><span style=\"color: #666666; font-family: Metropolis, Metropolis-Fallback, 'Apple Color Emoji', 'Noto Color Emoji', sans-serif; font-size: 18px; font-style: normal; font-weight: 400; letter-spacing: normal; text-align: start; word-spacing: 0px;\">\u00a0<\/span><\/p>\t\t\t\t\t\t<\/div>\n\t\t\t\t<\/div>\n\t\t\t\t\t<\/div>\n\t\t<\/div>\n\t\t\t\t\t<\/div>\n\t\t<\/section>\n\t\t\t\t<section class=\"elementor-section elementor-top-section elementor-element elementor-element-ad46a15 elementor-section-boxed elementor-section-height-default elementor-section-height-default\" data-id=\"ad46a15\" data-element_type=\"section\">\n\t\t\t\t\t\t<div class=\"elementor-container elementor-column-gap-default\">\n\t\t\t\t\t<div class=\"elementor-column elementor-col-100 elementor-top-column elementor-element elementor-element-000beea\" data-id=\"000beea\" data-element_type=\"column\">\n\t\t\t<div class=\"elementor-widget-wrap elementor-element-populated\">\n\t\t\t\t\t\t<div class=\"elementor-element elementor-element-50c897d elementor-invisible elementor-widget elementor-widget-text-editor\" data-id=\"50c897d\" data-element_type=\"widget\" data-settings=\"{&quot;_animation&quot;:&quot;fadeIn&quot;}\" data-widget_type=\"text-editor.default\">\n\t\t\t\t<div class=\"elementor-widget-container\">\n\t\t\t\t\t\t\t<p style=\"margin-bottom: 0.0001pt; line-height: normal; text-align: right;\"><strong>&gt;&gt;&gt;\u00a0<span style=\"color: #910101;\"><a style=\"color: #910101;\" href=\"https:\/\/www2.faac.unesp.br\/oedh-nedh\/?page_id=1269\">Voltar<\/a><\/span><\/strong><\/p>\t\t\t\t\t\t<\/div>\n\t\t\t\t<\/div>\n\t\t\t\t\t<\/div>\n\t\t<\/div>\n\t\t\t\t\t<\/div>\n\t\t<\/section>\n\t\t\t\t<\/div>\n\t\t","protected":false},"excerpt":{"rendered":"<p>Direito ao trabalho O ser humano dignifica o trabalho\u00a0quando este n\u00e3o \u00e9 fonte de explora\u00e7\u00e3o. \u00a0 Texto: O que \u00e9 o direito humano ao trabalho? https:\/\/www.dhnet.org.br\/dados\/cartilhas\/dht\/br\/rs\/terra_trab\/dh_trabalho.html Reportagem: Desemprego no Brasil https:\/\/brasil.elpais.com\/brasil\/2019\/05\/31\/economia\/1559312475_679888.html V\u00eddeo:\u00a0 Trabalho escravo no Brasil\u00a0[7:08] \u00a0https:\/\/www.youtube.com\/watch?v=oOzKMrhsaQM Programa de r\u00e1dio &hellip; <a href=\"https:\/\/www2.faac.unesp.br\/oedh-nedh\/?page_id=1334\">Continue lendo <span class=\"meta-nav\">&rarr;<\/span><\/a><\/p>\n","protected":false},"author":2,"featured_media":0,"parent":0,"menu_order":0,"comment_status":"closed","ping_status":"closed","template":"","meta":{"footnotes":""},"_links":{"self":[{"href":"https:\/\/www2.faac.unesp.br\/oedh-nedh\/index.php?rest_route=\/wp\/v2\/pages\/1334"}],"collection":[{"href":"https:\/\/www2.faac.unesp.br\/oedh-nedh\/index.php?rest_route=\/wp\/v2\/pages"}],"about":[{"href":"https:\/\/www2.faac.unesp.br\/oedh-nedh\/index.php?rest_route=\/wp\/v2\/types\/page"}],"author":[{"embeddable":true,"href":"https:\/\/www2.faac.unesp.br\/oedh-nedh\/index.php?rest_route=\/wp\/v2\/users\/2"}],"replies":[{"embeddable":true,"href":"https:\/\/www2.faac.unesp.br\/oedh-nedh\/index.php?rest_route=%2Fwp%2Fv2%2Fcomments&post=1334"}],"version-history":[{"count":7,"href":"https:\/\/www2.faac.unesp.br\/oedh-nedh\/index.php?rest_route=\/wp\/v2\/pages\/1334\/revisions"}],"predecessor-version":[{"id":1345,"href":"https:\/\/www2.faac.unesp.br\/oedh-nedh\/index.php?rest_route=\/wp\/v2\/pages\/1334\/revisions\/1345"}],"wp:attachment":[{"href":"https:\/\/www2.faac.unesp.br\/oedh-nedh\/index.php?rest_route=%2Fwp%2Fv2%2Fmedia&parent=1334"}],"curies":[{"name":"wp","href":"https:\/\/api.w.org\/{rel}","templated":true}]}}