{"id":1325,"date":"2024-10-21T16:41:25","date_gmt":"2024-10-21T19:41:25","guid":{"rendered":"https:\/\/www2.faac.unesp.br\/oedh-nedh\/?page_id=1325"},"modified":"2025-04-14T13:13:42","modified_gmt":"2025-04-14T16:13:42","slug":"direito-a-moradia","status":"publish","type":"page","link":"https:\/\/www2.faac.unesp.br\/oedh-nedh\/?page_id=1325","title":{"rendered":"Direito \u00e0 moradia"},"content":{"rendered":"\t\t<div data-elementor-type=\"wp-page\" data-elementor-id=\"1325\" class=\"elementor elementor-1325\">\n\t\t\t\t\t\t<section class=\"elementor-section elementor-top-section elementor-element elementor-element-ec9097d elementor-section-boxed elementor-section-height-default elementor-section-height-default\" data-id=\"ec9097d\" data-element_type=\"section\">\n\t\t\t\t\t\t<div class=\"elementor-container elementor-column-gap-default\">\n\t\t\t\t\t<div class=\"elementor-column elementor-col-100 elementor-top-column elementor-element elementor-element-5ec26e9\" data-id=\"5ec26e9\" data-element_type=\"column\">\n\t\t\t<div class=\"elementor-widget-wrap elementor-element-populated\">\n\t\t\t\t\t\t<div class=\"elementor-element elementor-element-2e3b28a elementor-invisible elementor-widget elementor-widget-heading\" data-id=\"2e3b28a\" data-element_type=\"widget\" data-settings=\"{&quot;_animation&quot;:&quot;fadeInDown&quot;,&quot;_animation_mobile&quot;:&quot;fadeInDown&quot;}\" data-widget_type=\"heading.default\">\n\t\t\t\t<div class=\"elementor-widget-container\">\n\t\t\t<style>\/*! elementor - v3.21.0 - 26-05-2024 *\/\n.elementor-heading-title{padding:0;margin:0;line-height:1}.elementor-widget-heading .elementor-heading-title[class*=elementor-size-]>a{color:inherit;font-size:inherit;line-height:inherit}.elementor-widget-heading .elementor-heading-title.elementor-size-small{font-size:15px}.elementor-widget-heading .elementor-heading-title.elementor-size-medium{font-size:19px}.elementor-widget-heading .elementor-heading-title.elementor-size-large{font-size:29px}.elementor-widget-heading .elementor-heading-title.elementor-size-xl{font-size:39px}.elementor-widget-heading .elementor-heading-title.elementor-size-xxl{font-size:59px}<\/style><h2 class=\"elementor-heading-title elementor-size-medium\"><br>Direito \u00e0 moradia<\/h2>\t\t<\/div>\n\t\t\t\t<\/div>\n\t\t\t\t<div class=\"elementor-element elementor-element-1b005ca elementor-invisible elementor-widget elementor-widget-text-editor\" data-id=\"1b005ca\" data-element_type=\"widget\" data-settings=\"{&quot;_animation&quot;:&quot;fadeIn&quot;}\" data-widget_type=\"text-editor.default\">\n\t\t\t\t<div class=\"elementor-widget-container\">\n\t\t\t<style>\/*! elementor - v3.21.0 - 26-05-2024 *\/\n.elementor-widget-text-editor.elementor-drop-cap-view-stacked .elementor-drop-cap{background-color:#69727d;color:#fff}.elementor-widget-text-editor.elementor-drop-cap-view-framed .elementor-drop-cap{color:#69727d;border:3px solid;background-color:transparent}.elementor-widget-text-editor:not(.elementor-drop-cap-view-default) .elementor-drop-cap{margin-top:8px}.elementor-widget-text-editor:not(.elementor-drop-cap-view-default) .elementor-drop-cap-letter{width:1em;height:1em}.elementor-widget-text-editor .elementor-drop-cap{float:left;text-align:center;line-height:1;font-size:50px}.elementor-widget-text-editor .elementor-drop-cap-letter{display:inline-block}<\/style>\t\t\t\t<div class=\"wnd-align-right\"><h3 class=\"wnd-align-right\"><span class=\"wsw-27\"><em>Minha casa \u00e9 minha vida.<\/em><\/span><\/h3><\/div><p class=\"fr\"><strong>Express\u00e3o popular<\/strong><\/p>\t\t\t\t\t\t<\/div>\n\t\t\t\t<\/div>\n\t\t\t\t\t<\/div>\n\t\t<\/div>\n\t\t\t\t\t<\/div>\n\t\t<\/section>\n\t\t\t\t<section class=\"elementor-section elementor-top-section elementor-element elementor-element-4d3d159 elementor-section-boxed elementor-section-height-default elementor-section-height-default\" data-id=\"4d3d159\" data-element_type=\"section\">\n\t\t\t\t\t\t<div class=\"elementor-container elementor-column-gap-default\">\n\t\t\t\t\t<div class=\"elementor-column elementor-col-100 elementor-top-column elementor-element elementor-element-f116dff\" data-id=\"f116dff\" data-element_type=\"column\">\n\t\t\t<div class=\"elementor-widget-wrap elementor-element-populated\">\n\t\t\t\t\t\t<div class=\"elementor-element elementor-element-468042b elementor-widget__width-initial elementor-widget elementor-widget-text-editor\" data-id=\"468042b\" data-element_type=\"widget\" data-widget_type=\"text-editor.default\">\n\t\t\t\t<div class=\"elementor-widget-container\">\n\t\t\t\t\t\t\t<p><span class=\"wsw-21\"><span style=\"color: #993300;\"><em>Conceito:<\/em><\/span> Direito \u00e0 moradia digna<\/span><\/p>\t\t\t\t\t\t<\/div>\n\t\t\t\t<\/div>\n\t\t\t\t<div class=\"elementor-element elementor-element-4cfe4b1 elementor-invisible elementor-widget elementor-widget-text-editor\" data-id=\"4cfe4b1\" data-element_type=\"widget\" data-settings=\"{&quot;_animation&quot;:&quot;fadeIn&quot;}\" data-widget_type=\"text-editor.default\">\n\t\t\t\t<div class=\"elementor-widget-container\">\n\t\t\t\t\t\t\t<p><a style=\"background-color: transparent; color: #393939; transition: color 0.2s ease-in-out, border 0.2s ease-in-out, text-decoration-color 0.2s ease-in-out; text-underline-offset: 2px; text-decoration-line: underline; text-decoration-thickness: from-font; text-decoration-color: rgba(57, 57, 57, 0.5); font-family: Metropolis, Metropolis-Fallback, 'Apple Color Emoji', 'Noto Color Emoji', sans-serif; font-size: 1.125rem; font-style: normal; font-weight: 400; letter-spacing: 0px; text-align: left; word-spacing: 0px; -webkit-tap-highlight-color: transparent !important;\" href=\"https:\/\/www.politize.com.br\/direito-a-moradia\/\" target=\"_blank\" rel=\"noopener\">https:\/\/www.politize.com.br\/direito-a-moradia\/<\/a><\/p>\t\t\t\t\t\t<\/div>\n\t\t\t\t<\/div>\n\t\t\t\t\t<\/div>\n\t\t<\/div>\n\t\t\t\t\t<\/div>\n\t\t<\/section>\n\t\t\t\t<section class=\"elementor-section elementor-top-section elementor-element elementor-element-fd809aa elementor-section-boxed elementor-section-height-default elementor-section-height-default\" data-id=\"fd809aa\" data-element_type=\"section\">\n\t\t\t\t\t\t<div class=\"elementor-container elementor-column-gap-default\">\n\t\t\t\t\t<div class=\"elementor-column elementor-col-100 elementor-top-column elementor-element elementor-element-63f78ed\" data-id=\"63f78ed\" data-element_type=\"column\">\n\t\t\t<div class=\"elementor-widget-wrap elementor-element-populated\">\n\t\t\t\t\t\t<div class=\"elementor-element elementor-element-a815ac6 elementor-widget__width-initial elementor-widget elementor-widget-text-editor\" data-id=\"a815ac6\" data-element_type=\"widget\" data-widget_type=\"text-editor.default\">\n\t\t\t\t<div class=\"elementor-widget-container\">\n\t\t\t\t\t\t\t<p><span style=\"color: #993300;\"><em>An\u00e1lise:\u00a0 <\/em><\/span>Raquel Rolnik: &#8220;\u00c9 preciso entender a moradia como direito&#8221;<\/p>\t\t\t\t\t\t<\/div>\n\t\t\t\t<\/div>\n\t\t\t\t<div class=\"elementor-element elementor-element-80a7ee9 elementor-invisible elementor-widget elementor-widget-text-editor\" data-id=\"80a7ee9\" data-element_type=\"widget\" data-settings=\"{&quot;_animation&quot;:&quot;fadeIn&quot;}\" data-widget_type=\"text-editor.default\">\n\t\t\t\t<div class=\"elementor-widget-container\">\n\t\t\t\t\t\t\t<p><a href=\"https:\/\/gauchazh.clicrbs.com.br\/porto-alegre\/noticia\/2015\/12\/raquel-rolnik-e-preciso-entender-a-moradia-como-direito-4929291.html\" target=\"_blank\" style=\"background-color: transparent; transition: color 0.2s ease-in-out, border 0.2s ease-in-out, text-decoration-color 0.2s ease-in-out; text-underline-offset: 2px; text-decoration-line: underline; text-decoration-thickness: from-font; font-family: Metropolis, Metropolis-Fallback, &quot;Apple Color Emoji&quot;, &quot;Noto Color Emoji&quot;, sans-serif; font-size: 18px; font-style: normal; font-weight: 400; letter-spacing: normal; text-align: start; word-spacing: 0px; -webkit-tap-highlight-color: transparent !important; color: inherit !important; text-decoration-color: inherit !important;\">https:\/\/gauchazh.clicrbs.com.br\/porto-alegre\/noticia\/2015\/12\/raquel-rolnik-e-preciso-entender-a-moradia-como-direito-4929291.html<\/a><\/p>\t\t\t\t\t\t<\/div>\n\t\t\t\t<\/div>\n\t\t\t\t\t<\/div>\n\t\t<\/div>\n\t\t\t\t\t<\/div>\n\t\t<\/section>\n\t\t\t\t<section class=\"elementor-section elementor-top-section elementor-element elementor-element-6b55e18 elementor-section-boxed elementor-section-height-default elementor-section-height-default\" data-id=\"6b55e18\" data-element_type=\"section\">\n\t\t\t\t\t\t<div class=\"elementor-container elementor-column-gap-default\">\n\t\t\t\t\t<div class=\"elementor-column elementor-col-100 elementor-top-column elementor-element elementor-element-da68348\" data-id=\"da68348\" data-element_type=\"column\">\n\t\t\t<div class=\"elementor-widget-wrap elementor-element-populated\">\n\t\t\t\t\t\t<div class=\"elementor-element elementor-element-c48400e elementor-widget__width-initial elementor-widget elementor-widget-text-editor\" data-id=\"c48400e\" data-element_type=\"widget\" data-widget_type=\"text-editor.default\">\n\t\t\t\t<div class=\"elementor-widget-container\">\n\t\t\t\t\t\t\t<p><span style=\"color: #993300;\"><em>Reportagem:<\/em><\/span> D\u00e9ficit habitacional Brasil: o que \u00e9 e quais as principais causas?<\/p>\t\t\t\t\t\t<\/div>\n\t\t\t\t<\/div>\n\t\t\t\t<div class=\"elementor-element elementor-element-909f971 elementor-invisible elementor-widget elementor-widget-text-editor\" data-id=\"909f971\" data-element_type=\"widget\" data-settings=\"{&quot;_animation&quot;:&quot;fadeIn&quot;}\" data-widget_type=\"text-editor.default\">\n\t\t\t\t<div class=\"elementor-widget-container\">\n\t\t\t\t\t\t\t<p><a style=\"background-color: transparent; transition: color 0.2s ease-in-out, border 0.2s ease-in-out, text-decoration-color 0.2s ease-in-out; text-underline-offset: 2px; text-decoration-line: underline; text-decoration-thickness: from-font; font-family: Metropolis, Metropolis-Fallback, 'Apple Color Emoji', 'Noto Color Emoji', sans-serif; font-size: 20px; font-style: normal; font-weight: 400; letter-spacing: normal; text-align: start; word-spacing: 0px; -webkit-tap-highlight-color: transparent !important; color: inherit !important; text-decoration-color: inherit !important;\" href=\"https:\/\/canalmynews.com.br\/brasil\/deficit-habitacional-brasil-principais-causas\/\" target=\"_blank\" rel=\"noopener\">https:\/\/canalmynews.com.br\/brasil\/deficit-habitacional-brasil-principais-causas\/<\/a><\/p>\t\t\t\t\t\t<\/div>\n\t\t\t\t<\/div>\n\t\t\t\t\t<\/div>\n\t\t<\/div>\n\t\t\t\t\t<\/div>\n\t\t<\/section>\n\t\t\t\t<section class=\"elementor-section elementor-top-section elementor-element elementor-element-81410d5 elementor-section-boxed elementor-section-height-default elementor-section-height-default\" data-id=\"81410d5\" data-element_type=\"section\">\n\t\t\t\t\t\t<div class=\"elementor-container elementor-column-gap-default\">\n\t\t\t\t\t<div class=\"elementor-column elementor-col-100 elementor-top-column elementor-element elementor-element-9a516d4\" data-id=\"9a516d4\" data-element_type=\"column\">\n\t\t\t<div class=\"elementor-widget-wrap elementor-element-populated\">\n\t\t\t\t\t\t<div class=\"elementor-element elementor-element-2f40dc6 elementor-widget__width-initial elementor-widget elementor-widget-text-editor\" data-id=\"2f40dc6\" data-element_type=\"widget\" data-widget_type=\"text-editor.default\">\n\t\t\t\t<div class=\"elementor-widget-container\">\n\t\t\t\t\t\t\t<p><span style=\"color: #993300;\"><em>V\u00eddeo:<\/em><\/span> <span class=\"wsw-21\">Sem Direitos: sem \u00e1gua, esgoto e coleta de lixo<\/span>\u00a0[2:44]<\/p>\t\t\t\t\t\t<\/div>\n\t\t\t\t<\/div>\n\t\t\t\t<div class=\"elementor-element elementor-element-5eb04fd elementor-invisible elementor-widget elementor-widget-text-editor\" data-id=\"5eb04fd\" data-element_type=\"widget\" data-settings=\"{&quot;_animation&quot;:&quot;fadeIn&quot;}\" data-widget_type=\"text-editor.default\">\n\t\t\t\t<div class=\"elementor-widget-container\">\n\t\t\t\t\t\t\t<p><a style=\"background-color: transparent; color: #393939; transition: color 0.2s ease-in-out, border 0.2s ease-in-out, text-decoration-color 0.2s ease-in-out; text-underline-offset: 2px; text-decoration-line: underline; text-decoration-thickness: from-font; text-decoration-color: rgba(57, 57, 57, 0.5); font-family: Metropolis, Metropolis-Fallback, 'Apple Color Emoji', 'Noto Color Emoji', sans-serif; font-size: 18px; font-style: normal; font-weight: 400; letter-spacing: normal; text-align: start; word-spacing: 0px; -webkit-tap-highlight-color: transparent !important;\" href=\"http:\/\/www.youtuhttps\/\/www.youtube.com\/watch?v=o0i9PR94dGEbe.com\/watch?v=o0i9PR94dGE\" target=\"_blank\" rel=\"noopener\">https:\/\/www.youtube.com\/watch?v=o0i9PR94dGE<\/a><span style=\"color: #666666; font-family: Metropolis, Metropolis-Fallback, 'Apple Color Emoji', 'Noto Color Emoji', sans-serif; font-size: 18px; font-style: normal; font-weight: 400; letter-spacing: normal; text-align: start; word-spacing: 0px;\">\u00a0<\/span><\/p>\t\t\t\t\t\t<\/div>\n\t\t\t\t<\/div>\n\t\t\t\t\t<\/div>\n\t\t<\/div>\n\t\t\t\t\t<\/div>\n\t\t<\/section>\n\t\t\t\t<section class=\"elementor-section elementor-top-section elementor-element elementor-element-b4675d8 elementor-section-boxed elementor-section-height-default elementor-section-height-default\" data-id=\"b4675d8\" data-element_type=\"section\">\n\t\t\t\t\t\t<div class=\"elementor-container elementor-column-gap-default\">\n\t\t\t\t\t<div class=\"elementor-column elementor-col-100 elementor-top-column elementor-element elementor-element-1e864f0\" data-id=\"1e864f0\" data-element_type=\"column\">\n\t\t\t<div class=\"elementor-widget-wrap elementor-element-populated\">\n\t\t\t\t\t\t<div class=\"elementor-element elementor-element-021dc15 elementor-widget__width-initial elementor-widget elementor-widget-text-editor\" data-id=\"021dc15\" data-element_type=\"widget\" data-widget_type=\"text-editor.default\">\n\t\t\t\t<div class=\"elementor-widget-container\">\n\t\t\t\t\t\t\t<p><span style=\"color: #993300;\"><em>V\u00eddeo:<\/em><\/span> <span class=\"wsw-02\">Direito \u00e0 moradia<\/span><span class=\"wsw-21\">\u00a0[4:35]<\/span><\/p>\t\t\t\t\t\t<\/div>\n\t\t\t\t<\/div>\n\t\t\t\t<div class=\"elementor-element elementor-element-138b4e1 elementor-invisible elementor-widget elementor-widget-text-editor\" data-id=\"138b4e1\" data-element_type=\"widget\" data-settings=\"{&quot;_animation&quot;:&quot;fadeIn&quot;}\" data-widget_type=\"text-editor.default\">\n\t\t\t\t<div class=\"elementor-widget-container\">\n\t\t\t\t\t\t\t<p><a style=\"background-color: transparent; transition: color 0.2s ease-in-out, border 0.2s ease-in-out, text-decoration-color 0.2s ease-in-out; text-underline-offset: 2px; text-decoration-line: underline; text-decoration-thickness: from-font; font-family: Metropolis, Metropolis-Fallback, 'Apple Color Emoji', 'Noto Color Emoji', sans-serif; font-size: 18px; font-style: normal; font-weight: 400; letter-spacing: normal; text-align: start; word-spacing: 0px; -webkit-tap-highlight-color: transparent !important; color: inherit !important; text-decoration-color: inherit !important;\" href=\"https:\/\/www.youtube.com\/watch?v=PYKkURXBc-M\" target=\"_blank\" rel=\"noopener\">https:\/\/www.youtube.com\/watch?v=PYKkURXBc-M<\/a><\/p>\t\t\t\t\t\t<\/div>\n\t\t\t\t<\/div>\n\t\t\t\t\t<\/div>\n\t\t<\/div>\n\t\t\t\t\t<\/div>\n\t\t<\/section>\n\t\t\t\t<section class=\"elementor-section elementor-top-section elementor-element elementor-element-c31e537 elementor-section-boxed elementor-section-height-default elementor-section-height-default\" data-id=\"c31e537\" data-element_type=\"section\">\n\t\t\t\t\t\t<div class=\"elementor-container elementor-column-gap-default\">\n\t\t\t\t\t<div class=\"elementor-column elementor-col-100 elementor-top-column elementor-element elementor-element-0a9d574\" data-id=\"0a9d574\" data-element_type=\"column\">\n\t\t\t<div class=\"elementor-widget-wrap elementor-element-populated\">\n\t\t\t\t\t\t<div class=\"elementor-element elementor-element-7d50876 elementor-widget__width-initial elementor-widget elementor-widget-text-editor\" data-id=\"7d50876\" data-element_type=\"widget\" data-widget_type=\"text-editor.default\">\n\t\t\t\t<div class=\"elementor-widget-container\">\n\t\t\t\t\t\t\t<p><span style=\"color: #993300;\"><em><span class=\"wsw-21\">Movimento dos Trabalhadores sem Teto <\/span><span class=\"wsw-21\">(MTST)<\/span><\/em><\/span><\/p>\t\t\t\t\t\t<\/div>\n\t\t\t\t<\/div>\n\t\t\t\t<div class=\"elementor-element elementor-element-fbefff1 elementor-invisible elementor-widget elementor-widget-text-editor\" data-id=\"fbefff1\" data-element_type=\"widget\" data-settings=\"{&quot;_animation&quot;:&quot;fadeIn&quot;}\" data-widget_type=\"text-editor.default\">\n\t\t\t\t<div class=\"elementor-widget-container\">\n\t\t\t\t\t\t\t<p><a href=\"https:\/\/wikifavelas.com.br\/index.php\/Movimento_dos_Trabalhadores_Sem_Teto_(MTST)\" target=\"_blank\" style=\"background-color: transparent; color: rgb(57, 57, 57); transition: color 0.2s ease-in-out, border 0.2s ease-in-out, text-decoration-color 0.2s ease-in-out; text-underline-offset: 2px; text-decoration-line: underline; text-decoration-thickness: from-font; font-family: Metropolis, Metropolis-Fallback, &quot;Apple Color Emoji&quot;, &quot;Noto Color Emoji&quot;, sans-serif; font-size: 18px; font-style: normal; font-weight: 400; letter-spacing: normal; text-align: start; word-spacing: 0px; -webkit-tap-highlight-color: transparent !important; text-decoration-color: currentcolor !important;\">https:\/\/wikifavelas.com.br\/index.php\/Movimento_dos_Trabalhadores_Sem_Teto_(MTST)<\/a><br><\/p>\t\t\t\t\t\t<\/div>\n\t\t\t\t<\/div>\n\t\t\t\t\t<\/div>\n\t\t<\/div>\n\t\t\t\t\t<\/div>\n\t\t<\/section>\n\t\t\t\t<section class=\"elementor-section elementor-top-section elementor-element elementor-element-9289410 elementor-section-boxed elementor-section-height-default elementor-section-height-default\" data-id=\"9289410\" data-element_type=\"section\">\n\t\t\t\t\t\t<div class=\"elementor-container elementor-column-gap-default\">\n\t\t\t\t\t<div class=\"elementor-column elementor-col-100 elementor-top-column elementor-element elementor-element-98082a0\" data-id=\"98082a0\" data-element_type=\"column\">\n\t\t\t<div class=\"elementor-widget-wrap elementor-element-populated\">\n\t\t\t\t\t\t<div class=\"elementor-element elementor-element-998aef2 elementor-widget__width-initial elementor-widget elementor-widget-text-editor\" data-id=\"998aef2\" data-element_type=\"widget\" data-widget_type=\"text-editor.default\">\n\t\t\t\t<div class=\"elementor-widget-container\">\n\t\t\t\t\t\t\t<h3><span style=\"color: #993300;\"><em>Propostas de atividades EDH:<\/em><\/span>\u00a0Ensino Fundamental<\/h3><div><p style=\"margin: 0cm; line-height: 18.75pt; background-image: initial; background-position: initial; background-size: initial; background-repeat: initial; background-attachment: initial; background-origin: initial; background-clip: initial;\">\u00a0<\/p><\/div>\t\t\t\t\t\t<\/div>\n\t\t\t\t<\/div>\n\t\t\t\t<div class=\"elementor-element elementor-element-18e51a5 elementor-invisible elementor-widget elementor-widget-text-editor\" data-id=\"18e51a5\" data-element_type=\"widget\" data-settings=\"{&quot;_animation&quot;:&quot;fadeIn&quot;}\" data-widget_type=\"text-editor.default\">\n\t\t\t\t<div class=\"elementor-widget-container\">\n\t\t\t\t\t\t\t<p><a style=\"background-color: transparent; color: #393939; transition: color 0.2s ease-in-out, border 0.2s ease-in-out, text-decoration-color 0.2s ease-in-out; text-underline-offset: 2px; text-decoration-line: underline; text-decoration-thickness: from-font; font-family: Metropolis, Metropolis-Fallback, 'Apple Color Emoji', 'Noto Color Emoji', sans-serif; font-size: 18px; font-style: normal; font-weight: 400; letter-spacing: normal; text-align: start; word-spacing: 0px; -webkit-tap-highlight-color: transparent !important; text-decoration-color: currentcolor !important;\" href=\"https:\/\/plurall-content.s3.amazonaws.com\/oeds\/NV_ORG\/PNLD\/PNLD20\/Geografia_Geral_Brasil\/8ano\/03_BIMESTRE\/08_VERSAO_FINAL\/03_PDFS\/19_GGB_GEO_8ANO_3BIM_Sequencia_didatica_2_TRTAT.pdf\" target=\"_blank\" rel=\"noopener\">https:\/\/encurtador.com.br\/roI0y<\/a><\/p>\t\t\t\t\t\t<\/div>\n\t\t\t\t<\/div>\n\t\t\t\t\t<\/div>\n\t\t<\/div>\n\t\t\t\t\t<\/div>\n\t\t<\/section>\n\t\t\t\t<section class=\"elementor-section elementor-top-section elementor-element elementor-element-ad46a15 elementor-section-boxed elementor-section-height-default elementor-section-height-default\" data-id=\"ad46a15\" data-element_type=\"section\">\n\t\t\t\t\t\t<div class=\"elementor-container elementor-column-gap-default\">\n\t\t\t\t\t<div class=\"elementor-column elementor-col-100 elementor-top-column elementor-element elementor-element-000beea\" data-id=\"000beea\" data-element_type=\"column\">\n\t\t\t<div class=\"elementor-widget-wrap elementor-element-populated\">\n\t\t\t\t\t\t<div class=\"elementor-element elementor-element-50c897d elementor-invisible elementor-widget elementor-widget-text-editor\" data-id=\"50c897d\" data-element_type=\"widget\" data-settings=\"{&quot;_animation&quot;:&quot;fadeIn&quot;}\" data-widget_type=\"text-editor.default\">\n\t\t\t\t<div class=\"elementor-widget-container\">\n\t\t\t\t\t\t\t<p style=\"margin-bottom: 0.0001pt; line-height: normal; text-align: right;\"><strong>&gt;&gt;&gt;\u00a0<span style=\"color: #910101;\"><a style=\"color: #910101;\" href=\"https:\/\/www2.faac.unesp.br\/oedh-nedh\/?page_id=1269\">Voltar<\/a><\/span><\/strong><\/p>\t\t\t\t\t\t<\/div>\n\t\t\t\t<\/div>\n\t\t\t\t\t<\/div>\n\t\t<\/div>\n\t\t\t\t\t<\/div>\n\t\t<\/section>\n\t\t\t\t<\/div>\n\t\t","protected":false},"excerpt":{"rendered":"<p>Direito \u00e0 moradia Minha casa \u00e9 minha vida. Express\u00e3o popular Conceito: Direito \u00e0 moradia digna https:\/\/www.politize.com.br\/direito-a-moradia\/ An\u00e1lise:\u00a0 Raquel Rolnik: &#8220;\u00c9 preciso entender a moradia como direito&#8221; https:\/\/gauchazh.clicrbs.com.br\/porto-alegre\/noticia\/2015\/12\/raquel-rolnik-e-preciso-entender-a-moradia-como-direito-4929291.html Reportagem: D\u00e9ficit habitacional Brasil: o que \u00e9 e quais as principais causas? https:\/\/canalmynews.com.br\/brasil\/deficit-habitacional-brasil-principais-causas\/ &hellip; <a href=\"https:\/\/www2.faac.unesp.br\/oedh-nedh\/?page_id=1325\">Continue lendo <span class=\"meta-nav\">&rarr;<\/span><\/a><\/p>\n","protected":false},"author":2,"featured_media":0,"parent":0,"menu_order":0,"comment_status":"closed","ping_status":"closed","template":"","meta":{"footnotes":""},"_links":{"self":[{"href":"https:\/\/www2.faac.unesp.br\/oedh-nedh\/index.php?rest_route=\/wp\/v2\/pages\/1325"}],"collection":[{"href":"https:\/\/www2.faac.unesp.br\/oedh-nedh\/index.php?rest_route=\/wp\/v2\/pages"}],"about":[{"href":"https:\/\/www2.faac.unesp.br\/oedh-nedh\/index.php?rest_route=\/wp\/v2\/types\/page"}],"author":[{"embeddable":true,"href":"https:\/\/www2.faac.unesp.br\/oedh-nedh\/index.php?rest_route=\/wp\/v2\/users\/2"}],"replies":[{"embeddable":true,"href":"https:\/\/www2.faac.unesp.br\/oedh-nedh\/index.php?rest_route=%2Fwp%2Fv2%2Fcomments&post=1325"}],"version-history":[{"count":49,"href":"https:\/\/www2.faac.unesp.br\/oedh-nedh\/index.php?rest_route=\/wp\/v2\/pages\/1325\/revisions"}],"predecessor-version":[{"id":1567,"href":"https:\/\/www2.faac.unesp.br\/oedh-nedh\/index.php?rest_route=\/wp\/v2\/pages\/1325\/revisions\/1567"}],"wp:attachment":[{"href":"https:\/\/www2.faac.unesp.br\/oedh-nedh\/index.php?rest_route=%2Fwp%2Fv2%2Fmedia&parent=1325"}],"curies":[{"name":"wp","href":"https:\/\/api.w.org\/{rel}","templated":true}]}}