{"id":1302,"date":"2024-10-21T16:16:13","date_gmt":"2024-10-21T19:16:13","guid":{"rendered":"https:\/\/www2.faac.unesp.br\/oedh-nedh\/?page_id=1302"},"modified":"2025-04-09T18:31:37","modified_gmt":"2025-04-09T21:31:37","slug":"direito-a-alimentacao","status":"publish","type":"page","link":"https:\/\/www2.faac.unesp.br\/oedh-nedh\/?page_id=1302","title":{"rendered":"Direito \u00e0 alimenta\u00e7\u00e3o"},"content":{"rendered":"\t\t<div data-elementor-type=\"wp-page\" data-elementor-id=\"1302\" class=\"elementor elementor-1302\">\n\t\t\t\t\t\t<section class=\"elementor-section elementor-top-section elementor-element elementor-element-ec9097d elementor-section-boxed elementor-section-height-default elementor-section-height-default\" data-id=\"ec9097d\" data-element_type=\"section\">\n\t\t\t\t\t\t<div class=\"elementor-container elementor-column-gap-default\">\n\t\t\t\t\t<div class=\"elementor-column elementor-col-100 elementor-top-column elementor-element elementor-element-5ec26e9\" data-id=\"5ec26e9\" data-element_type=\"column\">\n\t\t\t<div class=\"elementor-widget-wrap elementor-element-populated\">\n\t\t\t\t\t\t<div class=\"elementor-element elementor-element-2e3b28a elementor-invisible elementor-widget elementor-widget-heading\" data-id=\"2e3b28a\" data-element_type=\"widget\" data-settings=\"{&quot;_animation&quot;:&quot;fadeInDown&quot;,&quot;_animation_mobile&quot;:&quot;fadeInDown&quot;}\" data-widget_type=\"heading.default\">\n\t\t\t\t<div class=\"elementor-widget-container\">\n\t\t\t<style>\/*! elementor - v3.21.0 - 26-05-2024 *\/\n.elementor-heading-title{padding:0;margin:0;line-height:1}.elementor-widget-heading .elementor-heading-title[class*=elementor-size-]>a{color:inherit;font-size:inherit;line-height:inherit}.elementor-widget-heading .elementor-heading-title.elementor-size-small{font-size:15px}.elementor-widget-heading .elementor-heading-title.elementor-size-medium{font-size:19px}.elementor-widget-heading .elementor-heading-title.elementor-size-large{font-size:29px}.elementor-widget-heading .elementor-heading-title.elementor-size-xl{font-size:39px}.elementor-widget-heading .elementor-heading-title.elementor-size-xxl{font-size:59px}<\/style><h2 class=\"elementor-heading-title elementor-size-medium\"><br>Direito \u00e0 alimenta\u00e7\u00e3o<\/h2>\t\t<\/div>\n\t\t\t\t<\/div>\n\t\t\t\t<div class=\"elementor-element elementor-element-1b005ca elementor-invisible elementor-widget elementor-widget-text-editor\" data-id=\"1b005ca\" data-element_type=\"widget\" data-settings=\"{&quot;_animation&quot;:&quot;fadeIn&quot;}\" data-widget_type=\"text-editor.default\">\n\t\t\t\t<div class=\"elementor-widget-container\">\n\t\t\t<style>\/*! elementor - v3.21.0 - 26-05-2024 *\/\n.elementor-widget-text-editor.elementor-drop-cap-view-stacked .elementor-drop-cap{background-color:#69727d;color:#fff}.elementor-widget-text-editor.elementor-drop-cap-view-framed .elementor-drop-cap{color:#69727d;border:3px solid;background-color:transparent}.elementor-widget-text-editor:not(.elementor-drop-cap-view-default) .elementor-drop-cap{margin-top:8px}.elementor-widget-text-editor:not(.elementor-drop-cap-view-default) .elementor-drop-cap-letter{width:1em;height:1em}.elementor-widget-text-editor .elementor-drop-cap{float:left;text-align:center;line-height:1;font-size:50px}.elementor-widget-text-editor .elementor-drop-cap-letter{display:inline-block}<\/style>\t\t\t\t<p class=\"fr\"><em><span class=\"wsw-37\">&#8220;Gente \u00e9 pra brilhar, n\u00e3o pra morrer de fome.&#8221;<\/span><\/em><\/p><p class=\"fr\"><span class=\"wsw-37\"><strong>Caetano Veloso\u00a0<\/strong><\/span><\/p>\t\t\t\t\t\t<\/div>\n\t\t\t\t<\/div>\n\t\t\t\t\t<\/div>\n\t\t<\/div>\n\t\t\t\t\t<\/div>\n\t\t<\/section>\n\t\t\t\t<section class=\"elementor-section elementor-top-section elementor-element elementor-element-4d3d159 elementor-section-boxed elementor-section-height-default elementor-section-height-default\" data-id=\"4d3d159\" data-element_type=\"section\">\n\t\t\t\t\t\t<div class=\"elementor-container elementor-column-gap-default\">\n\t\t\t\t\t<div class=\"elementor-column elementor-col-100 elementor-top-column elementor-element elementor-element-f116dff\" data-id=\"f116dff\" data-element_type=\"column\">\n\t\t\t<div class=\"elementor-widget-wrap elementor-element-populated\">\n\t\t\t\t\t\t<div class=\"elementor-element elementor-element-468042b elementor-widget__width-initial elementor-widget elementor-widget-text-editor\" data-id=\"468042b\" data-element_type=\"widget\" data-widget_type=\"text-editor.default\">\n\t\t\t\t<div class=\"elementor-widget-container\">\n\t\t\t\t\t\t\t<p><span class=\"wsw-21\"><span style=\"color: #993300;\"><em>Texto:<\/em><\/span>\u00a0Defini\u00e7\u00e3o e hist\u00f3ria do direito \u00e0 alimenta\u00e7\u00e3o<\/span><\/p>\t\t\t\t\t\t<\/div>\n\t\t\t\t<\/div>\n\t\t\t\t<div class=\"elementor-element elementor-element-4cfe4b1 elementor-invisible elementor-widget elementor-widget-text-editor\" data-id=\"4cfe4b1\" data-element_type=\"widget\" data-settings=\"{&quot;_animation&quot;:&quot;fadeIn&quot;}\" data-widget_type=\"text-editor.default\">\n\t\t\t\t<div class=\"elementor-widget-container\">\n\t\t\t\t\t\t\t<a style=\"background-color: transparent; color: #393939; transition: color 0.2s ease-in-out, border 0.2s ease-in-out, text-decoration-color 0.2s ease-in-out; text-underline-offset: 2px; text-decoration-line: underline; text-decoration-thickness: from-font; text-decoration-color: rgba(57, 57, 57, 0.5); font-family: Metropolis, Metropolis-Fallback, 'Apple Color Emoji', 'Noto Color Emoji', sans-serif; font-size: 16px; font-style: normal; font-weight: 400; letter-spacing: normal; text-align: start; word-spacing: 0px; -webkit-tap-highlight-color: transparent !important;\" href=\"https:\/\/www.dhnet.org.br\/dados\/relatorios\/dh\/br\/relatores_onu\/desc_ziegler\/i_definicaohistoria.htm\" target=\"_blank\" rel=\"noopener\">\u00a0https:\/\/www.dhnet.org.br\/dados\/relatorios\/dh\/br\/relatores_onu\/desc_ziegler\/i_definicaohistoria.htm<\/a>\t\t\t\t\t\t<\/div>\n\t\t\t\t<\/div>\n\t\t\t\t\t<\/div>\n\t\t<\/div>\n\t\t\t\t\t<\/div>\n\t\t<\/section>\n\t\t\t\t<section class=\"elementor-section elementor-top-section elementor-element elementor-element-6b55e18 elementor-section-boxed elementor-section-height-default elementor-section-height-default\" data-id=\"6b55e18\" data-element_type=\"section\">\n\t\t\t\t\t\t<div class=\"elementor-container elementor-column-gap-default\">\n\t\t\t\t\t<div class=\"elementor-column elementor-col-100 elementor-top-column elementor-element elementor-element-da68348\" data-id=\"da68348\" data-element_type=\"column\">\n\t\t\t<div class=\"elementor-widget-wrap elementor-element-populated\">\n\t\t\t\t\t\t<div class=\"elementor-element elementor-element-c48400e elementor-widget__width-initial elementor-widget elementor-widget-text-editor\" data-id=\"c48400e\" data-element_type=\"widget\" data-widget_type=\"text-editor.default\">\n\t\t\t\t<div class=\"elementor-widget-container\">\n\t\t\t\t\t\t\t<p><span style=\"color: #993300;\"><em>Documento:<\/em><\/span> Retorno do Brasil ao Mapa da Fome da ONU &#8211; 2022<\/p>\t\t\t\t\t\t<\/div>\n\t\t\t\t<\/div>\n\t\t\t\t<div class=\"elementor-element elementor-element-909f971 elementor-invisible elementor-widget elementor-widget-text-editor\" data-id=\"909f971\" data-element_type=\"widget\" data-settings=\"{&quot;_animation&quot;:&quot;fadeIn&quot;}\" data-widget_type=\"text-editor.default\">\n\t\t\t\t<div class=\"elementor-widget-container\">\n\t\t\t\t\t\t\t<p><a style=\"background-color: transparent; color: #393939; transition: color 0.2s ease-in-out, border 0.2s ease-in-out, text-decoration-color 0.2s ease-in-out; text-underline-offset: 2px; text-decoration-line: underline; text-decoration-thickness: from-font; text-decoration-color: rgba(57, 57, 57, 0.5); font-family: Metropolis, Metropolis-Fallback, 'Apple Color Emoji', 'Noto Color Emoji', sans-serif; font-size: 16px; font-style: normal; font-weight: 400; letter-spacing: normal; text-align: start; word-spacing: 0px; -webkit-tap-highlight-color: transparent !important;\" href=\"https:\/\/www.dhnet.org.br\/dados\/relatorios\/dh\/br\/relatores_onu\/desc_ziegler\/i_definicaohistoria.htm\" target=\"_blank\" rel=\"noopener\">https:\/\/www12.senado.leg.br\/noticias\/infomaterias\/2022\/10\/retorno-do-brasil-ao-mapa-da-fome-da-onu-preocupa-senadores-e-estudiosos<\/a><\/p>\t\t\t\t\t\t<\/div>\n\t\t\t\t<\/div>\n\t\t\t\t\t<\/div>\n\t\t<\/div>\n\t\t\t\t\t<\/div>\n\t\t<\/section>\n\t\t\t\t<section class=\"elementor-section elementor-top-section elementor-element elementor-element-81410d5 elementor-section-boxed elementor-section-height-default elementor-section-height-default\" data-id=\"81410d5\" data-element_type=\"section\">\n\t\t\t\t\t\t<div class=\"elementor-container elementor-column-gap-default\">\n\t\t\t\t\t<div class=\"elementor-column elementor-col-100 elementor-top-column elementor-element elementor-element-9a516d4\" data-id=\"9a516d4\" data-element_type=\"column\">\n\t\t\t<div class=\"elementor-widget-wrap elementor-element-populated\">\n\t\t\t\t\t\t<div class=\"elementor-element elementor-element-2f40dc6 elementor-widget__width-initial elementor-widget elementor-widget-text-editor\" data-id=\"2f40dc6\" data-element_type=\"widget\" data-widget_type=\"text-editor.default\">\n\t\t\t\t<div class=\"elementor-widget-container\">\n\t\t\t\t\t\t\t<p><span style=\"color: #993300;\"><em>Reportagem:<\/em><\/span> A fome no Brasil<\/p>\t\t\t\t\t\t<\/div>\n\t\t\t\t<\/div>\n\t\t\t\t<div class=\"elementor-element elementor-element-5eb04fd elementor-invisible elementor-widget elementor-widget-text-editor\" data-id=\"5eb04fd\" data-element_type=\"widget\" data-settings=\"{&quot;_animation&quot;:&quot;fadeIn&quot;}\" data-widget_type=\"text-editor.default\">\n\t\t\t\t<div class=\"elementor-widget-container\">\n\t\t\t\t\t\t\t<p><a style=\"background-color: transparent; transition: color 0.2s ease-in-out, border 0.2s ease-in-out, text-decoration-color 0.2s ease-in-out; text-underline-offset: 2px; text-decoration-line: underline; text-decoration-thickness: from-font; font-family: Metropolis, Metropolis-Fallback, 'Apple Color Emoji', 'Noto Color Emoji', sans-serif; font-size: 18px; font-style: normal; font-weight: 400; letter-spacing: normal; text-align: start; word-spacing: 0px; -webkit-tap-highlight-color: transparent !important; color: inherit !important; text-decoration-color: inherit !important;\" href=\"https:\/\/brasilescola.uol.com.br\/brasil\/fome-no-brasil.htm\" target=\"_blank\" rel=\"noopener\">https:\/\/brasilescola.uol.com.br\/brasil\/fome-no-brasil.htm<\/a><\/p>\t\t\t\t\t\t<\/div>\n\t\t\t\t<\/div>\n\t\t\t\t\t<\/div>\n\t\t<\/div>\n\t\t\t\t\t<\/div>\n\t\t<\/section>\n\t\t\t\t<section class=\"elementor-section elementor-top-section elementor-element elementor-element-fd809aa elementor-section-boxed elementor-section-height-default elementor-section-height-default\" data-id=\"fd809aa\" data-element_type=\"section\">\n\t\t\t\t\t\t<div class=\"elementor-container elementor-column-gap-default\">\n\t\t\t\t\t<div class=\"elementor-column elementor-col-100 elementor-top-column elementor-element elementor-element-63f78ed\" data-id=\"63f78ed\" data-element_type=\"column\">\n\t\t\t<div class=\"elementor-widget-wrap elementor-element-populated\">\n\t\t\t\t\t\t<div class=\"elementor-element elementor-element-a815ac6 elementor-widget__width-initial elementor-widget elementor-widget-text-editor\" data-id=\"a815ac6\" data-element_type=\"widget\" data-widget_type=\"text-editor.default\">\n\t\t\t\t<div class=\"elementor-widget-container\">\n\t\t\t\t\t\t\t<p><span style=\"color: #993300;\"><em>V\u00eddeo: <\/em><\/span>O conceito de direito humano \u00e0 alimenta\u00e7\u00e3o e nutri\u00e7\u00e3o adequadas\u00a0[11.52]<\/p>\t\t\t\t\t\t<\/div>\n\t\t\t\t<\/div>\n\t\t\t\t<div class=\"elementor-element elementor-element-80a7ee9 elementor-invisible elementor-widget elementor-widget-text-editor\" data-id=\"80a7ee9\" data-element_type=\"widget\" data-settings=\"{&quot;_animation&quot;:&quot;fadeIn&quot;}\" data-widget_type=\"text-editor.default\">\n\t\t\t\t<div class=\"elementor-widget-container\">\n\t\t\t\t\t\t\t<p><span style=\"font-weight: bold; color: #666666; font-family: Metropolis, Metropolis-Fallback, 'Apple Color Emoji', 'Noto Color Emoji', sans-serif; font-size: 18px; font-style: normal; letter-spacing: normal; text-align: start; word-spacing: 0px; -webkit-tap-highlight-color: transparent !important;\">\u00a0<\/span><span style=\"color: #666666; font-family: Metropolis, Metropolis-Fallback, 'Apple Color Emoji', 'Noto Color Emoji', sans-serif; font-size: 18px; font-style: normal; font-weight: 400; letter-spacing: normal; text-align: start; word-spacing: 0px;\">\u00a0<\/span><a style=\"background-color: transparent; color: #393939; transition: color 0.2s ease-in-out, border 0.2s ease-in-out, text-decoration-color 0.2s ease-in-out; text-underline-offset: 2px; text-decoration-line: underline; text-decoration-thickness: from-font; text-decoration-color: rgba(57, 57, 57, 0.5); font-family: Metropolis, Metropolis-Fallback, 'Apple Color Emoji', 'Noto Color Emoji', sans-serif; font-size: 18px; font-style: normal; font-weight: 400; letter-spacing: normal; text-align: start; word-spacing: 0px; -webkit-tap-highlight-color: transparent !important;\" href=\"https:\/\/www.youtube.com\/watch?v=AuuGKRRVXfE\" target=\"_blank\" rel=\"noopener\">https:\/\/www.youtube.com\/watch?v=AuuGKRRVXfE\u00a0<\/a><\/p>\t\t\t\t\t\t<\/div>\n\t\t\t\t<\/div>\n\t\t\t\t\t<\/div>\n\t\t<\/div>\n\t\t\t\t\t<\/div>\n\t\t<\/section>\n\t\t\t\t<section class=\"elementor-section elementor-top-section elementor-element elementor-element-77915cf elementor-section-boxed elementor-section-height-default elementor-section-height-default\" data-id=\"77915cf\" data-element_type=\"section\">\n\t\t\t\t\t\t<div class=\"elementor-container elementor-column-gap-default\">\n\t\t\t\t\t<div class=\"elementor-column elementor-col-100 elementor-top-column elementor-element elementor-element-2ed477f\" data-id=\"2ed477f\" data-element_type=\"column\">\n\t\t\t<div class=\"elementor-widget-wrap elementor-element-populated\">\n\t\t\t\t\t\t<div class=\"elementor-element elementor-element-1e7c5e8 elementor-widget__width-initial elementor-widget elementor-widget-text-editor\" data-id=\"1e7c5e8\" data-element_type=\"widget\" data-widget_type=\"text-editor.default\">\n\t\t\t\t<div class=\"elementor-widget-container\">\n\t\t\t\t\t\t\t<p><span style=\"color: #993300;\"><em>V\u00eddeo: <\/em><\/span>Direitos \u00e0 alimenta\u00e7\u00e3o (para crian\u00e7a)\u00a0[5:18]<\/p>\t\t\t\t\t\t<\/div>\n\t\t\t\t<\/div>\n\t\t\t\t<div class=\"elementor-element elementor-element-0dc1e87 elementor-invisible elementor-widget elementor-widget-text-editor\" data-id=\"0dc1e87\" data-element_type=\"widget\" data-settings=\"{&quot;_animation&quot;:&quot;fadeIn&quot;}\" data-widget_type=\"text-editor.default\">\n\t\t\t\t<div class=\"elementor-widget-container\">\n\t\t\t\t\t\t\t<p><a href=\"https:\/\/www.youtube.com\/watch?v=8rrfeNcspgw\" target=\"_blank\" style=\"background-color: transparent; color: rgb(57, 57, 57); transition: color 0.2s ease-in-out, border 0.2s ease-in-out, text-decoration-color 0.2s ease-in-out; text-underline-offset: 2px; text-decoration-line: underline; text-decoration-thickness: from-font; text-decoration-color: rgba(57, 57, 57, 0.5); font-family: Metropolis, Metropolis-Fallback, &quot;Apple Color Emoji&quot;, &quot;Noto Color Emoji&quot;, sans-serif; font-size: 18px; font-style: normal; font-weight: 400; letter-spacing: normal; text-align: start; word-spacing: 0px; -webkit-tap-highlight-color: transparent !important;\">https:\/\/www.youtube.com\/watch?v=8rrfeNcspgw<\/a><br><\/p>\t\t\t\t\t\t<\/div>\n\t\t\t\t<\/div>\n\t\t\t\t\t<\/div>\n\t\t<\/div>\n\t\t\t\t\t<\/div>\n\t\t<\/section>\n\t\t\t\t<section class=\"elementor-section elementor-top-section elementor-element elementor-element-ad46a15 elementor-section-boxed elementor-section-height-default elementor-section-height-default\" data-id=\"ad46a15\" data-element_type=\"section\">\n\t\t\t\t\t\t<div class=\"elementor-container elementor-column-gap-default\">\n\t\t\t\t\t<div class=\"elementor-column elementor-col-100 elementor-top-column elementor-element elementor-element-000beea\" data-id=\"000beea\" data-element_type=\"column\">\n\t\t\t<div class=\"elementor-widget-wrap elementor-element-populated\">\n\t\t\t\t\t\t<div class=\"elementor-element elementor-element-50c897d elementor-invisible elementor-widget elementor-widget-text-editor\" data-id=\"50c897d\" data-element_type=\"widget\" data-settings=\"{&quot;_animation&quot;:&quot;fadeIn&quot;}\" data-widget_type=\"text-editor.default\">\n\t\t\t\t<div class=\"elementor-widget-container\">\n\t\t\t\t\t\t\t<p style=\"margin-bottom: 0.0001pt; line-height: normal; text-align: right;\"><strong>&gt;&gt;&gt;\u00a0<span style=\"color: #910101;\"><a style=\"color: #910101;\" href=\"https:\/\/www2.faac.unesp.br\/oedh-nedh\/?page_id=1269\">Voltar<\/a><\/span><\/strong><\/p>\t\t\t\t\t\t<\/div>\n\t\t\t\t<\/div>\n\t\t\t\t\t<\/div>\n\t\t<\/div>\n\t\t\t\t\t<\/div>\n\t\t<\/section>\n\t\t\t\t<\/div>\n\t\t","protected":false},"excerpt":{"rendered":"<p>Direito \u00e0 alimenta\u00e7\u00e3o &#8220;Gente \u00e9 pra brilhar, n\u00e3o pra morrer de fome.&#8221; Caetano Veloso\u00a0 Texto:\u00a0Defini\u00e7\u00e3o e hist\u00f3ria do direito \u00e0 alimenta\u00e7\u00e3o \u00a0https:\/\/www.dhnet.org.br\/dados\/relatorios\/dh\/br\/relatores_onu\/desc_ziegler\/i_definicaohistoria.htm Documento: Retorno do Brasil ao Mapa da Fome da ONU &#8211; 2022 https:\/\/www12.senado.leg.br\/noticias\/infomaterias\/2022\/10\/retorno-do-brasil-ao-mapa-da-fome-da-onu-preocupa-senadores-e-estudiosos Reportagem: A fome no Brasil &hellip; <a href=\"https:\/\/www2.faac.unesp.br\/oedh-nedh\/?page_id=1302\">Continue lendo <span class=\"meta-nav\">&rarr;<\/span><\/a><\/p>\n","protected":false},"author":2,"featured_media":0,"parent":0,"menu_order":0,"comment_status":"closed","ping_status":"closed","template":"","meta":{"footnotes":""},"_links":{"self":[{"href":"https:\/\/www2.faac.unesp.br\/oedh-nedh\/index.php?rest_route=\/wp\/v2\/pages\/1302"}],"collection":[{"href":"https:\/\/www2.faac.unesp.br\/oedh-nedh\/index.php?rest_route=\/wp\/v2\/pages"}],"about":[{"href":"https:\/\/www2.faac.unesp.br\/oedh-nedh\/index.php?rest_route=\/wp\/v2\/types\/page"}],"author":[{"embeddable":true,"href":"https:\/\/www2.faac.unesp.br\/oedh-nedh\/index.php?rest_route=\/wp\/v2\/users\/2"}],"replies":[{"embeddable":true,"href":"https:\/\/www2.faac.unesp.br\/oedh-nedh\/index.php?rest_route=%2Fwp%2Fv2%2Fcomments&post=1302"}],"version-history":[{"count":10,"href":"https:\/\/www2.faac.unesp.br\/oedh-nedh\/index.php?rest_route=\/wp\/v2\/pages\/1302\/revisions"}],"predecessor-version":[{"id":1459,"href":"https:\/\/www2.faac.unesp.br\/oedh-nedh\/index.php?rest_route=\/wp\/v2\/pages\/1302\/revisions\/1459"}],"wp:attachment":[{"href":"https:\/\/www2.faac.unesp.br\/oedh-nedh\/index.php?rest_route=%2Fwp%2Fv2%2Fmedia&parent=1302"}],"curies":[{"name":"wp","href":"https:\/\/api.w.org\/{rel}","templated":true}]}}