{"id":11,"date":"2022-01-29T14:25:30","date_gmt":"2022-01-29T17:25:30","guid":{"rendered":"https:\/\/www2.faac.unesp.br\/oedh-nedh\/?page_id=11"},"modified":"2025-07-30T19:39:51","modified_gmt":"2025-07-30T22:39:51","slug":"principal","status":"publish","type":"page","link":"https:\/\/www2.faac.unesp.br\/oedh-nedh\/?page_id=11","title":{"rendered":"Pr\u00e1tica pedag\u00f3gica 1 &#8211; Educa\u00e7\u00e3o Infantil"},"content":{"rendered":"\t\t<div data-elementor-type=\"wp-page\" data-elementor-id=\"11\" class=\"elementor elementor-11\">\n\t\t\t\t\t\t<section class=\"elementor-section elementor-top-section elementor-element elementor-element-1d1913d elementor-section-boxed elementor-section-height-default elementor-section-height-default\" data-id=\"1d1913d\" data-element_type=\"section\">\n\t\t\t\t\t\t<div class=\"elementor-container elementor-column-gap-default\">\n\t\t\t\t\t<div class=\"elementor-column elementor-col-100 elementor-top-column elementor-element elementor-element-5f806fd\" data-id=\"5f806fd\" data-element_type=\"column\">\n\t\t\t<div class=\"elementor-widget-wrap elementor-element-populated\">\n\t\t\t\t\t\t<div class=\"elementor-element elementor-element-fd11bbd elementor-invisible elementor-widget elementor-widget-heading\" data-id=\"fd11bbd\" data-element_type=\"widget\" data-settings=\"{&quot;_animation&quot;:&quot;fadeInDown&quot;,&quot;_animation_mobile&quot;:&quot;fadeInDown&quot;}\" data-widget_type=\"heading.default\">\n\t\t\t\t<div class=\"elementor-widget-container\">\n\t\t\t<style>\/*! elementor - v3.21.0 - 26-05-2024 *\/\n.elementor-heading-title{padding:0;margin:0;line-height:1}.elementor-widget-heading .elementor-heading-title[class*=elementor-size-]>a{color:inherit;font-size:inherit;line-height:inherit}.elementor-widget-heading .elementor-heading-title.elementor-size-small{font-size:15px}.elementor-widget-heading .elementor-heading-title.elementor-size-medium{font-size:19px}.elementor-widget-heading .elementor-heading-title.elementor-size-large{font-size:29px}.elementor-widget-heading .elementor-heading-title.elementor-size-xl{font-size:39px}.elementor-widget-heading .elementor-heading-title.elementor-size-xxl{font-size:59px}<\/style><h1 class=\"elementor-heading-title elementor-size-small\">Educa\u00e7\u00e3o Infantil  <\/h1>\t\t<\/div>\n\t\t\t\t<\/div>\n\t\t\t\t<div class=\"elementor-element elementor-element-0a5eb78 elementor-invisible elementor-widget elementor-widget-heading\" data-id=\"0a5eb78\" data-element_type=\"widget\" data-settings=\"{&quot;_animation&quot;:&quot;fadeInDown&quot;}\" data-widget_type=\"heading.default\">\n\t\t\t\t<div class=\"elementor-widget-container\">\n\t\t\t<h2 class=\"elementor-heading-title elementor-size-large\">Pr\u00e1tica pedag\u00f3gica 1<\/h2>\t\t<\/div>\n\t\t\t\t<\/div>\n\t\t\t\t\t<\/div>\n\t\t<\/div>\n\t\t\t\t\t<\/div>\n\t\t<\/section>\n\t\t\t\t<section class=\"elementor-section elementor-top-section elementor-element elementor-element-f5a90d4 elementor-section-boxed elementor-section-height-default elementor-section-height-default\" data-id=\"f5a90d4\" data-element_type=\"section\">\n\t\t\t\t\t\t<div class=\"elementor-container elementor-column-gap-default\">\n\t\t\t\t\t<div class=\"elementor-column elementor-col-100 elementor-top-column elementor-element elementor-element-7b1f312\" data-id=\"7b1f312\" data-element_type=\"column\">\n\t\t\t<div class=\"elementor-widget-wrap elementor-element-populated\">\n\t\t\t\t\t\t<div class=\"elementor-element elementor-element-1c80e02 elementor-invisible elementor-widget elementor-widget-text-editor\" data-id=\"1c80e02\" data-element_type=\"widget\" data-settings=\"{&quot;_animation&quot;:&quot;fadeIn&quot;}\" data-widget_type=\"text-editor.default\">\n\t\t\t\t<div class=\"elementor-widget-container\">\n\t\t\t<style>\/*! elementor - v3.21.0 - 26-05-2024 *\/\n.elementor-widget-text-editor.elementor-drop-cap-view-stacked .elementor-drop-cap{background-color:#69727d;color:#fff}.elementor-widget-text-editor.elementor-drop-cap-view-framed .elementor-drop-cap{color:#69727d;border:3px solid;background-color:transparent}.elementor-widget-text-editor:not(.elementor-drop-cap-view-default) .elementor-drop-cap{margin-top:8px}.elementor-widget-text-editor:not(.elementor-drop-cap-view-default) .elementor-drop-cap-letter{width:1em;height:1em}.elementor-widget-text-editor .elementor-drop-cap{float:left;text-align:center;line-height:1;font-size:50px}.elementor-widget-text-editor .elementor-drop-cap-letter{display:inline-block}<\/style>\t\t\t\t<p><strong><span style=\"color: #993300;\">Projeto:<\/span> CULTIVANDO OS DIREITOS HUMANOS NA EDUCA\u00c7\u00c3O B\u00c1SICA<br \/><\/strong><span style=\"color: #993300;\"><strong>Atividade:<\/strong><\/span> A constru\u00e7\u00e3o do sujeito em crian\u00e7as de 4 e 5 anos<br \/><span style=\"color: #993300;\"><strong>Institui\u00e7\u00e3o<\/strong>:<\/span> EMEI Ven\u00e2ncio Ramalho Guedes de Azevedo \/ Bauru-SP<br \/><span style=\"color: #993300;\"><strong>Diretora:<\/strong><\/span> M\u00e1rcia Barravieira<br \/><span style=\"color: #993300;\"><strong>Professora<\/strong>:<\/span> Tereza Cristina Alonso de Lima<br \/><span style=\"color: #993300;\"><strong>Dura\u00e7\u00e3o da atividade: <\/strong><\/span>1 semana<br \/><span style=\"color: #993300;\"><strong>Conte\u00fado<\/strong>:<\/span> Dimens\u00e3o de sujeito na primeira inf\u00e2ncia<br \/><strong><span style=\"color: #993300;\">Objetivos:<\/span><br \/><\/strong>&#8211; Exercitar a percep\u00e7\u00e3o da diversidade dos sujeitos, apreciar e respeitar as diferen\u00e7as e a igualdade.<br \/><em>&#8211;<\/em> Conversar sobre a individualidade de cada um e o sentido de coletividade.<br \/><strong><span style=\"color: #993300;\">Metodologia:<\/span><br \/><\/strong>A atividade foi realizada inicialmente com os alunos desenvolvendo desenhos voltados para a observa\u00e7\u00e3o atenta de si e dos colegas. Num segundo momento realizou-se a constru\u00e7\u00e3o de um painel coletivo, com as produ\u00e7\u00f5es das crian\u00e7as, que serviu de est\u00edmulo para uma din\u00e2mica com a classe. Neste ponto alto da atividade, conversaram entre si sobre a individualidade de cada um e o sentido de coletividade do grupo.\u00a0 Finalmente cada crian\u00e7a fez a aprecia\u00e7\u00e3o de si e do grupo observando o trabalho gravado em DVD<br \/><strong><span style=\"color: #993300;\">Recursos:<\/span><br \/><\/strong>&#8211; Papel sulfite;<br \/>&#8211; L\u00e1pis de cor;<br \/>&#8211; Caneta Hidrocor<br \/><strong><span style=\"color: #993300;\">Avalia\u00e7\u00e3o:<\/span><br \/><\/strong>O resultado da atividade foi a observa\u00e7\u00e3o, interpreta\u00e7\u00e3o e a reflex\u00e3o do desenho da turma.<br \/><strong><span style=\"color: #993300;\">Refer\u00eancias:<\/span><br \/><\/strong>Biblioteca online do <a href=\"https:\/\/www2.unesp.br\/portal#!\/observatorio_ses\">Observat\u00f3rio de Educa\u00e7\u00e3o em Direitos Humanos \/ Unesp<\/a><\/p><p><strong><br \/><\/strong><strong>\u00a0 \u00a0 \u00a0 \u00a0 \u00a0 \u00a0 \u00a0 \u00a0 \u00a0 \u00a0 \u00a0 \u00a0 \u00a0 \u00a0 \u00a0 \u00a0 \u00a0 \u00a0 \u00a0 \u00a0 \u00a0 \u00a0 \u00a0 \u00a0 \u00a0 \u00a0 \u00a0 \u00a0 *\u00a0 \u00a0 *\u00a0 \u00a0 *<\/strong><\/p>\t\t\t\t\t\t<\/div>\n\t\t\t\t<\/div>\n\t\t\t\t\t<\/div>\n\t\t<\/div>\n\t\t\t\t\t<\/div>\n\t\t<\/section>\n\t\t\t\t<\/div>\n\t\t","protected":false},"excerpt":{"rendered":"<p>Educa\u00e7\u00e3o Infantil Pr\u00e1tica pedag\u00f3gica 1 Projeto: CULTIVANDO OS DIREITOS HUMANOS NA EDUCA\u00c7\u00c3O B\u00c1SICAAtividade: A constru\u00e7\u00e3o do sujeito em crian\u00e7as de 4 e 5 anosInstitui\u00e7\u00e3o: EMEI Ven\u00e2ncio Ramalho Guedes de Azevedo \/ Bauru-SPDiretora: M\u00e1rcia BarravieiraProfessora: Tereza Cristina Alonso de LimaDura\u00e7\u00e3o da &hellip; <a href=\"https:\/\/www2.faac.unesp.br\/oedh-nedh\/?page_id=11\">Continue lendo <span class=\"meta-nav\">&rarr;<\/span><\/a><\/p>\n","protected":false},"author":2,"featured_media":0,"parent":0,"menu_order":0,"comment_status":"closed","ping_status":"closed","template":"","meta":{"footnotes":""},"_links":{"self":[{"href":"https:\/\/www2.faac.unesp.br\/oedh-nedh\/index.php?rest_route=\/wp\/v2\/pages\/11"}],"collection":[{"href":"https:\/\/www2.faac.unesp.br\/oedh-nedh\/index.php?rest_route=\/wp\/v2\/pages"}],"about":[{"href":"https:\/\/www2.faac.unesp.br\/oedh-nedh\/index.php?rest_route=\/wp\/v2\/types\/page"}],"author":[{"embeddable":true,"href":"https:\/\/www2.faac.unesp.br\/oedh-nedh\/index.php?rest_route=\/wp\/v2\/users\/2"}],"replies":[{"embeddable":true,"href":"https:\/\/www2.faac.unesp.br\/oedh-nedh\/index.php?rest_route=%2Fwp%2Fv2%2Fcomments&post=11"}],"version-history":[{"count":40,"href":"https:\/\/www2.faac.unesp.br\/oedh-nedh\/index.php?rest_route=\/wp\/v2\/pages\/11\/revisions"}],"predecessor-version":[{"id":2822,"href":"https:\/\/www2.faac.unesp.br\/oedh-nedh\/index.php?rest_route=\/wp\/v2\/pages\/11\/revisions\/2822"}],"wp:attachment":[{"href":"https:\/\/www2.faac.unesp.br\/oedh-nedh\/index.php?rest_route=%2Fwp%2Fv2%2Fmedia&parent=11"}],"curies":[{"name":"wp","href":"https:\/\/api.w.org\/{rel}","templated":true}]}}