{"id":2,"date":"2010-02-23T16:14:02","date_gmt":"2010-02-23T19:14:02","guid":{"rendered":""},"modified":"2017-06-13T18:25:25","modified_gmt":"2017-06-13T21:25:25","slug":"about","status":"publish","type":"page","link":"https:\/\/www2.faac.unesp.br\/blog\/obsmidia\/about\/","title":{"rendered":"sobre o projeto"},"content":{"rendered":"<p><span style=\"color: #000000\"><strong>O que somos<\/strong><\/span><\/p>\n<p><span style=\"color: #000000\">Este \u00e9 um observat\u00f3rio de m\u00eddia com conte\u00fado produzido por estudantes de comunica\u00e7\u00e3o e professores da Faculdade de Arquitetura, Artes e Comunica\u00e7\u00e3o da Universidade Estadual Paulista (<span style=\"text-decoration: underline\"><a href=\"http:\/\/www.faac.unesp.br\/\" target=\"_blank\">FAAC\/UNESP<\/a><\/span>). A iniciativa do <strong>Plural \u2013 Observat\u00f3rio de Comunica\u00e7\u00e3o e Cidadania <\/strong>corresponde a um projeto de extens\u00e3o universit\u00e1ria vinculado ao Departamento de Ci\u00eancias Humanas (<span style=\"text-decoration: underline\"><a href=\"http:\/\/www.faac.unesp.br\/departamentos\/dchu\/\" target=\"_blank\">DCHU<\/a><\/span>) da FAAC e coordenado pelo Prof. Dr. <span style=\"text-decoration: underline\"><a href=\"http:\/\/lattes.cnpq.br\/1764187818137062\" target=\"_blank\">Danilo Rothberg<\/a><\/span>, com a colabora\u00e7\u00e3o dos professores doutores <span style=\"text-decoration: underline\"><a href=\"http:\/\/lattes.cnpq.br\/4413410311464411\" target=\"_blank\">Carlo Jos\u00e9 Napolitano<\/a><\/span>,\u00a0<span style=\"text-decoration: underline\"><a href=\"http:\/\/lattes.cnpq.br\/2273673575861970\" target=\"_blank\">Caroline Kraus Luvizotto<\/a><\/span>,\u00a0<span style=\"text-decoration: underline\"><a href=\"http:\/\/lattes.cnpq.br\/3941640626637014\" target=\"_blank\">Murilo C\u00e9sar Soares<\/a>\u00a0e<\/span>\u00a0<span style=\"text-decoration: underline\"><a href=\"http:\/\/lattes.cnpq.br\/5606170947611867\" target=\"_blank\">Maximiliano Martin Vicente<\/a>.<\/span>\u00a0<\/span><\/p>\n<p><span style=\"color: #000000\">O <strong>Plural \u2013 Observat\u00f3rio de Comunica\u00e7\u00e3o e Cidadania <\/strong>tem sido apoiado desde sua cria\u00e7\u00e3o em 2010 com bolsas da PROEX &#8211; Pr\u00f3-Reitoria de Extens\u00e3o Universit\u00e1ria da UNESP ou do Departamento de Ci\u00eancias Humanas da FAAC.\u00a0<\/span><\/p>\n<p><span style=\"color: #000000\"><strong>O que fazemos<\/strong><\/span><\/p>\n<p><span style=\"color: #000000\">Apoiados sobre teorias e m\u00e9todos de pesquisa em comunica\u00e7\u00e3o adequados e compat\u00edveis com o estatuto cient\u00edfico da \u00e1rea na atualidade, produzimos an\u00e1lises qualitativas sobre a atua\u00e7\u00e3o de meios de comunica\u00e7\u00e3o (r\u00e1dio, tv, jornal e internet) locais, regionais e nacionais, baseadas em conhecimentos sobre a adequa\u00e7\u00e3o de pr\u00e1ticas jornal\u00edsticas, crit\u00e9rios de noticiabilidade e contextualiza\u00e7\u00e3o da not\u00edcia nas diversas editorias e segmentos do mercado de comunica\u00e7\u00e3o brasileiro. Tamb\u00e9m estamos atentos \u00e0 qualidade da comunica\u00e7\u00e3o p\u00fablica em portais eletr\u00f4nicos de governo e \u00e0 regula\u00e7\u00e3o de m\u00eddia nacional e internacional, em especial da radiodifus\u00e3o. E acompanhamos de perto temas contempor\u00e2neos de cultura e comunica\u00e7\u00e3o.<\/span><\/p>\n<p><span style=\"color: #000000\"><strong>Contexto de atua\u00e7\u00e3o<\/strong><\/span><\/p>\n<p><span style=\"color: #000000\">O desempenho da comunica\u00e7\u00e3o deve ser considerado dentro do quadro das demandas que as sociedades democr\u00e1ticas t\u00eam cada vez mais apresentado, com organiza\u00e7\u00e3o e sistematicidade, para suas m\u00eddias comerciais e p\u00fablicas. S\u00e3o exigidas determinadas pr\u00e1ticas editoriais alinhadas a tend\u00eancias de aperfei\u00e7oamento da cobertura jornal\u00edstica e da comunica\u00e7\u00e3o p\u00fablica em v\u00e1rias tem\u00e1ticas, de maneira a contribuir para a liberdade de informa\u00e7\u00e3o como requisito da cidadania.<\/span><\/p>\n<p><span style=\"color: #000000\">Neste \u00e2mbito, o direito \u00e0 informa\u00e7\u00e3o deve ser visto como um componente fundamental ao exerc\u00edcio dos direitos civis, pol\u00edticos e sociais que comp\u00f5em a cidadania modernamente constru\u00edda. Deve ser reconhecido que, mesmo em um mundo no qual a cultura de cidadania se transforma rapidamente, acolhendo formas fragmentadas e individualistas de integra\u00e7\u00e3o social e pol\u00edtica, o direito \u00e0 informa\u00e7\u00e3o continua a ser um direito b\u00e1sico. Ele deve ser provisionado porque representa um bem maior, do qual o pa\u00eds como um todo precisa para atingir elevados os n\u00edveis de qualidade de vida desejados como atributos coletivos, e configura-se como demanda vis\u00edvel no cen\u00e1rio de movimentos de est\u00edmulo ao engajamento c\u00edvico e de incremento de capital social.<\/span><\/p>\n<p><span style=\"color: #000000\"><strong>Objetivos<\/strong><\/span><\/p>\n<p><span style=\"color: #000000\">a) Identificar e valorizar as melhores pr\u00e1ticas jornal\u00edsticas existentes em n\u00edvel local, regional e nacional, a fim de oferecer um instrumento de reflex\u00e3o aos jornalistas em geral e orientar a recep\u00e7\u00e3o cr\u00edtica de not\u00edcias pelo p\u00fablico.<\/span><\/p>\n<p><span style=\"color: #000000\">b) Reconhecer e indicar aspectos atrav\u00e9s dos quais o jornalismo comercial e a comunica\u00e7\u00e3o p\u00fablica possam ser aperfei\u00e7oados a fim de melhor atender o interesse p\u00fablico e fortalecer o exerc\u00edcio da cidadania, sempre do ponto de vista cient\u00edfico e com o equil\u00edbrio e a isen\u00e7\u00e3o requeridos para que esta meta seja cumprida de forma educativa e construtiva.<\/span><\/p>\n<p><span style=\"color: #000000\">c) Proporcionar a ampla difus\u00e3o de resultados de pesquisas na \u00e1rea de comunica\u00e7\u00e3o e cidadania produzidas no \u00e2mbito do grupo de pesquisa \u201c<\/span><a href=\"http:\/\/dgp.cnpq.br\/buscaoperacional\/detalhegrupo.jsp?grupo=0330609JL7309P\" target=\"_blank\"><span style=\"color: #000000\">M\u00eddia e Sociedade<\/span><\/a><span style=\"color: #000000\">\u201d, cadastrado no CNPq, do Departamento de Ci\u00eancias Humanas da FAAC, de modo a estabelecer um canal de di\u00e1logo com jornalistas, rela\u00e7\u00f5es p\u00fablicas e comunicadores em geral que possam se beneficiar da utiliza\u00e7\u00e3o dos dados como refer\u00eancia para o pr\u00f3prio aperfei\u00e7oamento profissional.<\/span><\/p>\n<p><span style=\"color: #000000\">d) Experimentar t\u00e9cnicas e formatos de elabora\u00e7\u00e3o de ambientes virtuais colaborativos para permitir que o observat\u00f3rio de m\u00eddia a ser criado na internet atue como uma comunidade de aprendizagem aberta, para a constru\u00e7\u00e3o din\u00e2mica e compartilhada de conhecimento sobre comunica\u00e7\u00e3o e cidadania.<\/span><\/p>\n<p style=\"text-align: center\"><a href=\"http:\/\/www2.faac.unesp.br\/blog\/obsmidia\/files\/logo-renoi11.jpg\"><span style=\"color: #000000\"><img decoding=\"async\" loading=\"lazy\" class=\"size-full wp-image-60 aligncenter\" src=\"http:\/\/www2.faac.unesp.br\/blog\/obsmidia\/files\/logo-renoi11.jpg\" alt=\"\" width=\"101\" height=\"72\" \/><\/span><\/a><\/p>\n<p><span style=\"color: #000000\">O <strong>Plural \u2013 Observat\u00f3rio de Comunica\u00e7\u00e3o e Cidadania <\/strong>integra a Renoi (Rede Nacional de Observat\u00f3rios de Imprensa), criada durante o III Encontro Nacional da SBPJor (Associa\u00e7\u00e3o Brasileira de Pesquisadores em Jornalismo), realizado em novembro de 2005 em Florian\u00f3polis (SC).<\/span><\/p>\n<p><span style=\"color: #000000\">A rede re\u00fane iniciativas semelhantes em todo o pa\u00eds e demonstra o potencial do ensino superior para contribuir de forma positiva para o aperfei\u00e7oamento da cobertura jornal\u00edstica dos meios de comunica\u00e7\u00e3o. Cada observat\u00f3rio, al\u00e9m de acompanhar meios de alcance nacional, foca ve\u00edculos de sua regi\u00e3o, de forma que, cada vez mais, diferentes locais do pa\u00eds podem contar com atividades de extens\u00e3o universit\u00e1ria de cr\u00edtica de m\u00eddia, o que \u00e9 saud\u00e1vel para o fortalecimento da cidadania.<\/span><\/p>\n<p><span style=\"color: #000000\">Entre os observat\u00f3rios acad\u00eamicos de m\u00eddia do pa\u00eds, est\u00e3o <span style=\"color: #0000ff\"><a style=\"color: #0000ff;text-decoration: underline\" href=\"http:\/\/www.observatoriodaimprensa.com.br\/\" target=\"_blank\">Observat\u00f3rio da Imprensa<\/a><\/span>, <\/span><span style=\"color: #0000ff\"><a style=\"color: #0000ff\" href=\"https:\/\/criticadeponta.wordpress.com\/\" target=\"_blank\">Cr\u00edtica de Ponta<\/a><\/span> <span style=\"color: #000000\">(Universidade Estadual de Ponta Grossa),<\/span> <span style=\"color: #0000ff\"><a style=\"color: #0000ff\" href=\"http:\/\/jornalismo-capixaba.blogspot.com.br\/\" target=\"_blank\">Jornalismo Capixaba<\/a><\/span> <span style=\"color: #000000\">(Universidade Federal do Esp\u00edrito Santo),<\/span> <span style=\"color: #0000ff\"><a style=\"color: #0000ff\" href=\"https:\/\/qualijor.wordpress.com\/\" target=\"_blank\">Laborat\u00f3rio de Estudos em Jornalismo (Lejor) \/ Qualijor \u2013 Programa de Pesquisa em Qualidade, Inova\u00e7\u00e3o e Tecnologia Aplicada ao Jornalismo<\/a><span style=\"color: #000000\">, <span style=\"color: #0000ff\"><a style=\"color: #0000ff\" href=\"https:\/\/www.facebook.com\/sosimprensa\/\" target=\"_blank\">SOS Imprensa<\/a><\/span> (Universidade de Bras\u00edlia) <\/span><\/span><span style=\"color: #000000\">e<\/span> <span style=\"margin-bottom: 0.0001pt;line-height: 150%\"><span style=\"color: #0000ff\"><a style=\"color: #0000ff;text-decoration: underline\" href=\"http:\/\/objethos.wordpress.com\/\" target=\"_blank\">ObjETHOS<\/a><\/span><span style=\"color: #000000\"> (Universidade Federal de Santa Catarina).<\/span><\/span><\/p>\n<p>&nbsp;<\/p>\n<p><span style=\"color: #000000\"><strong>Instru\u00e7\u00f5es aos colaboradores<\/strong><\/span><\/p>\n<p><span style=\"color: #000000\">Clique <span style=\"text-decoration: underline\"><span style=\"color: #0000ff\"><a href=\"http:\/\/www2.faac.unesp.br\/blog\/obsmidia\/files\/Plural-Estrutura-do-sitio1.pdf\" target=\"_blank\"><span style=\"color: #0000ff;text-decoration: underline\">aqui<\/span><\/a><\/span><\/span>\u00a0para baixar arquivo com informa\u00e7\u00f5es sobre\u00a0 como participar do <strong>Plural &#8211; Observat\u00f3rio de Comunica\u00e7\u00e3o e Cidadania<\/strong>.<\/span><\/p>\n","protected":false},"excerpt":{"rendered":"<p>O que somos Este \u00e9 um observat\u00f3rio de m\u00eddia com conte\u00fado produzido por estudantes de comunica\u00e7\u00e3o e professores da Faculdade de Arquitetura, Artes e Comunica\u00e7\u00e3o da Universidade Estadual Paulista (FAAC\/UNESP). A iniciativa do Plural \u2013 Observat\u00f3rio de Comunica\u00e7\u00e3o e Cidadania corresponde a um projeto de extens\u00e3o universit\u00e1ria vinculado ao Departamento de Ci\u00eancias Humanas (DCHU) da [&hellip;]<\/p>\n","protected":false},"author":11,"featured_media":0,"parent":0,"menu_order":5,"comment_status":"closed","ping_status":"closed","template":"","meta":[],"_links":{"self":[{"href":"https:\/\/www2.faac.unesp.br\/blog\/obsmidia\/wp-json\/wp\/v2\/pages\/2"}],"collection":[{"href":"https:\/\/www2.faac.unesp.br\/blog\/obsmidia\/wp-json\/wp\/v2\/pages"}],"about":[{"href":"https:\/\/www2.faac.unesp.br\/blog\/obsmidia\/wp-json\/wp\/v2\/types\/page"}],"author":[{"embeddable":true,"href":"https:\/\/www2.faac.unesp.br\/blog\/obsmidia\/wp-json\/wp\/v2\/users\/11"}],"replies":[{"embeddable":true,"href":"https:\/\/www2.faac.unesp.br\/blog\/obsmidia\/wp-json\/wp\/v2\/comments?post=2"}],"version-history":[{"count":44,"href":"https:\/\/www2.faac.unesp.br\/blog\/obsmidia\/wp-json\/wp\/v2\/pages\/2\/revisions"}],"predecessor-version":[{"id":2070,"href":"https:\/\/www2.faac.unesp.br\/blog\/obsmidia\/wp-json\/wp\/v2\/pages\/2\/revisions\/2070"}],"wp:attachment":[{"href":"https:\/\/www2.faac.unesp.br\/blog\/obsmidia\/wp-json\/wp\/v2\/media?parent=2"}],"curies":[{"name":"wp","href":"https:\/\/api.w.org\/{rel}","templated":true}]}}