{"id":19,"date":"2010-03-11T14:52:48","date_gmt":"2010-03-11T17:52:48","guid":{"rendered":"http:\/\/www2.faac.unesp.br\/blog\/obsmidia\/?page_id=19"},"modified":"2010-03-11T14:55:21","modified_gmt":"2010-03-11T17:55:21","slug":"contato","status":"publish","type":"page","link":"https:\/\/www2.faac.unesp.br\/blog\/obsmidia\/contato\/","title":{"rendered":"contato"},"content":{"rendered":"<p>UNESP &#8211; Universidade Estadual Paulista<\/p>\n<p>Faculdade de Arquitetura, Artes e Comunica\u00e7\u00e3o<\/p>\n<p>Departamento de Ci\u00eancias Humanas<\/p>\n<p>Av. Eng Luiz Edmundo Carrijo Coube, 14-01<\/p>\n<p>Vargem Limpa<\/p>\n<p>Bauru \u2013 SP<\/p>\n<p>17033-360<\/p>\n<p>Telefone: 55 (14) 3103 6064<\/p>\n<p>E-mail: danilo@faac.unesp.br<\/p>\n","protected":false},"excerpt":{"rendered":"<p>UNESP &#8211; Universidade Estadual Paulista Faculdade de Arquitetura, Artes e Comunica\u00e7\u00e3o Departamento de Ci\u00eancias Humanas Av. Eng Luiz Edmundo Carrijo Coube, 14-01 Vargem Limpa Bauru \u2013 SP 17033-360 Telefone: 55 (14) 3103 6064 E-mail: danilo@faac.unesp.br<\/p>\n","protected":false},"author":11,"featured_media":0,"parent":0,"menu_order":4,"comment_status":"open","ping_status":"open","template":"","meta":[],"_links":{"self":[{"href":"https:\/\/www2.faac.unesp.br\/blog\/obsmidia\/wp-json\/wp\/v2\/pages\/19"}],"collection":[{"href":"https:\/\/www2.faac.unesp.br\/blog\/obsmidia\/wp-json\/wp\/v2\/pages"}],"about":[{"href":"https:\/\/www2.faac.unesp.br\/blog\/obsmidia\/wp-json\/wp\/v2\/types\/page"}],"author":[{"embeddable":true,"href":"https:\/\/www2.faac.unesp.br\/blog\/obsmidia\/wp-json\/wp\/v2\/users\/11"}],"replies":[{"embeddable":true,"href":"https:\/\/www2.faac.unesp.br\/blog\/obsmidia\/wp-json\/wp\/v2\/comments?post=19"}],"version-history":[{"count":2,"href":"https:\/\/www2.faac.unesp.br\/blog\/obsmidia\/wp-json\/wp\/v2\/pages\/19\/revisions"}],"predecessor-version":[{"id":23,"href":"https:\/\/www2.faac.unesp.br\/blog\/obsmidia\/wp-json\/wp\/v2\/pages\/19\/revisions\/23"}],"wp:attachment":[{"href":"https:\/\/www2.faac.unesp.br\/blog\/obsmidia\/wp-json\/wp\/v2\/media?parent=19"}],"curies":[{"name":"wp","href":"https:\/\/api.w.org\/{rel}","templated":true}]}}