{"id":146,"date":"2015-05-04T13:47:39","date_gmt":"2015-05-04T16:47:39","guid":{"rendered":"http:\/\/www2.faac.unesp.br\/blog\/obsmidia\/?page_id=146"},"modified":"2017-05-24T15:41:15","modified_gmt":"2017-05-24T18:41:15","slug":"midia-e-sociedade","status":"publish","type":"page","link":"https:\/\/www2.faac.unesp.br\/blog\/obsmidia\/grupos\/midia-e-sociedade\/","title":{"rendered":"M\u00eddia e Sociedade"},"content":{"rendered":"<p><span style=\"color: #000000\"><strong>Caracteriza\u00e7\u00e3o<\/strong><br \/>\n<\/span><\/p>\n<p><span style=\"color: #000000\">O grupo de pesquisa M\u00eddia e Sociedade, do Departamento de Ci\u00eancias Humanas da Faac\/Unesp, \u00e9 cadastrado no CNPq.<\/span><\/p>\n<p><span style=\"color: #000000\">O grupo\u00a0se dedica ao estudo das dimens\u00f5es socioculturais dos processos envolvidos na rela\u00e7\u00e3o dos meios de comunica\u00e7\u00e3o com a sociedade e a cultura contempor\u00e2nea, salientando o car\u00e1ter multidisciplinar e explorando os fen\u00f4menos sociais e suas manifesta\u00e7\u00f5es nos mais variados g\u00eaneros dos meios de comunica\u00e7\u00e3o. Al\u00e9m disso, realiza estudos sobre quest\u00f5es ligadas \u00e0s transforma\u00e7\u00f5es da sociedade contempor\u00e2nea, com \u00eanfase sobre as novas tecnologias e a inova\u00e7\u00e3o em comunica\u00e7\u00e3o, suas pr\u00e1ticas e desdobramentos pol\u00edticos e culturais assim como suas repercuss\u00f5es sobre o exerc\u00edcio da cidadania.<\/span><\/p>\n<p><span style=\"color: #000000\"><strong><br \/>\n<\/strong><\/span><\/p>\n<p><a href=\"http:\/\/www2.faac.unesp.br\/blog\/obsmidia\/files\/cultura-academica.jpg\"><span style=\"color: #000000\"><img decoding=\"async\" loading=\"lazy\" class=\"size-full wp-image-160 aligncenter\" src=\"http:\/\/www2.faac.unesp.br\/blog\/obsmidia\/files\/cultura-academica.jpg\" alt=\"\" width=\"354\" height=\"180\" srcset=\"https:\/\/www2.faac.unesp.br\/blog\/obsmidia\/files\/cultura-academica.jpg 354w, https:\/\/www2.faac.unesp.br\/blog\/obsmidia\/files\/cultura-academica-300x152.jpg 300w\" sizes=\"(max-width: 354px) 100vw, 354px\" \/><\/span><\/a><a href=\"http:\/\/www2.faac.unesp.br\/blog\/obsmidia\/files\/Hist\u00f3ria-e-comunica\u00e7\u00e3o-na-ordem-internacional.jpg\"><br \/>\n<\/a><\/p>\n<p><span style=\"color: #000000\"><strong>Publica\u00e7\u00f5es digitais<br \/>\n<\/strong><\/span><\/p>\n<p><span style=\"color: #000000\">Entre as produ\u00e7\u00f5es do grupo, est\u00e3o\u00a0livros lan\u00e7ados no \u00e2mbito do selo Cultura Acad\u00eamica, da Editora Unesp.<\/span><\/p>\n<p><span style=\"color: #000000\">Clique para baixar as publica\u00e7\u00f5es gratuitamente:<\/span><\/p>\n<p><span style=\"color: #0000ff\">&#8220;<a style=\"color: #0000ff\" href=\"http:\/\/www.culturaacademica.com.br\/_img\/arquivos\/Representacoes_jornalismo_e_esfera%20publica_v2.pdf\" target=\"_blank\">Representa\u00e7\u00f5es, jornalismo e a esfera p\u00fablica democr\u00e1tic<\/a>a&#8221;<\/span><\/p>\n<p><span style=\"color: #0000ff\">&#8220;<a style=\"color: #0000ff\" href=\"http:\/\/www.culturaacademica.com.br\/_img\/arquivos\/%7BE273FADB-D9DB-4770-9968-2ED189E5B3A1%7D_Historia_e_comunicacao-NOVA%20P4.pdf\" target=\"_blank\">Hist\u00f3ria e comunica\u00e7\u00e3o na ordem internaciona<\/a>l&#8221;<\/span><\/p>\n<p><span style=\"color: #0000ff\">&#8220;<a style=\"color: #0000ff\" href=\"http:\/\/www.culturaacademica.com.br\/_img\/arquivos\/Politicas_e_gestao_da_comunicacao_no_Brasil_contemporaneo.pdf\" target=\"_blank\">Pol\u00edticas e gest\u00e3o da comunica\u00e7\u00e3o no Brasil contempor\u00e2ne<\/a>o&#8221;<\/span><\/p>\n<p><span style=\"color: #0000ff\">&#8220;<a style=\"color: #0000ff\" href=\"http:\/\/www.culturaacademica.com.br\/_img\/arquivos\/Midia%20e%20Cidadania.pdf\" target=\"_blank\">M\u00eddia e cidadani<\/a>a&#8221;<\/span><\/p>\n<p><span style=\"color: #0000ff\"><a style=\"color: #0000ff\" href=\"http:\/\/www.culturaacademica.com.br\/catalogo-detalhe.asp?ctl_id=573\" target=\"_blank\">&#8220;M\u00eddia e sociedade em transforma\u00e7\u00e3o&#8221;<\/a><\/span><\/p>\n<p>&nbsp;<\/p>\n<p><span style=\"color: #000000\">Clique <span style=\"color: #0000ff\"><a href=\"http:\/\/dgp.cnpq.br\/dgp\/espelhogrupo\/4162952981530090\" target=\"_blank\"><span style=\"color: #0000ff\">aqui<\/span><\/a><\/span> para saber mais sobre os integrantes e as publica\u00e7\u00f5es do grupo de pesquisa M\u00eddia e Sociedade.<\/span><\/p>\n<div style=\"width: 1px;height: 1px;overflow: hidden\">\n<p><span style=\"color: #000000\"><strong> Processos Midi\u00e1ticos e Pr\u00e1ticas Socioculturais<\/strong><\/span><\/p>\n<div>\n<p><span style=\"color: #000000\"><strong>Ementa:<\/strong> Analisa as dimens\u00f5es socioculturais dos processos envolvidos na rela\u00e7\u00e3o dos meios de comunica\u00e7\u00e3o com a sociedade e a cultura contempor\u00e2nea, salientando o car\u00e1ter multidisciplinar, explorando os fen\u00f4menos sociais e suas manifesta\u00e7\u00f5es nos mais variados g\u00eaneros dos meios de comunica\u00e7\u00e3o. Estuda quest\u00f5es ligadas \u00e0s transforma\u00e7\u00f5es da sociedade contempor\u00e2nea destacando as novas tecnologias e a inova\u00e7\u00e3o em comunica\u00e7\u00e3o, suas pr\u00e1ticas e desdobramentos pol\u00edticos e culturais assim como suas repercuss\u00f5es sobre o exerc\u00edcio da cidadania.<\/span><\/p>\n<p><span style=\"color: #000000\">Processos Midi\u00e1ticos e Pr\u00e1ticas Socioculturais<\/span><\/p>\n<p><span style=\"color: #000000\">Ementa: Analisa as dimens\u00f5es socioculturais dos processos envolvidos na rela\u00e7\u00e3o dos meios de comunica\u00e7\u00e3o com a sociedade e a cultura contempor\u00e2nea, salientando o car\u00e1ter multidisciplinar, explorando os fen\u00f4menos sociais e suas manifesta\u00e7\u00f5es nos mais variados g\u00eaneros dos meios de comunica\u00e7\u00e3o. Estuda quest\u00f5es ligadas \u00e0s transforma\u00e7\u00f5es da sociedade contempor\u00e2nea destacando as novas tecnologias e a inova\u00e7\u00e3o em comunica\u00e7\u00e3o, suas pr\u00e1ticas e desdobramentos pol\u00edticos e culturais assim como suas repercuss\u00f5es sobre o exerc\u00edcio da cidadania.<\/span><\/p>\n<\/div>\n<\/div>\n","protected":false},"excerpt":{"rendered":"<p>Caracteriza\u00e7\u00e3o O grupo de pesquisa M\u00eddia e Sociedade, do Departamento de Ci\u00eancias Humanas da Faac\/Unesp, \u00e9 cadastrado no CNPq. O grupo\u00a0se dedica ao estudo das dimens\u00f5es socioculturais dos processos envolvidos na rela\u00e7\u00e3o dos meios de comunica\u00e7\u00e3o com a sociedade e a cultura contempor\u00e2nea, salientando o car\u00e1ter multidisciplinar e explorando os fen\u00f4menos sociais e suas manifesta\u00e7\u00f5es [&hellip;]<\/p>\n","protected":false},"author":11,"featured_media":0,"parent":66,"menu_order":0,"comment_status":"open","ping_status":"open","template":"","meta":[],"_links":{"self":[{"href":"https:\/\/www2.faac.unesp.br\/blog\/obsmidia\/wp-json\/wp\/v2\/pages\/146"}],"collection":[{"href":"https:\/\/www2.faac.unesp.br\/blog\/obsmidia\/wp-json\/wp\/v2\/pages"}],"about":[{"href":"https:\/\/www2.faac.unesp.br\/blog\/obsmidia\/wp-json\/wp\/v2\/types\/page"}],"author":[{"embeddable":true,"href":"https:\/\/www2.faac.unesp.br\/blog\/obsmidia\/wp-json\/wp\/v2\/users\/11"}],"replies":[{"embeddable":true,"href":"https:\/\/www2.faac.unesp.br\/blog\/obsmidia\/wp-json\/wp\/v2\/comments?post=146"}],"version-history":[{"count":26,"href":"https:\/\/www2.faac.unesp.br\/blog\/obsmidia\/wp-json\/wp\/v2\/pages\/146\/revisions"}],"predecessor-version":[{"id":2063,"href":"https:\/\/www2.faac.unesp.br\/blog\/obsmidia\/wp-json\/wp\/v2\/pages\/146\/revisions\/2063"}],"up":[{"embeddable":true,"href":"https:\/\/www2.faac.unesp.br\/blog\/obsmidia\/wp-json\/wp\/v2\/pages\/66"}],"wp:attachment":[{"href":"https:\/\/www2.faac.unesp.br\/blog\/obsmidia\/wp-json\/wp\/v2\/media?parent=146"}],"curies":[{"name":"wp","href":"https:\/\/api.w.org\/{rel}","templated":true}]}}