{"id":935,"date":"2020-04-08T10:03:46","date_gmt":"2020-04-08T13:03:46","guid":{"rendered":"https:\/\/www2.faac.unesp.br\/altotiete\/?page_id=935"},"modified":"2020-07-02T14:23:43","modified_gmt":"2020-07-02T17:23:43","slug":"vivencias-com-a-agua","status":"publish","type":"page","link":"https:\/\/www2.faac.unesp.br\/altotiete\/vivencias-com-a-agua\/","title":{"rendered":""},"content":{"rendered":"\n<figure class=\"wp-block-embed-youtube aligncenter wp-block-embed is-type-video is-provider-youtube wp-embed-aspect-16-9 wp-has-aspect-ratio\"><div class=\"wp-block-embed__wrapper\">\n<iframe loading=\"lazy\" title=\"Comit\u00ea de Bacia Hidrogr\u00e1fica do Alto Tiet\u00ea: Sociedade Civil e Viv\u00eancias\" width=\"500\" height=\"281\" src=\"https:\/\/www.youtube.com\/embed\/MkDBQsxPIAI?feature=oembed\" frameborder=\"0\" allow=\"accelerometer; autoplay; clipboard-write; encrypted-media; gyroscope; picture-in-picture; web-share\" referrerpolicy=\"strict-origin-when-cross-origin\" allowfullscreen><\/iframe>\n<\/div><\/figure>\n<!-- sktbuilder starter --><script type=\"text\/javascript\" src=\"https:\/\/www2.faac.unesp.br\/altotiete\/wp-content\/plugins\/skt-builder\/sktbuilder\/sktbuilder-frontend-starter.js\"><\/script><script type=\"text\/javascript\" src=\"https:\/\/www2.faac.unesp.br\/altotiete\/wp-content\/plugins\/skt-builder\/sktbuilder-wordpress-driver.js\"><\/script><script type=\"text\/javascript\"> var starter = new SktbuilderStarter({\"mode\": \"prod\", \"skip\":[\"jquery\",\"underscore\",\"backbone\"],\"sktbuilderUrl\": \"https:\/\/www2.faac.unesp.br\/altotiete\/wp-content\/plugins\/skt-builder\/sktbuilder\/\", \"driver\": new SktbuilderWordpressDriver({\"ajaxUrl\": \"https:\/\/www2.faac.unesp.br\/altotiete\/wp-admin\/admin-ajax.php\", \"iframeUrl\": \"https:\/\/www2.faac.unesp.br\/altotiete\/vivencias-com-a-agua\/?sktbuilder=true\", \"pageId\": 935,  \"nonce\": \"d21de315dc\", \"pages\": [{\"title\":\"No title\",\"url\":\"https:\\\/\\\/www2.faac.unesp.br\\\/altotiete\\\/wp-admin\\\/post.php?post=2&action=sktbuilder\"},{\"title\":\"No title\",\"url\":\"https:\\\/\\\/www2.faac.unesp.br\\\/altotiete\\\/wp-admin\\\/post.php?post=47&action=sktbuilder\"},{\"title\":\"No title\",\"url\":\"https:\\\/\\\/www2.faac.unesp.br\\\/altotiete\\\/wp-admin\\\/post.php?post=334&action=sktbuilder\"},{\"title\":\"No title\",\"url\":\"https:\\\/\\\/www2.faac.unesp.br\\\/altotiete\\\/wp-admin\\\/post.php?post=888&action=sktbuilder\"},{\"title\":\"No title\",\"url\":\"https:\\\/\\\/www2.faac.unesp.br\\\/altotiete\\\/wp-admin\\\/post.php?post=1108&action=sktbuilder\"}], \"page\": \"No title\" }) });<\/script><!-- end sktbuilder starter -->","protected":false},"excerpt":{"rendered":"","protected":false},"author":1,"featured_media":0,"parent":0,"menu_order":0,"comment_status":"closed","ping_status":"closed","template":"templates\/page-fullwidth_template.php","meta":{"footnotes":""},"class_list":["post-935","page","type-page","status-publish","hentry"],"_links":{"self":[{"href":"https:\/\/www2.faac.unesp.br\/altotiete\/wp-json\/wp\/v2\/pages\/935","targetHints":{"allow":["GET"]}}],"collection":[{"href":"https:\/\/www2.faac.unesp.br\/altotiete\/wp-json\/wp\/v2\/pages"}],"about":[{"href":"https:\/\/www2.faac.unesp.br\/altotiete\/wp-json\/wp\/v2\/types\/page"}],"author":[{"embeddable":true,"href":"https:\/\/www2.faac.unesp.br\/altotiete\/wp-json\/wp\/v2\/users\/1"}],"replies":[{"embeddable":true,"href":"https:\/\/www2.faac.unesp.br\/altotiete\/wp-json\/wp\/v2\/comments?post=935"}],"version-history":[{"count":6,"href":"https:\/\/www2.faac.unesp.br\/altotiete\/wp-json\/wp\/v2\/pages\/935\/revisions"}],"predecessor-version":[{"id":1190,"href":"https:\/\/www2.faac.unesp.br\/altotiete\/wp-json\/wp\/v2\/pages\/935\/revisions\/1190"}],"wp:attachment":[{"href":"https:\/\/www2.faac.unesp.br\/altotiete\/wp-json\/wp\/v2\/media?parent=935"}],"curies":[{"name":"wp","href":"https:\/\/api.w.org\/{rel}","templated":true}]}}