{"id":47,"date":"2020-02-19T17:38:08","date_gmt":"2020-02-19T20:38:08","guid":{"rendered":"http:\/\/www2.faac.unesp.br\/altotiete\/?page_id=47"},"modified":"2020-08-18T11:29:30","modified_gmt":"2020-08-18T14:29:30","slug":"sobre-o-projeto","status":"publish","type":"page","link":"https:\/\/www2.faac.unesp.br\/altotiete\/sobre-o-projeto\/","title":{"rendered":""},"content":{"rendered":"<div id=\"skt-builder-image-slider-block-1197\" class=\"skt-builder-block-wrapper skt-builder-image-slider-block skt-builder-image-slider-block-1197\" style=\"background-color: #e5e5e5; background-image: url(https:\/\/www2.faac.unesp.br\/altotiete\/wp-content\/uploads\/2020\/04\/background-1-faixa-2.png); padding-bottom: 50px; padding-top: 0px; \">\r\n\t<div class=\"skt-builder-block-inner skt-builder-block-inner-1197\" style=\"\">\r\n\t\t<div class=\"skt-builder-container\">\r\n                <div class=\"skt-builder-block-description\"><p><br><\/p><\/div>\r\n\t\t\t<style>\r\n\t\t\t\t.skt-builder-carousel.owl-carousel-1197 .owl-nav{font-size: 40px; text-align: right;}\r\n\t\t\t\t.skt-builder-carousel.owl-carousel-1197 .owl-prev{color: #000000 !important; margin-right: 15px;}\r\n\t\t\t\t.skt-builder-carousel.owl-carousel-1197 .owl-next{color: #000000 !important;}\r\n\t\t\t\t.skt-builder-carousel.owl-carousel-1197 .owl-prev:hover, .skt-builder-carousel.owl-carousel-1197 .owl-next:hover{color: #A2A2A2 !important;}\r\n\t\t\t\t.skt-builder-carousel.owl-carousel-1197 .owl-dots{text-align: center;}\r\n\t\t\t\t.skt-builder-carousel.owl-carousel-1197 .owl-dots .owl-dot{background-color: #FFFFFF; border-color: #000000;}\r\n\t\t\t\t.skt-builder-carousel.owl-carousel-1197 .owl-dots .owl-dot.active{background-color: #000000; border-color: #000000;}\r\n\t\t\t<\/style>\r\n\t\t\t<div class=\"skt-builder-carousel skt-builder-carousel-bullets-style1 owl-carousel-builder owl-carousel-1197\" style=\"padding-top: 60px;\">\r\n\t\t\t<\/div>\r\n\t\t<\/div>\r\n\t<\/div>\r\n<\/div>\r\n\r\n<script>\r\njQuery(document).ready(function() {\r\n  jQuery('.owl-carousel-1197').owlCarousel({\r\n\tmargin: 0,\r\n\tautoplayTimeout: 3000,\r\n\tsmartSpeed: 500,\r\n\tloop: true,\r\n\tautoplay: true,\r\n\tautoplayHoverPause: true,\r\n\tnav: true,\r\n\tdots: true,\r\n\tnavText: ['<span class=\"fa fa-angle-left\"><\/span>','<span class=\"fa fa-angle-right\"><\/span>'],\r\n\tresponsiveClass: true,\r\n\tresponsive:{\r\n        0:{\r\n            items: 1,\r\n        },\r\n        600:{\r\n            items: 1,\r\n        },\r\n        1000:{\r\n            items: 1,\r\n        }\r\n    }\r\n  });\r\n});\r\n<\/script><div id=\"skt-builder-tabs-block-1014\" class=\"skt-builder-block-wrapper skt-builder-tabs-block skt-builder-tabs-block-1014\" style=\"background-color: #e5e5e5; background-image: url(); padding-bottom: 50px; padding-top: 10px; \">\r\n\t<div class=\"skt-builder-block-inner skt-builder-block-inner-1014\" style=\"\">\r\n\t\t<div class=\"skt-builder-container\">\r\n                <div class=\"skt-builder-block-description\"><p>Portal produzido no \u00e2mbito do projeto de pesquisa <a href=\"https:\/\/bv.fapesp.br\/pt\/auxilios\/101571\/comunicacao-e-memoria-na-governanca-da-agua-e-adaptacao-as-mudancas-climaticas\/\" target=\"_blank\" rel=\"noopener noreferrer\"><strong>Comunica\u00e7\u00e3o e mem\u00f3ria na governan\u00e7a da \u00e1gua e adapta\u00e7\u00e3o \u00e0s mudan\u00e7as clim\u00e1ticas<\/strong><\/a>, apoiado pela Fapesp \u2013 Funda\u00e7\u00e3o de Amparo \u00e0 Pesquisa do Estado de S\u00e3o Paulo (Processo 2018\/02270-9).<\/p><p>Buscamos compreender a din\u00e2mica dos processos sociais e comunicacionais que sustentam hist\u00f3rias, mem\u00f3rias e narrativas de adapta\u00e7\u00e3o aos potenciais efeitos da mudan\u00e7a clim\u00e1tica que possam ter um papel particular na gera\u00e7\u00e3o de resili\u00eancia nas comunidades e cidadania h\u00eddrica.<\/p><p><br><\/p><\/div>\r\n\t\t\t\r\n            <div class=\"skt-builder-tabs-container\">\r\n\t\t\t<style>\r\n\t\t\t.skt-builder-tabs-block-1014 .skt-builder-tabs{background-color: #cccccc;}\r\n\t\t\t.skt-builder-tabs-block-1014 .skt-builder-tabs li{color: #282828;}\r\n\t\t\t.skt-builder-tabs-block-1014 .skt-builder-tabs li.skt-builder-current-tab{background-color: #ededed; color: #282828;}\r\n\t\t\t.skt-builder-tabs-block-1014 .skt-builder-tab-content{background-color: #ededed; color: #282828;}\r\n\t\t\t<\/style>\r\n\t\t\t\r\n\t\t\t<ul class=\"skt-builder-tabs\">\r\n\t\t\t\t\t\t<li class=\"skt-builder-tab-link\" data-tab=\"skt-builder-tab-1077\">OBJETIVO<\/li>\r\n\t\t\t\t\t\t<li class=\"skt-builder-tab-link\" data-tab=\"skt-builder-tab-1016\">PESQUISADORES<\/li>\r\n\t\t\t\t\t\t<li class=\"skt-builder-tab-link\" data-tab=\"skt-builder-tab-1020\">PRODU\u00c7\u00c3O<\/li>\r\n\t\t\t\t\t\t<li class=\"skt-builder-tab-link\" data-tab=\"skt-builder-tab-1023\">AGRADECIMENTOS<\/li>\r\n\t\t\t\t\t\t<li class=\"skt-builder-tab-link\" data-tab=\"skt-builder-tab-172\">CONTATO<\/li>\r\n\t\t\t<\/ul>\r\n\t\t\t\r\n\t\t\t\t\t<div id=\"skt-builder-tab-1077\" class=\"skt-builder-tab-content\">\r\n\t\t\t\t\t  <p>O objetivo central foi reconhecer e disseminar experi\u00eancias compartilh\u00e1veis sobre a atua\u00e7\u00e3o em esferas de governan\u00e7a participativa da \u00e1gua em benef\u00edcio das comunidades em risco ambiental, a fim de transformar a compreens\u00e3o dos efeitos potenciais da mudan\u00e7a clim\u00e1tica, explorando a ativa\u00e7\u00e3o, preserva\u00e7\u00e3o e circula\u00e7\u00e3o de mem\u00f3rias e narrativas por meio de m\u00eddias digitais. Pesquisas emp\u00edricas foram realizadas dentro de uma das principais bacias hidrogr\u00e1ficas que abastecem a cidade de S\u00e3o Paulo, em torno do respectivo comit\u00ea: Alto Tiet\u00ea (CBH-AT). A principal contribui\u00e7\u00e3o gerou-se por meio da cria\u00e7\u00e3o de conhecimento acion\u00e1vel capaz de subsidiar a tomada de decis\u00f5es e a governan\u00e7a ambiental, desenvolvido com base em mem\u00f3rias organizacionais de gerenciamento de \u00e1gua e hist\u00f3rias e mem\u00f3rias de ativismo da \u00e1gua, assumindo a forma de conte\u00fados de m\u00eddia digital sobre como tem avan\u00e7ado no pa\u00eds a disposi\u00e7\u00e3o ao envolvimento pessoal e coletivo com a\u00e7\u00f5es e pol\u00edticas voltadas para mitiga\u00e7\u00e3o e adapta\u00e7\u00e3o \u00e0s mudan\u00e7as clim\u00e1ticas. O conhecimento acion\u00e1vel dispon\u00edvel na plataforma digital inovadora aqui presente, constru\u00edda a partir de um quadro de \u2018sistemas de informa\u00e7\u00e3o na sociedade\u2019, se apresenta como um ativo para as institui\u00e7\u00f5es de governan\u00e7a da \u00e1gua e pr\u00e1ticas de comunica\u00e7\u00e3o p\u00fablica e populariza\u00e7\u00e3o da ci\u00eancia.<\/p>\r\n\t\t\t\t\t<\/div>\r\n\t\t\t\t\t<div id=\"skt-builder-tab-1016\" class=\"skt-builder-tab-content\">\r\n\t\t\t\t\t  <ul><li><a href=\"http:\/\/lattes.cnpq.br\/1764187818137062\" target=\"_blank\" rel=\"noopener noreferrer\">Danilo Rothberg (Unesp) <\/a><\/li><li><a href=\"http:\/\/lattes.cnpq.br\/9980971361333147\" target=\"_blank\" rel=\"noopener noreferrer\">Ana Maria de Andrade Caldeira (Unesp)<\/a><\/li><li><a href=\"http:\/\/lattes.cnpq.br\/1291482506649810\" target=\"_blank\" rel=\"noopener noreferrer\">Ariadne Chloe Mary Furnival (UFSCar)<\/a><\/li><li><a href=\"http:\/\/lattes.cnpq.br\/0839314197501856\" target=\"_blank\" rel=\"noopener noreferrer\">Fernanda da Rocha Brando Fernandez (USP)<\/a><\/li><li><a href=\"http:\/\/lattes.cnpq.br\/3725098495803766\" target=\"_blank\" rel=\"noopener noreferrer\">Gilson Liberato Schwartz (USP)<\/a><\/li><li><a href=\"https:\/\/warwick.ac.uk\/fac\/arts\/scapvc\/ccmps\/staff\/garde-hansen\/\" target=\"_blank\" rel=\"noopener noreferrer\">Joanne Garde-Hansen (University of Warwick)<\/a><\/li><li><a href=\"https:\/\/warwick.ac.uk\/fac\/arts\/schoolforcross-facultystudies\/igsd\/about\/people\/jpdealbuquerque\" target=\"_blank\" rel=\"noopener noreferrer\">Jo\u00e3o Porto de Albuquerque (University of Warwick)<\/a><\/li><li><a href=\"http:\/\/lattes.cnpq.br\/8869018482093008\" target=\"_blank\" rel=\"noopener noreferrer\">Marcelo Coutinho Vargas (UFSCar)<\/a><\/li><li><a href=\"http:\/\/lattes.cnpq.br\/4762029784021248\" target=\"_blank\" rel=\"noopener noreferrer\">Maria Teresa Miceli Kerbauy (Unesp)<\/a><\/li><li><a href=\"http:\/\/lattes.cnpq.br\/5882842888759363\" target=\"_blank\" rel=\"noopener noreferrer\">Thales Haddad Novaes de Andrade (UFSCar)<\/a><\/li><\/ul><p><br><\/p>\r\n\t\t\t\t\t<\/div>\r\n\t\t\t\t\t<div id=\"skt-builder-tab-1020\" class=\"skt-builder-tab-content\">\r\n\t\t\t\t\t  <ul><li><strong>Produ\u00e7\u00e3o e roteiro:<\/strong> La\u00eds Alves Prates<\/li><li><strong>Texto e edi\u00e7\u00e3o:<\/strong> Bruna de Fran\u00e7a Tastelli, Fl\u00e1via Gomes Gasparini, Jo\u00e3o Pedro Voltarelli Passini e Rebeca de Souza Almeida<\/li><li><strong>Configura\u00e7\u00e3o e edi\u00e7\u00e3o do portal:<\/strong> Danilo Rothberg, Fl\u00e1via Gomes Gasparini e Rebeca de Souza Almeida<\/li><li><strong>Coordena\u00e7\u00e3o:<\/strong> Danilo Rothberg (Unesp \u2013 Universidade Estadual Paulista)<\/li><\/ul><p><br><\/p>\r\n\t\t\t\t\t<\/div>\r\n\t\t\t\t\t<div id=\"skt-builder-tab-1023\" class=\"skt-builder-tab-content\">\r\n\t\t\t\t\t  <p>Fapesp (Funda\u00e7\u00e3o de Amparo \u00e0 Pesquisa do Estado de S\u00e3o Paulo)<\/p><p><em>As opini\u00f5es, hip\u00f3teses e conclus\u00f5es ou recomenda\u00e7\u00f5es expressas neste material s\u00e3o de responsabilidade do(s) autor(es) e n\u00e3o necessariamente refletem a vis\u00e3o da Fapesp.<\/em><\/p><p>Unesp (Universidade Estadual Paulista) \u2013 PROPE\/COPE<\/p><p>CNPQ (Conselho Nacional de Desenvolvimento Cient\u00edfico e Tecnol\u00f3gico)<\/p><p><span style=\"color: rgb(76, 76, 76);\">Comit\u00ea da Bacia Hidrogr\u00e1fica do Alto Tiet\u00ea (CBH-AT)<\/span><\/p><p>Funda\u00e7\u00e3o Ag\u00eancia Bacia Hidrogr\u00e1fica do Alto Tiet\u00ea<\/p>\r\n\t\t\t\t\t<\/div>\r\n\t\t\t\t\t<div id=\"skt-builder-tab-172\" class=\"skt-builder-tab-content\">\r\n\t\t\t\t\t  <p>Prof. Danilo Rothberg<\/p><p>danilo.rothberg@unesp.br<\/p><p><br><\/p><p><strong>Telefone:<\/strong> +55 14 3103 6064<\/p><p><br><\/p><p><strong>Endere\u00e7o:<\/strong> Universidade Estadual Paulista - Faculdade de Arquitetura, Artes e Comunica\u00e7\u00e3o - Departamento de Ci\u00eancias Humanas - Av Eng Luiz Edmundo Carrijo Coube, n\u00ba 14-01 - Vargem Limpa - Bauru\/SP - 17033-360 Brasil<\/p>\r\n\t\t\t\t\t<\/div>\r\n            <\/div>\r\n\t\t<\/div>\r\n\t<\/div>\r\n<\/div>\r\n<script>\r\njQuery(document).ready(function() {\r\n    jQuery('p').each(function() {\r\n        var $this = jQuery(this);\r\n        if($this.html().replace(\/s|&nbsp;\/g, '').length == 0) {\r\n            $this.remove();\r\n        }\r\n    });\r\n});\r\n\r\njQuery(document).ready(function() {\r\n    jQuery('p').each(function() {\r\n        var $this = jQuery(this);\r\n        if($this.html().replace(\/s|<br>\/g, '').length == 0) {\r\n            $this.remove();\r\n        }\r\n    });\r\n});\r\n\r\njQuery(document).ready(function(){\r\n\tjQuery(\"ul.skt-builder-tabs li:first-of-type\").addClass(\"skt-builder-current-tab\");\r\n\tjQuery(\".skt-builder-tabs-container .skt-builder-tab-content:first-of-type\").addClass(\"skt-builder-current-tab\");\r\n\t\t\r\n\tjQuery('.skt-builder-tabs-block-1014 .skt-builder-tabs li').click(function(){\r\n\t\tvar tab_id = jQuery(this).attr('data-tab');\r\n\r\n\t\tjQuery('.skt-builder-tabs-block-1014 .skt-builder-tabs li').removeClass('skt-builder-current-tab');\r\n\t\tjQuery('.skt-builder-tabs-block-1014 .skt-builder-tab-content').removeClass('skt-builder-current-tab');\r\n\r\n\t\tjQuery(this).addClass('skt-builder-current-tab');\r\n\t\tjQuery(\"#\"+tab_id).addClass('skt-builder-current-tab');\r\n\t});\r\n});\r\n<\/script><!-- sktbuilder starter --><script type=\"text\/javascript\" src=\"https:\/\/www2.faac.unesp.br\/altotiete\/wp-content\/plugins\/skt-builder\/sktbuilder\/sktbuilder-frontend-starter.js\"><\/script><script type=\"text\/javascript\" src=\"https:\/\/www2.faac.unesp.br\/altotiete\/wp-content\/plugins\/skt-builder\/sktbuilder-wordpress-driver.js\"><\/script><script type=\"text\/javascript\"> var starter = new SktbuilderStarter({\"mode\": \"prod\", \"skip\":[\"jquery\",\"underscore\",\"backbone\"],\"sktbuilderUrl\": \"https:\/\/www2.faac.unesp.br\/altotiete\/wp-content\/plugins\/skt-builder\/sktbuilder\/\", \"driver\": new SktbuilderWordpressDriver({\"ajaxUrl\": \"https:\/\/www2.faac.unesp.br\/altotiete\/wp-admin\/admin-ajax.php\", \"iframeUrl\": \"https:\/\/www2.faac.unesp.br\/altotiete\/sobre-o-projeto\/?sktbuilder=true\", \"pageId\": 47,  \"nonce\": \"d21de315dc\", \"pages\": [{\"title\":\"No title\",\"url\":\"https:\\\/\\\/www2.faac.unesp.br\\\/altotiete\\\/wp-admin\\\/post.php?post=2&action=sktbuilder\"},{\"title\":\"No title\",\"url\":\"https:\\\/\\\/www2.faac.unesp.br\\\/altotiete\\\/wp-admin\\\/post.php?post=334&action=sktbuilder\"},{\"title\":\"No title\",\"url\":\"https:\\\/\\\/www2.faac.unesp.br\\\/altotiete\\\/wp-admin\\\/post.php?post=888&action=sktbuilder\"},{\"title\":\"No title\",\"url\":\"https:\\\/\\\/www2.faac.unesp.br\\\/altotiete\\\/wp-admin\\\/post.php?post=1108&action=sktbuilder\"}], \"page\": \"No title\" }) });<\/script><!-- end sktbuilder starter -->","protected":false},"excerpt":{"rendered":"<p>Portal produzido no \u00e2mbito do projeto de pesquisa Comunica\u00e7\u00e3o e mem\u00f3ria na governan\u00e7a da \u00e1gua e adapta\u00e7\u00e3o \u00e0s mudan\u00e7as clim\u00e1ticas, apoiado pela Fapesp \u2013 Funda\u00e7\u00e3o de Amparo \u00e0 Pesquisa do Estado de S\u00e3o Paulo (Processo 2018\/02270-9).Buscamos compreender a din\u00e2mica dos processos sociais e comunicacionais que sustentam hist\u00f3rias, mem\u00f3rias e narrativas de adapta\u00e7\u00e3o aos potenciais efeitos<br \/><a class=\"moretag\" href=\"https:\/\/www2.faac.unesp.br\/altotiete\/sobre-o-projeto\/\">+ Leia mais<\/a><\/p>\n","protected":false},"author":1,"featured_media":0,"parent":0,"menu_order":0,"comment_status":"closed","ping_status":"closed","template":"templates\/page-nosidebar_template.php","meta":{"footnotes":""},"class_list":["post-47","page","type-page","status-publish","hentry"],"_links":{"self":[{"href":"https:\/\/www2.faac.unesp.br\/altotiete\/wp-json\/wp\/v2\/pages\/47","targetHints":{"allow":["GET"]}}],"collection":[{"href":"https:\/\/www2.faac.unesp.br\/altotiete\/wp-json\/wp\/v2\/pages"}],"about":[{"href":"https:\/\/www2.faac.unesp.br\/altotiete\/wp-json\/wp\/v2\/types\/page"}],"author":[{"embeddable":true,"href":"https:\/\/www2.faac.unesp.br\/altotiete\/wp-json\/wp\/v2\/users\/1"}],"replies":[{"embeddable":true,"href":"https:\/\/www2.faac.unesp.br\/altotiete\/wp-json\/wp\/v2\/comments?post=47"}],"version-history":[{"count":31,"href":"https:\/\/www2.faac.unesp.br\/altotiete\/wp-json\/wp\/v2\/pages\/47\/revisions"}],"predecessor-version":[{"id":1220,"href":"https:\/\/www2.faac.unesp.br\/altotiete\/wp-json\/wp\/v2\/pages\/47\/revisions\/1220"}],"wp:attachment":[{"href":"https:\/\/www2.faac.unesp.br\/altotiete\/wp-json\/wp\/v2\/media?parent=47"}],"curies":[{"name":"wp","href":"https:\/\/api.w.org\/{rel}","templated":true}]}}