{"id":334,"date":"2020-03-09T17:52:45","date_gmt":"2020-03-09T20:52:45","guid":{"rendered":"http:\/\/www2.faac.unesp.br\/altotiete\/?page_id=334"},"modified":"2020-04-15T09:36:46","modified_gmt":"2020-04-15T12:36:46","slug":"334-2","status":"publish","type":"page","link":"https:\/\/www2.faac.unesp.br\/altotiete\/334-2\/","title":{"rendered":""},"content":{"rendered":"<div id=\"sktbuilder-block-feature-hor-block-150\" class=\"skt-builder-block-wrapper sktbuilder-feature sktbuilder-block-feature_hor sktbuilder-block-feature_hor-150\" style=\"background-color: #e5e5e5; background-image: url(); padding-bottom: 50px; padding-top: 0px; \">\r\n\t<div class=\"skt-builder-block-inner skt-builder-block-inner-150\" style=\"\">\r\n        <div class=\"skt-builder-container\">\r\n                <div class=\"skt-builder-block-description\"><p class=\"ql-align-center\"><br><\/p><\/div>\r\n        <\/div>\r\n        <div class=\"qb-container\">\r\n                    <div class=\"qb-column qb-1-2 qb-mobile-1-1\">\r\n                        <div class=\"sktbuilder-feature sktbuilder-feature_hor sktbuilder-feature_hor-152\">\r\n                        \t<style>\r\n                            \t.sktbuilder-feature_hor-152 .sktbuilder-feature__description_hor p{color: #282828;}\r\n\t\t\t\t\t\t\t\t.sktbuilder-feature_hor-152 .sktbuilder-feature__headertext_hor:hover,\r\n\t\t\t\t\t\t\t\t.sktbuilder-feature_hor-152 .sktbuilder-feature__headertext_hor a:hover{color: #0375c6 !important;}\r\n                            <\/style>\r\n                            <div class=\"sktbuilder-feature__item sktbuilder-feature__item_hor\" style=\"background-color: transparent; border-color: #0375c6;\">\r\n                                    <div class=\"sktbuilder-feature__icon sktbuilder-feature__icon_rounded sktbuilder-feature__icon_hor\" style=\"background-color: #0375c6\"><span class=\"sktbuilder-feature__iconel fa fa-bank\" style=\"color: #ffffff;\"><\/span><\/div>\r\n                                <div class=\"sktbuilder-feature__wrap-content\">\r\n                                    <div class=\"sktbuilder-feature__itemheader sktbuilder-feature__itemheader_hor\">\r\n                                    \t<h4 class=\"sktbuilder-feature__headertext sktbuilder-feature__headertext_hor\" style=\"color: #282828;\">\r\n                                        \t<a href=\"https:\/\/www2.faac.unesp.br\/altotiete\/category\/estado\/\" style=\"color: #282828;\" >Estado<\/a>\r\n                                        <\/h4>\r\n                                    <\/div>\r\n                                    <div class=\"sktbuilder-feature__description sktbuilder-feature__description_hor\" style=\"color: #282828;\"><p><span style=\"color: rgb(1, 8, 51);\">Deve buscar a aplica\u00e7\u00e3o racional de recursos h\u00eddricos para usos m\u00faltiplos.<\/span><\/p><\/div>\r\n                                <\/div>\r\n                            <\/div>\r\n                        <\/div>\r\n                    <\/div>\r\n                    \r\n                    <div class=\"qb-column qb-1-2 qb-mobile-1-1 qb-column-margin-none\">\r\n                        <div class=\"sktbuilder-feature sktbuilder-feature_hor sktbuilder-feature_hor-156\">\r\n                        \t<style>\r\n                            \t.sktbuilder-feature_hor-156 .sktbuilder-feature__description_hor p{color: #282828;}\r\n\t\t\t\t\t\t\t\t.sktbuilder-feature_hor-156 .sktbuilder-feature__headertext_hor:hover,\r\n\t\t\t\t\t\t\t\t.sktbuilder-feature_hor-156 .sktbuilder-feature__headertext_hor a:hover{color: #0375c6 !important;}\r\n                            <\/style>\r\n                            <div class=\"sktbuilder-feature__item sktbuilder-feature__item_hor\" style=\"background-color: transparent; border-color: #0375c6;\">\r\n                                    <div class=\"sktbuilder-feature__icon sktbuilder-feature__icon_rounded sktbuilder-feature__icon_hor\" style=\"background-color: #0375c6\"><span class=\"sktbuilder-feature__iconel glyphicon glyphicon-user\" style=\"color: #ffffff;\"><\/span><\/div>\r\n                                <div class=\"sktbuilder-feature__wrap-content\">\r\n                                    <div class=\"sktbuilder-feature__itemheader sktbuilder-feature__itemheader_hor\">\r\n                                    \t<h4 class=\"sktbuilder-feature__headertext sktbuilder-feature__headertext_hor\" style=\"color: #282828;\">\r\n                                        \t<a href=\"https:\/\/www2.faac.unesp.br\/altotiete\/category\/gestores\/\" style=\"color: #282828;\" >Gestores<\/a>\r\n                                        <\/h4>\r\n                                    <\/div>\r\n                                    <div class=\"sktbuilder-feature__description sktbuilder-feature__description_hor\" style=\"color: #282828;\"><p>Demonstram experi\u00eancia nas esferas municipal, estadual e federal.<\/p><\/div>\r\n                                <\/div>\r\n                            <\/div>\r\n                        <\/div>\r\n                    <\/div>\r\n                    \r\n                    <div class=\"qb-column qb-1-2 qb-mobile-1-1\">\r\n                        <div class=\"sktbuilder-feature sktbuilder-feature_hor sktbuilder-feature_hor-159\">\r\n                        \t<style>\r\n                            \t.sktbuilder-feature_hor-159 .sktbuilder-feature__description_hor p{color: #282828;}\r\n\t\t\t\t\t\t\t\t.sktbuilder-feature_hor-159 .sktbuilder-feature__headertext_hor:hover,\r\n\t\t\t\t\t\t\t\t.sktbuilder-feature_hor-159 .sktbuilder-feature__headertext_hor a:hover{color: #0375c6 !important;}\r\n                            <\/style>\r\n                            <div class=\"sktbuilder-feature__item sktbuilder-feature__item_hor\" style=\"background-color: transparent; border-color: #0375c6;\">\r\n                                    <div class=\"sktbuilder-feature__icon sktbuilder-feature__icon_rounded sktbuilder-feature__icon_hor\" style=\"background-color: #0375c6\"><span class=\"sktbuilder-feature__iconel glyphicon glyphicon-home\" style=\"color: #ffffff;\"><\/span><\/div>\r\n                                <div class=\"sktbuilder-feature__wrap-content\">\r\n                                    <div class=\"sktbuilder-feature__itemheader sktbuilder-feature__itemheader_hor\">\r\n                                    \t<h4 class=\"sktbuilder-feature__headertext sktbuilder-feature__headertext_hor\" style=\"color: #282828;\">\r\n                                        \t<a href=\"https:\/\/www2.faac.unesp.br\/altotiete\/category\/municipios\/\" style=\"color: #282828;\" >Munic\u00edpios<\/a>\r\n                                        <\/h4>\r\n                                    <\/div>\r\n                                    <div class=\"sktbuilder-feature__description sktbuilder-feature__description_hor\" style=\"color: #282828;\"><p>Preservam interesses locais e regionais, por delega\u00e7\u00e3o estadual e federal.<\/p><\/div>\r\n                                <\/div>\r\n                            <\/div>\r\n                        <\/div>\r\n                    <\/div>\r\n                    \r\n                    <div class=\"qb-column qb-1-2 qb-mobile-1-1 qb-column-margin-none\">\r\n                        <div class=\"sktbuilder-feature sktbuilder-feature_hor sktbuilder-feature_hor-162\">\r\n                        \t<style>\r\n                            \t.sktbuilder-feature_hor-162 .sktbuilder-feature__description_hor p{color: #282828;}\r\n\t\t\t\t\t\t\t\t.sktbuilder-feature_hor-162 .sktbuilder-feature__headertext_hor:hover,\r\n\t\t\t\t\t\t\t\t.sktbuilder-feature_hor-162 .sktbuilder-feature__headertext_hor a:hover{color: #0375c6 !important;}\r\n                            <\/style>\r\n                            <div class=\"sktbuilder-feature__item sktbuilder-feature__item_hor\" style=\"background-color: transparent; border-color: #0375c6;\">\r\n                                    <div class=\"sktbuilder-feature__icon sktbuilder-feature__icon_rounded sktbuilder-feature__icon_hor\" style=\"background-color: #0375c6\"><span class=\"sktbuilder-feature__iconel fa fa-group\" style=\"color: #ffffff;\"><\/span><\/div>\r\n                                <div class=\"sktbuilder-feature__wrap-content\">\r\n                                    <div class=\"sktbuilder-feature__itemheader sktbuilder-feature__itemheader_hor\">\r\n                                    \t<h4 class=\"sktbuilder-feature__headertext sktbuilder-feature__headertext_hor\" style=\"color: #282828;\">\r\n                                        \t<a href=\"https:\/\/www2.faac.unesp.br\/altotiete\/category\/sociedade-civil\/\" style=\"color: #282828;\" >Sociedade<\/a>\r\n                                        <\/h4>\r\n                                    <\/div>\r\n                                    <div class=\"sktbuilder-feature__description sktbuilder-feature__description_hor\" style=\"color: #282828;\"><p>Entidades de classe, organiza\u00e7\u00f5es e associa\u00e7\u00f5es comunit\u00e1rias.<\/p><\/div>\r\n                                <\/div>\r\n                            <\/div>\r\n                        <\/div>\r\n                    <\/div>\r\n                     <div class=\"clearfix\"><\/div>\r\n        <\/div>\r\n\t<\/div>\r\n<\/div><!-- sktbuilder starter --><script type=\"text\/javascript\" src=\"https:\/\/www2.faac.unesp.br\/altotiete\/wp-content\/plugins\/skt-builder\/sktbuilder\/sktbuilder-frontend-starter.js\"><\/script><script type=\"text\/javascript\" src=\"https:\/\/www2.faac.unesp.br\/altotiete\/wp-content\/plugins\/skt-builder\/sktbuilder-wordpress-driver.js\"><\/script><script type=\"text\/javascript\"> var starter = new SktbuilderStarter({\"mode\": \"prod\", \"skip\":[\"jquery\",\"underscore\",\"backbone\"],\"sktbuilderUrl\": \"https:\/\/www2.faac.unesp.br\/altotiete\/wp-content\/plugins\/skt-builder\/sktbuilder\/\", \"driver\": new SktbuilderWordpressDriver({\"ajaxUrl\": \"https:\/\/www2.faac.unesp.br\/altotiete\/wp-admin\/admin-ajax.php\", \"iframeUrl\": \"https:\/\/www2.faac.unesp.br\/altotiete\/334-2\/?sktbuilder=true\", \"pageId\": 334,  \"nonce\": \"0b3de2450b\", \"pages\": [{\"title\":\"No title\",\"url\":\"https:\\\/\\\/www2.faac.unesp.br\\\/altotiete\\\/wp-admin\\\/post.php?post=2&action=sktbuilder\"},{\"title\":\"No title\",\"url\":\"https:\\\/\\\/www2.faac.unesp.br\\\/altotiete\\\/wp-admin\\\/post.php?post=47&action=sktbuilder\"},{\"title\":\"No title\",\"url\":\"https:\\\/\\\/www2.faac.unesp.br\\\/altotiete\\\/wp-admin\\\/post.php?post=888&action=sktbuilder\"},{\"title\":\"No title\",\"url\":\"https:\\\/\\\/www2.faac.unesp.br\\\/altotiete\\\/wp-admin\\\/post.php?post=1108&action=sktbuilder\"}], \"page\": \"No title\" }) });<\/script><!-- end sktbuilder starter -->","protected":false},"excerpt":{"rendered":"<p>Estado Deve buscar a aplica\u00e7\u00e3o racional de recursos h\u00eddricos para usos m\u00faltiplos. Gestores Demonstram experi\u00eancia nas esferas municipal, estadual e federal. Munic\u00edpios Preservam interesses locais e regionais, por delega\u00e7\u00e3o estadual e federal. Sociedade Entidades de classe, organiza\u00e7\u00f5es e associa\u00e7\u00f5es comunit\u00e1rias.<\/p>\n","protected":false},"author":1,"featured_media":0,"parent":0,"menu_order":0,"comment_status":"closed","ping_status":"closed","template":"templates\/page-nosidebar_template.php","meta":{"footnotes":""},"class_list":["post-334","page","type-page","status-publish","hentry"],"_links":{"self":[{"href":"https:\/\/www2.faac.unesp.br\/altotiete\/wp-json\/wp\/v2\/pages\/334","targetHints":{"allow":["GET"]}}],"collection":[{"href":"https:\/\/www2.faac.unesp.br\/altotiete\/wp-json\/wp\/v2\/pages"}],"about":[{"href":"https:\/\/www2.faac.unesp.br\/altotiete\/wp-json\/wp\/v2\/types\/page"}],"author":[{"embeddable":true,"href":"https:\/\/www2.faac.unesp.br\/altotiete\/wp-json\/wp\/v2\/users\/1"}],"replies":[{"embeddable":true,"href":"https:\/\/www2.faac.unesp.br\/altotiete\/wp-json\/wp\/v2\/comments?post=334"}],"version-history":[{"count":23,"href":"https:\/\/www2.faac.unesp.br\/altotiete\/wp-json\/wp\/v2\/pages\/334\/revisions"}],"predecessor-version":[{"id":1032,"href":"https:\/\/www2.faac.unesp.br\/altotiete\/wp-json\/wp\/v2\/pages\/334\/revisions\/1032"}],"wp:attachment":[{"href":"https:\/\/www2.faac.unesp.br\/altotiete\/wp-json\/wp\/v2\/media?parent=334"}],"curies":[{"name":"wp","href":"https:\/\/api.w.org\/{rel}","templated":true}]}}