{"id":1121,"date":"2020-04-29T09:43:47","date_gmt":"2020-04-29T12:43:47","guid":{"rendered":"https:\/\/www2.faac.unesp.br\/altotiete\/?page_id=1121"},"modified":"2020-08-18T10:53:55","modified_gmt":"2020-08-18T13:53:55","slug":"conhecimento-acionavel","status":"publish","type":"page","link":"https:\/\/www2.faac.unesp.br\/altotiete\/conhecimento-acionavel\/","title":{"rendered":"Conhecimento acion\u00e1vel"},"content":{"rendered":"\n<div class=\"wp-block-image\"><figure class=\"aligncenter size-large\"><img loading=\"lazy\" decoding=\"async\" width=\"1024\" height=\"723\" src=\"https:\/\/www2.faac.unesp.br\/altotiete\/wp-content\/uploads\/2020\/04\/mark-516279_1920-1024x723.jpg\" alt=\"\" class=\"wp-image-1122\" srcset=\"https:\/\/www2.faac.unesp.br\/altotiete\/wp-content\/uploads\/2020\/04\/mark-516279_1920-1024x723.jpg 1024w, https:\/\/www2.faac.unesp.br\/altotiete\/wp-content\/uploads\/2020\/04\/mark-516279_1920-300x212.jpg 300w, https:\/\/www2.faac.unesp.br\/altotiete\/wp-content\/uploads\/2020\/04\/mark-516279_1920-768x542.jpg 768w, https:\/\/www2.faac.unesp.br\/altotiete\/wp-content\/uploads\/2020\/04\/mark-516279_1920-1536x1084.jpg 1536w, https:\/\/www2.faac.unesp.br\/altotiete\/wp-content\/uploads\/2020\/04\/mark-516279_1920.jpg 1920w\" sizes=\"auto, (max-width: 1024px) 100vw, 1024px\" \/><\/figure><\/div>\n\n\n\n<p>O conhecimento acion\u00e1vel \u00e9 uma forma de saber cient\u00edfico que pode ser mobilizada por gestores e atores sociais diversos, abrangendo perspectivas relevantes para subsidiar o processo de tomada de decis\u00e3o em v\u00e1rias \u00e1reas da administra\u00e7\u00e3o p\u00fablica, incluindo a sustentabilidade ambiental. A equipe de cria\u00e7\u00e3o desta p\u00e1gina web <strong>Mem\u00f3ria das \u00c1guas<\/strong> acredita que a governan\u00e7a h\u00eddrica pode ser fortalecida com a circula\u00e7\u00e3o digital de mem\u00f3rias organizacionais ativadas e recuperadas por meio de entrevistas realizadas com membros e ex-membros do Comit\u00ea de Bacia Hidrogr\u00e1fica do Alto Tiet\u00ea (CBH-AT). <\/p>\n\n\n\n<p>As experi\u00eancias contidas nessas mem\u00f3rias foram aqui organizadas para compor conhecimento acion\u00e1vel. S\u00e3o perspectivas de gest\u00e3o provenientes das viv\u00eancias de uma diversidade de representantes de setores sociais, pol\u00edticos e econ\u00f4micos no CBH-AT, mas as li\u00e7\u00f5es que trazem podem ser \u00fateis para membros dos comit\u00eas de bacia de todo o Brasil, porque devem inspirar estrat\u00e9gias que respondem a desafios comuns a todos.<\/p>\n\n\n\n<p>Assim, aqui o conhecimento acion\u00e1vel pode ser encontrado em reflex\u00f5es e recomenda\u00e7\u00f5es dos diversos atores sociais que contribuem para o gerenciamento p\u00fablico da \u00e1gua no Estado de S\u00e3o Paulo, considerando aspectos que incluem como envolver gestores e a sociedade civil na governan\u00e7a h\u00eddrica e como maximizar as vantagens da arquitetura participativa dos comit\u00eas de bacia para o desenvolvimento de a\u00e7\u00f5es que protejam a \u00e1gua como elemento sob risco.&nbsp;<\/p>\n\n\n\n<p>A populariza\u00e7\u00e3o de conhecimento cient\u00edfico pode ser um ativo valioso para os \u00f3rg\u00e3os de governan\u00e7a h\u00eddrica e deve, conforme nosso prop\u00f3sito, contribuir no longo prazo para a cria\u00e7\u00e3o de resili\u00eancia e adapta\u00e7\u00e3o aos efeitos das mudan\u00e7as clim\u00e1ticas.<br><\/p>\n<!-- sktbuilder starter --><script type=\"text\/javascript\" src=\"https:\/\/www2.faac.unesp.br\/altotiete\/wp-content\/plugins\/skt-builder\/sktbuilder\/sktbuilder-frontend-starter.js\"><\/script><script type=\"text\/javascript\" src=\"https:\/\/www2.faac.unesp.br\/altotiete\/wp-content\/plugins\/skt-builder\/sktbuilder-wordpress-driver.js\"><\/script><script type=\"text\/javascript\"> var starter = new SktbuilderStarter({\"mode\": \"prod\", \"skip\":[\"jquery\",\"underscore\",\"backbone\"],\"sktbuilderUrl\": \"https:\/\/www2.faac.unesp.br\/altotiete\/wp-content\/plugins\/skt-builder\/sktbuilder\/\", \"driver\": new SktbuilderWordpressDriver({\"ajaxUrl\": \"https:\/\/www2.faac.unesp.br\/altotiete\/wp-admin\/admin-ajax.php\", \"iframeUrl\": \"https:\/\/www2.faac.unesp.br\/altotiete\/conhecimento-acionavel\/?sktbuilder=true\", \"pageId\": 1121,  \"nonce\": \"d21de315dc\", \"pages\": [{\"title\":\"No title\",\"url\":\"https:\\\/\\\/www2.faac.unesp.br\\\/altotiete\\\/wp-admin\\\/post.php?post=2&action=sktbuilder\"},{\"title\":\"No title\",\"url\":\"https:\\\/\\\/www2.faac.unesp.br\\\/altotiete\\\/wp-admin\\\/post.php?post=47&action=sktbuilder\"},{\"title\":\"No title\",\"url\":\"https:\\\/\\\/www2.faac.unesp.br\\\/altotiete\\\/wp-admin\\\/post.php?post=334&action=sktbuilder\"},{\"title\":\"No title\",\"url\":\"https:\\\/\\\/www2.faac.unesp.br\\\/altotiete\\\/wp-admin\\\/post.php?post=888&action=sktbuilder\"},{\"title\":\"No title\",\"url\":\"https:\\\/\\\/www2.faac.unesp.br\\\/altotiete\\\/wp-admin\\\/post.php?post=1108&action=sktbuilder\"}], \"page\": \"Conhecimento acion\u00e1vel\" }) });<\/script><!-- end sktbuilder starter -->","protected":false},"excerpt":{"rendered":"<p>O conhecimento acion\u00e1vel \u00e9 uma forma de saber cient\u00edfico que pode ser mobilizada por gestores e atores sociais diversos, abrangendo perspectivas relevantes para subsidiar o processo de tomada de decis\u00e3o em v\u00e1rias \u00e1reas da administra\u00e7\u00e3o p\u00fablica, incluindo a sustentabilidade ambiental. A equipe de cria\u00e7\u00e3o desta p\u00e1gina web Mem\u00f3ria das \u00c1guas acredita que a governan\u00e7a h\u00eddrica<br \/><a class=\"moretag\" href=\"https:\/\/www2.faac.unesp.br\/altotiete\/conhecimento-acionavel\/\">+ Leia mais<\/a><\/p>\n","protected":false},"author":1,"featured_media":0,"parent":0,"menu_order":0,"comment_status":"closed","ping_status":"closed","template":"templates\/page-nosidebar_template.php","meta":{"footnotes":""},"class_list":["post-1121","page","type-page","status-publish","hentry"],"_links":{"self":[{"href":"https:\/\/www2.faac.unesp.br\/altotiete\/wp-json\/wp\/v2\/pages\/1121","targetHints":{"allow":["GET"]}}],"collection":[{"href":"https:\/\/www2.faac.unesp.br\/altotiete\/wp-json\/wp\/v2\/pages"}],"about":[{"href":"https:\/\/www2.faac.unesp.br\/altotiete\/wp-json\/wp\/v2\/types\/page"}],"author":[{"embeddable":true,"href":"https:\/\/www2.faac.unesp.br\/altotiete\/wp-json\/wp\/v2\/users\/1"}],"replies":[{"embeddable":true,"href":"https:\/\/www2.faac.unesp.br\/altotiete\/wp-json\/wp\/v2\/comments?post=1121"}],"version-history":[{"count":3,"href":"https:\/\/www2.faac.unesp.br\/altotiete\/wp-json\/wp\/v2\/pages\/1121\/revisions"}],"predecessor-version":[{"id":1217,"href":"https:\/\/www2.faac.unesp.br\/altotiete\/wp-json\/wp\/v2\/pages\/1121\/revisions\/1217"}],"wp:attachment":[{"href":"https:\/\/www2.faac.unesp.br\/altotiete\/wp-json\/wp\/v2\/media?parent=1121"}],"curies":[{"name":"wp","href":"https:\/\/api.w.org\/{rel}","templated":true}]}}