{"id":1108,"date":"2020-04-28T11:45:08","date_gmt":"2020-04-28T14:45:08","guid":{"rendered":"https:\/\/www2.faac.unesp.br\/altotiete\/?page_id=1108"},"modified":"2020-10-20T23:10:11","modified_gmt":"2020-10-21T02:10:11","slug":"about","status":"publish","type":"page","link":"https:\/\/www2.faac.unesp.br\/altotiete\/about\/","title":{"rendered":""},"content":{"rendered":"<div id=\"skt-builder-image-slider-block-1197\" class=\"skt-builder-block-wrapper skt-builder-image-slider-block skt-builder-image-slider-block-1197\" style=\"background-color: #e5e5e5; background-image: url(https:\/\/www2.faac.unesp.br\/altotiete\/wp-content\/uploads\/2020\/04\/background-1-faixa-2.png); padding-bottom: 50px; padding-top: 0px; \">\r\n\t<div class=\"skt-builder-block-inner skt-builder-block-inner-1197\" style=\"\">\r\n\t\t<div class=\"skt-builder-container\">\r\n                <div class=\"skt-builder-block-description\"><p><br><\/p><\/div>\r\n\t\t\t<style>\r\n\t\t\t\t.skt-builder-carousel.owl-carousel-1197 .owl-nav{font-size: 40px; text-align: right;}\r\n\t\t\t\t.skt-builder-carousel.owl-carousel-1197 .owl-prev{color: #000000 !important; margin-right: 15px;}\r\n\t\t\t\t.skt-builder-carousel.owl-carousel-1197 .owl-next{color: #000000 !important;}\r\n\t\t\t\t.skt-builder-carousel.owl-carousel-1197 .owl-prev:hover, .skt-builder-carousel.owl-carousel-1197 .owl-next:hover{color: #A2A2A2 !important;}\r\n\t\t\t\t.skt-builder-carousel.owl-carousel-1197 .owl-dots{text-align: center;}\r\n\t\t\t\t.skt-builder-carousel.owl-carousel-1197 .owl-dots .owl-dot{background-color: #FFFFFF; border-color: #000000;}\r\n\t\t\t\t.skt-builder-carousel.owl-carousel-1197 .owl-dots .owl-dot.active{background-color: #000000; border-color: #000000;}\r\n\t\t\t<\/style>\r\n\t\t\t<div class=\"skt-builder-carousel skt-builder-carousel-bullets-style1 owl-carousel-builder owl-carousel-1197\" style=\"padding-top: 60px;\">\r\n\t\t\t<\/div>\r\n\t\t<\/div>\r\n\t<\/div>\r\n<\/div>\r\n\r\n<script>\r\njQuery(document).ready(function() {\r\n  jQuery('.owl-carousel-1197').owlCarousel({\r\n\tmargin: 0,\r\n\tautoplayTimeout: 3000,\r\n\tsmartSpeed: 500,\r\n\tloop: true,\r\n\tautoplay: true,\r\n\tautoplayHoverPause: true,\r\n\tnav: true,\r\n\tdots: true,\r\n\tnavText: ['<span class=\"fa fa-angle-left\"><\/span>','<span class=\"fa fa-angle-right\"><\/span>'],\r\n\tresponsiveClass: true,\r\n\tresponsive:{\r\n        0:{\r\n            items: 1,\r\n        },\r\n        600:{\r\n            items: 1,\r\n        },\r\n        1000:{\r\n            items: 1,\r\n        }\r\n    }\r\n  });\r\n});\r\n<\/script><div id=\"skt-builder-tabs-block-1014\" class=\"skt-builder-block-wrapper skt-builder-tabs-block skt-builder-tabs-block-1014\" style=\"background-color: #e5e5e5; background-image: url(); padding-bottom: 50px; padding-top: 10px; \">\r\n\t<div class=\"skt-builder-block-inner skt-builder-block-inner-1014\" style=\"\">\r\n\t\t<div class=\"skt-builder-container\">\r\n                <div class=\"skt-builder-block-description\"><p>Webpage produced under the research project <a href=\"https:\/\/bv.fapesp.br\/en\/auxilios\/101571\/communication-and-memory-in-water-governance-and-climate-change-adaptation\/\" target=\"_blank\" rel=\"noopener noreferrer\"><strong>Communication and memory in water governance and adaptation to climate change<\/strong><\/a>, supported by Fapesp - S\u00e3o Paulo State Research Foundation (Grant 2018\/02270-9).<\/p><p><br><\/p><p><span style=\"color: rgb(34, 34, 34);\">We seek to understand the dynamics of social, digital and communication processes that support stories, memories and narratives of adaptation to the potential effects of climate change that may have a particular role in generating resilience in communities and hydro-citizenship.&nbsp;<\/span><\/p><\/div>\r\n\t\t\t\r\n            <div class=\"skt-builder-tabs-container\">\r\n\t\t\t<style>\r\n\t\t\t.skt-builder-tabs-block-1014 .skt-builder-tabs{background-color: #cccccc;}\r\n\t\t\t.skt-builder-tabs-block-1014 .skt-builder-tabs li{color: #282828;}\r\n\t\t\t.skt-builder-tabs-block-1014 .skt-builder-tabs li.skt-builder-current-tab{background-color: #ededed; color: #282828;}\r\n\t\t\t.skt-builder-tabs-block-1014 .skt-builder-tab-content{background-color: #ededed; color: #282828;}\r\n\t\t\t<\/style>\r\n\t\t\t\r\n\t\t\t<ul class=\"skt-builder-tabs\">\r\n\t\t\t\t\t\t<li class=\"skt-builder-tab-link\" data-tab=\"skt-builder-tab-1077\">Goal<\/li>\r\n\t\t\t\t\t\t<li class=\"skt-builder-tab-link\" data-tab=\"skt-builder-tab-1016\">Researchers<\/li>\r\n\t\t\t\t\t\t<li class=\"skt-builder-tab-link\" data-tab=\"skt-builder-tab-1020\">Production<\/li>\r\n\t\t\t\t\t\t<li class=\"skt-builder-tab-link\" data-tab=\"skt-builder-tab-1023\">Acknowledgements<\/li>\r\n\t\t\t\t\t\t<li class=\"skt-builder-tab-link\" data-tab=\"skt-builder-tab-180\">Contact<\/li>\r\n\t\t\t\t\t\t<li class=\"skt-builder-tab-link\" data-tab=\"skt-builder-tab-181\">Videos<\/li>\r\n\t\t\t<\/ul>\r\n\t\t\t\r\n\t\t\t\t\t<div id=\"skt-builder-tab-1077\" class=\"skt-builder-tab-content\">\r\n\t\t\t\t\t  <p><span style=\"color: rgb(34, 34, 34);\">The main goal is to recognize and disseminate shared experiences of action in participatory water governance for the benefit of communities at environmental risk in order to transform the understanding of the potential effects of climate change by exploring the activation, preservation and circulation of memories and narratives through digital media. Empirical research was carried out within one of the main river basins supplying the city of S\u00e3o Paulo, around the respective committee: Alto Tiet\u00ea (CBH-AT). The main contribution was given through the creation of actionable knowledge capable of assisting decision-making and environmental governance, developed based on organizational memories of water management and water activism stories and memories, taking the form of contents in digital media on how personal and collective involvement with actions and policies aimed at mitigation and adaptation to climate change has been developing in the country. Actionable knowledge available on an innovative digital platform, built from a framework of 'information systems in society', can be an asset to institutions of water governance and practices of public communications and popularization of science.<\/span><\/p><p><br><\/p>\r\n\t\t\t\t\t<\/div>\r\n\t\t\t\t\t<div id=\"skt-builder-tab-1016\" class=\"skt-builder-tab-content\">\r\n\t\t\t\t\t  <ul><li><a href=\"http:\/\/lattes.cnpq.br\/1764187818137062\" target=\"_blank\" rel=\"noopener noreferrer\">Danilo Rothberg (Unesp) <\/a><\/li><li><a href=\"http:\/\/lattes.cnpq.br\/9980971361333147\" target=\"_blank\" rel=\"noopener noreferrer\">Ana Maria de Andrade Caldeira (Unesp)<\/a><\/li><li><a href=\"http:\/\/lattes.cnpq.br\/1291482506649810\" target=\"_blank\" rel=\"noopener noreferrer\">Ariadne Chloe Mary Furnival (UFSCar)<\/a><\/li><li><a href=\"http:\/\/lattes.cnpq.br\/0839314197501856\" target=\"_blank\" rel=\"noopener noreferrer\">Fernanda da Rocha Brando Fernandez (USP)<\/a><\/li><li><a href=\"http:\/\/lattes.cnpq.br\/3725098495803766\" target=\"_blank\" rel=\"noopener noreferrer\">Gilson Liberato Schwartz (USP)<\/a><\/li><li><a href=\"https:\/\/warwick.ac.uk\/fac\/arts\/scapvc\/ccmps\/staff\/garde-hansen\/\" target=\"_blank\" rel=\"noopener noreferrer\">Joanne Garde-Hansen (University of Warwick)<\/a><\/li><li><a href=\"https:\/\/warwick.ac.uk\/fac\/arts\/schoolforcross-facultystudies\/igsd\/about\/people\/jpdealbuquerque\" target=\"_blank\" rel=\"noopener noreferrer\">Jo\u00e3o Porto de Albuquerque (University of Warwick)<\/a><\/li><li><a href=\"http:\/\/lattes.cnpq.br\/8869018482093008\" target=\"_blank\" rel=\"noopener noreferrer\">Marcelo Coutinho Vargas (UFSCar)<\/a><\/li><li><a href=\"http:\/\/lattes.cnpq.br\/4762029784021248\" target=\"_blank\" rel=\"noopener noreferrer\">Maria Teresa Miceli Kerbauy (Unesp)<\/a><\/li><li><a href=\"http:\/\/lattes.cnpq.br\/5882842888759363\" target=\"_blank\" rel=\"noopener noreferrer\">Thales Haddad Novaes de Andrade (UFSCar)<\/a><\/li><\/ul><p><br><\/p>\r\n\t\t\t\t\t<\/div>\r\n\t\t\t\t\t<div id=\"skt-builder-tab-1020\" class=\"skt-builder-tab-content\">\r\n\t\t\t\t\t  <ul><li><strong>Production and script:<\/strong> La\u00eds Alves Prates<\/li><li><strong>Text and video editing:<\/strong> Bruna de Fran\u00e7a Tastelli, Fl\u00e1via Gomes Gasparini, Jo\u00e3o Pedro Voltarelli Passini e Rebeca de Souza Almeida<\/li><li><strong>Webpage setting and design:<\/strong> Danilo Rothberg, Fl\u00e1via Gomes Gasparini e Rebeca de Souza Almeida<\/li><li><strong>Coordination:<\/strong> Danilo Rothberg (Unesp \u2013 University of the State of S\u00e3o Paulo)<\/li><\/ul><p><br><\/p>\r\n\t\t\t\t\t<\/div>\r\n\t\t\t\t\t<div id=\"skt-builder-tab-1023\" class=\"skt-builder-tab-content\">\r\n\t\t\t\t\t  <p>Fapesp (S\u00e3o Paulo State Research Support Foundation)<\/p><p><em>The opinions, hypotheses and conclusions or recommendations expressed in this material are responsibility of the author (s) and do not necessarily reflect the vision of Fapesp. <\/em><\/p><p>Unesp (University of the State of S\u00e3o Paulo) - PROPE \/ COPE<\/p><p>CNPQ (National Council for Scientific and Technological Development)<\/p>\r\n\t\t\t\t\t<\/div>\r\n\t\t\t\t\t<div id=\"skt-builder-tab-180\" class=\"skt-builder-tab-content\">\r\n\t\t\t\t\t  <p>Professor Danilo Rothberg<\/p><p><br><\/p><p>Email: danilo.rothberg@unesp.br<\/p><p><br><\/p><p>Phone: +55 14 3103 6064 \/ +55 14 99631 6346<\/p><p><br><\/p><p>Address: Unesp - Universidade Estadual Paulista \/ S\u00e3o Paulo State University<\/p><p>Av. Luiz Edmundo Carrijo Coube, n. 14-01 - Vargem Limpa - Bauru \/ SP - 17033-360 BRAZIL<\/p>\r\n\t\t\t\t\t<\/div>\r\n\t\t\t\t\t<div id=\"skt-builder-tab-181\" class=\"skt-builder-tab-content\">\r\n\t\t\t\t\t  <p>We recorded interviews with 45 members and former members of the Upper Tiete River Basin Committee and produced 12 thematic videos. All of these are spoken in Brazilian Portuguese, but here you find two thematic videos with English subtitles.<\/p><p><br><\/p><p><br><\/p><iframe class=\"ql-video\" frameborder=\"0\" allowfullscreen=\"true\" src=\"https:\/\/www.youtube.com\/embed\/DTivcC52gkA?showinfo=0\"><\/iframe><p><strong style=\"color: rgba(0, 0, 0, 0.87);\">How the committee works<\/strong><\/p><p><br><\/p><p><strong style=\"color: rgba(0, 0, 0, 0.87);\">  <\/strong><\/p><p> <\/p><p><br><\/p><p><br><\/p><p><br><\/p><iframe class=\"ql-video\" frameborder=\"0\" allowfullscreen=\"true\" src=\"https:\/\/www.youtube.com\/embed\/-sh1fscIwTU?showinfo=0\"><\/iframe><p><strong style=\"color: rgba(0, 0, 0, 0.87);\">The committee and climate adaptation       <\/strong><\/p>\r\n\t\t\t\t\t<\/div>\r\n            <\/div>\r\n\t\t<\/div>\r\n\t<\/div>\r\n<\/div>\r\n<script>\r\njQuery(document).ready(function() {\r\n    jQuery('p').each(function() {\r\n        var $this = jQuery(this);\r\n        if($this.html().replace(\/s|&nbsp;\/g, '').length == 0) {\r\n            $this.remove();\r\n        }\r\n    });\r\n});\r\n\r\njQuery(document).ready(function() {\r\n    jQuery('p').each(function() {\r\n        var $this = jQuery(this);\r\n        if($this.html().replace(\/s|<br>\/g, '').length == 0) {\r\n            $this.remove();\r\n        }\r\n    });\r\n});\r\n\r\njQuery(document).ready(function(){\r\n\tjQuery(\"ul.skt-builder-tabs li:first-of-type\").addClass(\"skt-builder-current-tab\");\r\n\tjQuery(\".skt-builder-tabs-container .skt-builder-tab-content:first-of-type\").addClass(\"skt-builder-current-tab\");\r\n\t\t\r\n\tjQuery('.skt-builder-tabs-block-1014 .skt-builder-tabs li').click(function(){\r\n\t\tvar tab_id = jQuery(this).attr('data-tab');\r\n\r\n\t\tjQuery('.skt-builder-tabs-block-1014 .skt-builder-tabs li').removeClass('skt-builder-current-tab');\r\n\t\tjQuery('.skt-builder-tabs-block-1014 .skt-builder-tab-content').removeClass('skt-builder-current-tab');\r\n\r\n\t\tjQuery(this).addClass('skt-builder-current-tab');\r\n\t\tjQuery(\"#\"+tab_id).addClass('skt-builder-current-tab');\r\n\t});\r\n});\r\n<\/script><!-- sktbuilder starter --><script type=\"text\/javascript\" src=\"https:\/\/www2.faac.unesp.br\/altotiete\/wp-content\/plugins\/skt-builder\/sktbuilder\/sktbuilder-frontend-starter.js\"><\/script><script type=\"text\/javascript\" src=\"https:\/\/www2.faac.unesp.br\/altotiete\/wp-content\/plugins\/skt-builder\/sktbuilder-wordpress-driver.js\"><\/script><script type=\"text\/javascript\"> var starter = new SktbuilderStarter({\"mode\": \"prod\", \"skip\":[\"jquery\",\"underscore\",\"backbone\"],\"sktbuilderUrl\": \"https:\/\/www2.faac.unesp.br\/altotiete\/wp-content\/plugins\/skt-builder\/sktbuilder\/\", \"driver\": new SktbuilderWordpressDriver({\"ajaxUrl\": \"https:\/\/www2.faac.unesp.br\/altotiete\/wp-admin\/admin-ajax.php\", \"iframeUrl\": \"https:\/\/www2.faac.unesp.br\/altotiete\/about\/?sktbuilder=true\", \"pageId\": 1108,  \"nonce\": \"0b3de2450b\", \"pages\": [{\"title\":\"No title\",\"url\":\"https:\\\/\\\/www2.faac.unesp.br\\\/altotiete\\\/wp-admin\\\/post.php?post=2&action=sktbuilder\"},{\"title\":\"No title\",\"url\":\"https:\\\/\\\/www2.faac.unesp.br\\\/altotiete\\\/wp-admin\\\/post.php?post=47&action=sktbuilder\"},{\"title\":\"No title\",\"url\":\"https:\\\/\\\/www2.faac.unesp.br\\\/altotiete\\\/wp-admin\\\/post.php?post=334&action=sktbuilder\"},{\"title\":\"No title\",\"url\":\"https:\\\/\\\/www2.faac.unesp.br\\\/altotiete\\\/wp-admin\\\/post.php?post=888&action=sktbuilder\"}], \"page\": \"No title\" }) });<\/script><!-- end sktbuilder starter -->","protected":false},"excerpt":{"rendered":"<p>Webpage produced under the research project Communication and memory in water governance and adaptation to climate change, supported by Fapesp &#8211; S\u00e3o Paulo State Research Foundation (Grant 2018\/02270-9).We seek to understand the dynamics of social, digital and communication processes that support stories, memories and narratives of adaptation to the potential effects of climate change that<br \/><a class=\"moretag\" href=\"https:\/\/www2.faac.unesp.br\/altotiete\/about\/\">+ Leia mais<\/a><\/p>\n","protected":false},"author":1,"featured_media":0,"parent":0,"menu_order":0,"comment_status":"closed","ping_status":"closed","template":"templates\/page-nosidebar_template.php","meta":{"footnotes":""},"class_list":["post-1108","page","type-page","status-publish","hentry"],"_links":{"self":[{"href":"https:\/\/www2.faac.unesp.br\/altotiete\/wp-json\/wp\/v2\/pages\/1108","targetHints":{"allow":["GET"]}}],"collection":[{"href":"https:\/\/www2.faac.unesp.br\/altotiete\/wp-json\/wp\/v2\/pages"}],"about":[{"href":"https:\/\/www2.faac.unesp.br\/altotiete\/wp-json\/wp\/v2\/types\/page"}],"author":[{"embeddable":true,"href":"https:\/\/www2.faac.unesp.br\/altotiete\/wp-json\/wp\/v2\/users\/1"}],"replies":[{"embeddable":true,"href":"https:\/\/www2.faac.unesp.br\/altotiete\/wp-json\/wp\/v2\/comments?post=1108"}],"version-history":[{"count":16,"href":"https:\/\/www2.faac.unesp.br\/altotiete\/wp-json\/wp\/v2\/pages\/1108\/revisions"}],"predecessor-version":[{"id":1225,"href":"https:\/\/www2.faac.unesp.br\/altotiete\/wp-json\/wp\/v2\/pages\/1108\/revisions\/1225"}],"wp:attachment":[{"href":"https:\/\/www2.faac.unesp.br\/altotiete\/wp-json\/wp\/v2\/media?parent=1108"}],"curies":[{"name":"wp","href":"https:\/\/api.w.org\/{rel}","templated":true}]}}