{"id":1034,"date":"2020-04-15T10:28:55","date_gmt":"2020-04-15T13:28:55","guid":{"rendered":"https:\/\/www2.faac.unesp.br\/altotiete\/?page_id=1034"},"modified":"2020-07-02T14:28:33","modified_gmt":"2020-07-02T17:28:33","slug":"1034-2","status":"publish","type":"page","link":"https:\/\/www2.faac.unesp.br\/altotiete\/1034-2\/","title":{"rendered":""},"content":{"rendered":"\n<figure class=\"wp-block-embed-youtube aligncenter wp-block-embed is-type-video is-provider-youtube wp-embed-aspect-16-9 wp-has-aspect-ratio\"><div class=\"wp-block-embed__wrapper\">\n<iframe loading=\"lazy\" title=\"Comit\u00ea de Bacia Hidrogr\u00e1fica do Alto Tiet\u00ea: ci\u00eancia e governan\u00e7a\" width=\"500\" height=\"281\" src=\"https:\/\/www.youtube.com\/embed\/aF_LYqt_LWI?feature=oembed\" frameborder=\"0\" allow=\"accelerometer; autoplay; clipboard-write; encrypted-media; gyroscope; picture-in-picture; web-share\" referrerpolicy=\"strict-origin-when-cross-origin\" allowfullscreen><\/iframe>\n<\/div><\/figure>\n<!-- sktbuilder starter --><script type=\"text\/javascript\" src=\"https:\/\/www2.faac.unesp.br\/altotiete\/wp-content\/plugins\/skt-builder\/sktbuilder\/sktbuilder-frontend-starter.js\"><\/script><script type=\"text\/javascript\" src=\"https:\/\/www2.faac.unesp.br\/altotiete\/wp-content\/plugins\/skt-builder\/sktbuilder-wordpress-driver.js\"><\/script><script type=\"text\/javascript\"> var starter = new SktbuilderStarter({\"mode\": \"prod\", \"skip\":[\"jquery\",\"underscore\",\"backbone\"],\"sktbuilderUrl\": \"https:\/\/www2.faac.unesp.br\/altotiete\/wp-content\/plugins\/skt-builder\/sktbuilder\/\", \"driver\": new SktbuilderWordpressDriver({\"ajaxUrl\": \"https:\/\/www2.faac.unesp.br\/altotiete\/wp-admin\/admin-ajax.php\", \"iframeUrl\": \"https:\/\/www2.faac.unesp.br\/altotiete\/1034-2\/?sktbuilder=true\", \"pageId\": 1034,  \"nonce\": \"d21de315dc\", \"pages\": [{\"title\":\"No title\",\"url\":\"https:\\\/\\\/www2.faac.unesp.br\\\/altotiete\\\/wp-admin\\\/post.php?post=2&action=sktbuilder\"},{\"title\":\"No title\",\"url\":\"https:\\\/\\\/www2.faac.unesp.br\\\/altotiete\\\/wp-admin\\\/post.php?post=47&action=sktbuilder\"},{\"title\":\"No title\",\"url\":\"https:\\\/\\\/www2.faac.unesp.br\\\/altotiete\\\/wp-admin\\\/post.php?post=334&action=sktbuilder\"},{\"title\":\"No title\",\"url\":\"https:\\\/\\\/www2.faac.unesp.br\\\/altotiete\\\/wp-admin\\\/post.php?post=888&action=sktbuilder\"},{\"title\":\"No title\",\"url\":\"https:\\\/\\\/www2.faac.unesp.br\\\/altotiete\\\/wp-admin\\\/post.php?post=1108&action=sktbuilder\"}], \"page\": \"No title\" }) });<\/script><!-- end sktbuilder starter -->","protected":false},"excerpt":{"rendered":"","protected":false},"author":1,"featured_media":0,"parent":0,"menu_order":0,"comment_status":"closed","ping_status":"closed","template":"templates\/page-nosidebar_template.php","meta":{"footnotes":""},"class_list":["post-1034","page","type-page","status-publish","hentry"],"_links":{"self":[{"href":"https:\/\/www2.faac.unesp.br\/altotiete\/wp-json\/wp\/v2\/pages\/1034","targetHints":{"allow":["GET"]}}],"collection":[{"href":"https:\/\/www2.faac.unesp.br\/altotiete\/wp-json\/wp\/v2\/pages"}],"about":[{"href":"https:\/\/www2.faac.unesp.br\/altotiete\/wp-json\/wp\/v2\/types\/page"}],"author":[{"embeddable":true,"href":"https:\/\/www2.faac.unesp.br\/altotiete\/wp-json\/wp\/v2\/users\/1"}],"replies":[{"embeddable":true,"href":"https:\/\/www2.faac.unesp.br\/altotiete\/wp-json\/wp\/v2\/comments?post=1034"}],"version-history":[{"count":3,"href":"https:\/\/www2.faac.unesp.br\/altotiete\/wp-json\/wp\/v2\/pages\/1034\/revisions"}],"predecessor-version":[{"id":1194,"href":"https:\/\/www2.faac.unesp.br\/altotiete\/wp-json\/wp\/v2\/pages\/1034\/revisions\/1194"}],"wp:attachment":[{"href":"https:\/\/www2.faac.unesp.br\/altotiete\/wp-json\/wp\/v2\/media?parent=1034"}],"curies":[{"name":"wp","href":"https:\/\/api.w.org\/{rel}","templated":true}]}}